{"id":3318,"date":"2026-03-02T11:46:30","date_gmt":"2026-03-02T10:46:30","guid":{"rendered":"https:\/\/ronvig.com\/terms\/"},"modified":"2026-03-02T11:47:07","modified_gmt":"2026-03-02T10:47:07","slug":"terms","status":"publish","type":"page","link":"https:\/\/ronvig.com\/de\/terms\/","title":{"rendered":"Allgemeine Gesch\u00e4ftsbedinungen"},"content":{"rendered":"\t\t<div data-elementor-type=\"wp-page\" data-elementor-id=\"3318\" class=\"elementor elementor-3318 elementor-90\" data-elementor-post-type=\"page\">\n\t\t\t\t\t\t<section class=\"elementor-section elementor-top-section elementor-element elementor-element-13ab544 elementor-section-boxed elementor-section-height-default elementor-section-height-default\" data-id=\"13ab544\" data-element_type=\"section\" data-e-type=\"section\" data-settings=\"{&quot;jet_parallax_layout_list&quot;:[{&quot;jet_parallax_layout_image&quot;:{&quot;url&quot;:&quot;&quot;,&quot;id&quot;:&quot;&quot;,&quot;size&quot;:&quot;&quot;},&quot;_id&quot;:&quot;317f760&quot;,&quot;jet_parallax_layout_image_tablet&quot;:{&quot;url&quot;:&quot;&quot;,&quot;id&quot;:&quot;&quot;,&quot;size&quot;:&quot;&quot;},&quot;jet_parallax_layout_image_mobile&quot;:{&quot;url&quot;:&quot;&quot;,&quot;id&quot;:&quot;&quot;,&quot;size&quot;:&quot;&quot;},&quot;jet_parallax_layout_speed&quot;:{&quot;unit&quot;:&quot;%&quot;,&quot;size&quot;:50,&quot;sizes&quot;:[]},&quot;jet_parallax_layout_type&quot;:&quot;scroll&quot;,&quot;jet_parallax_layout_direction&quot;:&quot;1&quot;,&quot;jet_parallax_layout_fx_direction&quot;:null,&quot;jet_parallax_layout_z_index&quot;:&quot;&quot;,&quot;jet_parallax_layout_bg_x&quot;:50,&quot;jet_parallax_layout_bg_x_tablet&quot;:&quot;&quot;,&quot;jet_parallax_layout_bg_x_mobile&quot;:&quot;&quot;,&quot;jet_parallax_layout_bg_y&quot;:50,&quot;jet_parallax_layout_bg_y_tablet&quot;:&quot;&quot;,&quot;jet_parallax_layout_bg_y_mobile&quot;:&quot;&quot;,&quot;jet_parallax_layout_bg_size&quot;:&quot;auto&quot;,&quot;jet_parallax_layout_bg_size_tablet&quot;:&quot;&quot;,&quot;jet_parallax_layout_bg_size_mobile&quot;:&quot;&quot;,&quot;jet_parallax_layout_animation_prop&quot;:&quot;transform&quot;,&quot;jet_parallax_layout_on&quot;:[&quot;desktop&quot;,&quot;tablet&quot;]}]}\">\n\t\t\t\t\t\t<div class=\"elementor-container elementor-column-gap-default\">\n\t\t\t\t\t<div class=\"elementor-column elementor-col-100 elementor-top-column elementor-element elementor-element-01b99a4\" data-id=\"01b99a4\" data-element_type=\"column\" data-e-type=\"column\">\n\t\t\t<div class=\"elementor-widget-wrap elementor-element-populated\">\n\t\t\t\t\t\t<div class=\"elementor-element elementor-element-c18caa7 elementor-widget elementor-widget-global elementor-global-3255 elementor-global-716 elementor-widget-breadcrumbs\" data-id=\"c18caa7\" data-element_type=\"widget\" data-e-type=\"widget\" data-widget_type=\"breadcrumbs.default\">\n\t\t\t\t<div class=\"elementor-widget-container\">\n\t\t\t\t\t<p id=\"breadcrumbs\"><span><span><a href=\"https:\/\/ronvig.com\/de\/\">Start<\/a><\/span><\/span><\/p>\t\t\t\t<\/div>\n\t\t\t\t<\/div>\n\t\t\t\t<div class=\"elementor-element elementor-element-6d640f4 elementor-widget elementor-widget-heading\" data-id=\"6d640f4\" data-element_type=\"widget\" data-e-type=\"widget\" data-widget_type=\"heading.default\">\n\t\t\t\t<div class=\"elementor-widget-container\">\n\t\t\t\t\t<h1 class=\"elementor-heading-title elementor-size-default\">Verkaufs- und Lieferbedingungen<\/h1>\t\t\t\t<\/div>\n\t\t\t\t<\/div>\n\t\t\t\t<div class=\"elementor-element elementor-element-218ddeb elementor-widget elementor-widget-text-editor\" data-id=\"218ddeb\" data-element_type=\"widget\" data-e-type=\"widget\" data-widget_type=\"text-editor.default\">\n\t\t\t\t<div class=\"elementor-widget-container\">\n\t\t\t\t\t\t\t\t\t<p><strong>1. Geltungsbereich<br \/>\n<\/strong>Durch die Annahme dieser Verkaufs- und Lieferbedingungen best\u00e4tigt der K\u00e4ufer, dass er ein Zahnarzt ist, der berechtigt ist, Dentalprodukte f\u00fcr den professionellen Gebrauch zu kaufen. R\u00d8NVIG Dental Mfg. A\/S (im Folgenden auch als der Verk\u00e4ufer bezeichnet) f\u00fchrt keine Gesch\u00e4fte mit privaten Verbrauchern.<\/p>\n<p><strong>2. G\u00fcltigkeit<br \/>\n<\/strong>Diese Verkaufs- und Lieferbedingungen gelten f\u00fcr alle Verk\u00e4ufe und Lieferungen, sofern nicht schriftlich etwas anderes vereinbart wurde.<\/p>\n<p><strong>3. Preise<\/strong><br \/><strong>3.1<\/strong> Wenn der Verk\u00e4ufer ein Angebot ohne Angabe einer bestimmten Annahmefrist macht, verf\u00e4llt das Angebot, wenn die Annahme nicht innerhalb von 4 Wochen ab Angebotsdatum beim Verk\u00e4ufer eingeht.<\/p>\n<p><strong>3.2<\/strong> Alle Preise im R\u00d8NVIG Dental Webshop sind in EUR inklusive 25% d\u00e4nischer Mehrwertsteuer angegeben. Da private Zahnarztpraxen in der Europ\u00e4ischen Union verpflichtet sind, d\u00e4nische Mehrwertsteuer f\u00fcr Waren zu zahlen, die aus D\u00e4nemark versendet werden, zeigt die Auftragsbest\u00e4tigung und Rechnung den Nettobetrag ohne Mehrwertsteuer und einen Gesamtbruttobetrag inklusive Mehrwertsteuer an. Der K\u00e4ufer ist verpflichtet, unvorhergesehene Preis\u00e4nderungen aufgrund dokumentierter erh\u00f6hter Kosten f\u00fcr den Verk\u00e4ufer, bedingt durch Wechselkurs\u00e4nderungen, Z\u00f6lle, Steuern, Geb\u00fchren usw., die vor dem vereinbarten Lieferdatum auftreten k\u00f6nnen, zu akzeptieren.<\/p>\n<p><strong>3.3<\/strong> Der Verk\u00e4ufer sendet dem K\u00e4ufer eine Auftragsbest\u00e4tigung, bevor die Waren versandt werden.<\/p>\n<p><strong>4. Versand<\/strong><br \/>Eine feste Versandgeb\u00fchr wird dem K\u00e4ufer in Rechnung gestellt.<\/p>\n<p>Die Waren werden vom Verk\u00e4ufer in einer nachverfolgbaren Sendung gem\u00e4\u00df den Incoterms FCA Frei Frachtf\u00fchrer Bedingungen geliefert. Der K\u00e4ufer \u00fcbernimmt die Verantwortung f\u00fcr die Lieferung ab dem Zollhafen bis zu seiner angegebenen Lieferadresse.<\/p>\n<p><strong>5. Zahlung<\/strong><br \/><strong>5.1<\/strong> Die Zahlung ist mit Kreditkarte erforderlich. Wir akzeptieren VISA und Mastercard. Die Kreditkartenzahlungstransaktion erfolgt am Versanddatum, das auf der Rechnung zu finden ist.<\/p>\n<p><strong>5.2<\/strong> Der K\u00e4ufer ist nicht berechtigt, Gegenforderungen gegen den Verk\u00e4ufer, die vom Verk\u00e4ufer nicht schriftlich anerkannt wurden, aufzurechnen, noch hat er das Recht, einen Teil des Kaufpreises aufgrund von Gegenforderungen jeglicher Art zur\u00fcckzuhalten.<\/p>\n<p><strong>5.3<\/strong> Online-Zahlung: Wir akzeptieren VISA und Mastercard. Der Betrag wird erst bei Versand der Ware belastet.<\/p>\n<p><strong>6. Eigentumsvorbehalt<\/strong><br \/><strong>6.1<\/strong> Der Verk\u00e4ufer beh\u00e4lt sich das Eigentum an den verkauften Waren, mit den durch zwingende gesetzliche Vorschriften auferlegten Einschr\u00e4nkungen, bis zur vollst\u00e4ndigen Zahlung des Kaufpreises einschlie\u00dflich aufgelaufener Kosten vor.<\/p>\n<p><strong>6.2<\/strong> Wenn Waren (z.B. ein Zubeh\u00f6rteil) mit der Absicht verkauft werden, sp\u00e4ter an andere Waren (z.B. ein Dentalger\u00e4t) angebaut oder kombiniert zu werden, unterliegen die verkauften Waren nach der Einbindung oder Kombination nicht mehr dem Eigentumsvorbehalt.<\/p>\n<p><strong>7. Lieferung<\/strong><br \/><strong>7.1<\/strong> Die Lieferung erfolgt ab der Adresse des Verk\u00e4ufers, unabh\u00e4ngig davon, ob der Verk\u00e4ufer eigenes Personal oder eine dritte Partei durch separate Vereinbarung mit dem K\u00e4ufer verwendet, um die verkauften Waren an den K\u00e4ufer zu liefern.<\/p>\n<p><strong>7.2<\/strong> Das in der Auftragsbest\u00e4tigung des Verk\u00e4ufers angegebene Lieferdatum ist nach bestem Ermessen des Verk\u00e4ufers auf der Grundlage der zum Zeitpunkt der Vereinbarung bestehenden Bedingungen festgelegt. Sofern nicht ausdr\u00fccklich anders vereinbart, gilt eine Verz\u00f6gerung der Lieferzeit um bis zu 14 Tage aufgrund von Umst\u00e4nden des Verk\u00e4ufers als rechtzeitige Lieferung, und der K\u00e4ufer kann keine Rechte gegen den Verk\u00e4ufer aufgrund dieser Verz\u00f6gerung aus\u00fcben.<\/p>\n<p><strong>7.3<\/strong> Wenn die Lieferung aufgrund der in Abschnitt 9.3 genannten Umst\u00e4nde verz\u00f6gert wird, wird die Lieferzeit um die Dauer des Hindernisses verl\u00e4ngert, aber beide Parteien sind berechtigt, die Vereinbarung ohne Haftung zu k\u00fcndigen, wenn das Hindernis l\u00e4nger als 3 Monate dauert. Diese Bestimmung gilt unabh\u00e4ngig davon, ob die Ursache der Verz\u00f6gerung vor oder nach dem vereinbarten Lieferdatum auftritt. Der Verk\u00e4ufer muss den K\u00e4ufer in solchen F\u00e4llen unverz\u00fcglich \u00fcber \u00c4nderungen des Lieferdatums informieren.<\/p>\n<p><strong>8. M\u00e4ngel und Reklamationen<\/strong><br \/><strong>8.1<\/strong> Bei Lieferung muss der K\u00e4ufer die verkauften Waren unverz\u00fcglich gem\u00e4\u00df ordnungsgem\u00e4\u00dfer Gesch\u00e4ftspraxis untersuchen. Alle Waren, die mit Sch\u00e4den\/Vermutungen von Transportsch\u00e4den geliefert werden, m\u00fcssen innerhalb von 10 Arbeitstagen gemeldet (reklamiert) werden.<\/p>\n<p><strong>8.2<\/strong> Wenn der K\u00e4ufer eine Garantieanspruch geltend machen m\u00f6chte, muss er den Verk\u00e4ufer so bald wie m\u00f6glich schriftlich benachrichtigen. Der K\u00e4ufer muss die Art des Mangels in der Reklamation\/Korrespondenz angeben.<\/p>\n<p><strong>8.3<\/strong> Der Verk\u00e4ufer ist das einzige autorisierte Service-Reparaturzentrum. Der Verk\u00e4ufer hat nach eigenem Ermessen die M\u00f6glichkeit, die verkaufte Ware f\u00fcr genehmigte Garantiearbeiten und\/oder Service-Reparaturen zu reparieren oder zu ersetzen.<\/p>\n<p><strong>8.4<\/strong> Wenn die Nachbesserung oder der Ersatz gem\u00e4\u00df Abschnitt 8.3 nicht innerhalb eines angemessenen Zeitraums erfolgt, ist der K\u00e4ufer berechtigt, die Vereinbarung zu k\u00fcndigen, eine Preisminderung zu verlangen oder Schadensersatz zu fordern, gem\u00e4\u00df d\u00e4nischem Recht und diesen Verkaufs- und Lieferbedingungen.<\/p>\n<p><strong>8.5<\/strong> \u00c4nderungen des K\u00e4ufers an den Ger\u00e4ten f\u00fchren zum Erl\u00f6schen der Produktgarantie und entbinden den Verk\u00e4ufer von jeglicher Verpflichtung.<\/p>\n<p><strong>9. Haftungsbeschr\u00e4nkung<\/strong><br \/><strong>9.1<\/strong> Ein Schadensersatzanspruch gegen den Verk\u00e4ufer darf den Rechnungsbetrag f\u00fcr den verkauften Artikel nicht \u00fcbersteigen.<\/p>\n<p><strong>9.2<\/strong> Der Verk\u00e4ufer haftet nicht f\u00fcr Betriebsverluste, entgangenen Gewinn oder andere indirekte Verluste im Zusammenhang mit dieser Vereinbarung, einschlie\u00dflich indirekter Verluste durch Verz\u00f6gerungen oder M\u00e4ngel der verkauften Waren.<\/p>\n<p><strong>9.3<\/strong> Keine der Parteien haftet f\u00fcr die Nichterf\u00fcllung oder Verz\u00f6gerung der Erf\u00fcllung von Verpflichtungen aus diesem Vertrag, und keine der Parteien wird als Versto\u00df gegen ihre Verpflichtungen angesehen, wenn eine solche Nichterf\u00fcllung oder Verz\u00f6gerung auf Naturkatastrophen oder andere Ursachen (wie Unruhen, Arbeitskonflikte usw.) zur\u00fcckzuf\u00fchren ist, die au\u00dferhalb der zumutbaren Kontrolle der Parteien liegen.<\/p>\n<p><strong>9.4<\/strong> Der Verk\u00e4ufer muss den K\u00e4ufer unverz\u00fcglich schriftlich informieren, wenn Umst\u00e4nde gem\u00e4\u00df Abschnitt 9.3 eintreten.<\/p>\n<p><strong>10. R\u00fccksendungen<\/strong><br \/><strong>10.1<\/strong> Im Allgemeinen k\u00f6nnen gelieferte Waren nicht zur\u00fcckgegeben werden, da die Transaktion zwischen zwei Unternehmen erfolgt und medizinische Ger\u00e4te f\u00fcr den professionellen Gebrauch betrifft. R\u00fccksendungen d\u00fcrfen nur nach vorheriger schriftlicher Vereinbarung mit dem Verk\u00e4ufer und auf Kosten und Risiko des K\u00e4ufers erfolgen. Wenn der Verk\u00e4ufer die R\u00fccksendung der Waren akzeptiert, erfolgt dies unter der Bedingung, dass das Produkt nicht an Patienten verwendet wurde und unbesch\u00e4digt in der Originalverpackung zur\u00fcckgegeben wird. Der Verk\u00e4ufer beh\u00e4lt sich das Recht vor, eine R\u00fccknahmegeb\u00fchr zu erheben.<\/p>\n<p><strong>10.2<\/strong> Sonderbestellungen k\u00f6nnen nicht an den Verk\u00e4ufer zur\u00fcckgesandt werden.<\/p>\n<p><strong>10.3<\/strong> Artikel m\u00fcssen vor der R\u00fccksendung an den Verk\u00e4ufer gereinigt\/sterilisiert und in der Originalverpackung verpackt werden. Das Paket muss auf Kosten und Risiko des K\u00e4ufers als nachverfolgbare Sendung verschickt werden. Der Verk\u00e4ufer \u00fcbernimmt die Kosten f\u00fcr den R\u00fcckversand an den K\u00e4ufer nach Abschluss der Reparaturarbeiten im Rahmen der Garantiebedingungen.<\/p>\n<p><strong>11. Garantie auf Service- und Reparaturarbeiten<\/strong><br \/><strong>11.1<\/strong> F\u00fcr ersetzte Ersatzteile sowie die durchgef\u00fchrten Servicearbeiten wird eine Garantiezeit von zw\u00f6lf (12) Monaten ab Rechnungsdatum gew\u00e4hrt.<br \/>Die Garantie umfasst ausschlie\u00dflich M\u00e4ngel, die unmittelbar auf die durchgef\u00fchrte Reparatur oder die ersetzten Komponenten zur\u00fcckzuf\u00fchren sind.<\/p>\n<p><span style=\"text-decoration: underline;\">Von der Garantie ausgeschlossen sind:<\/span><br \/>&#8211; Normaler Verschlei\u00df<br \/>&#8211; Verbrauchs- und Verschlei\u00dfteile<br \/>&#8211; M\u00e4ngel infolge unsachgem\u00e4\u00dfer Verwendung, fehlerhafter Handhabung, unzureichender Wartung oder unbefugter Eingriffe<br \/>&#8211; Sch\u00e4den, die durch \u00e4u\u00dfere Einfl\u00fcsse verursacht wurden.<\/p>\n<p>Die Garantie erlischt, wenn das Ger\u00e4t nach der durchgef\u00fchrten Reparatur von nicht autorisiertem Personal ge\u00f6ffnet oder gewartet wurde.<\/p>\n<p><strong>12. Produkthaftung<\/strong><br \/>Die Produkthaftung wird durch die geltenden Vorschriften des d\u00e4nischen Rechts geregelt. Soweit zwingende gesetzliche Vorschriften nichts anderes bestimmen, haftet der Verk\u00e4ufer nicht f\u00fcr Betriebsverluste, entgangenen Gewinn oder andere indirekte Verluste.<\/p>\n<p><strong>13. \u00dcbertragung von Rechten und Pflichten<\/strong><br \/>Der Verk\u00e4ufer ist berechtigt, alle Rechte und Pflichten aus dieser Vereinbarung an Dritte zu \u00fcbertragen.<\/p>\n<p><strong>14. Streitigkeiten<\/strong><br \/>Jede Meinungsverschiedenheit zwischen den Parteien wird nach d\u00e4nischem Recht beigelegt. Der Streit muss zun\u00e4chst vor den d\u00e4nischen Gerichten beigelegt werden.<\/p>\n\t\t\t\t\t\t\t\t<\/div>\n\t\t\t\t<\/div>\n\t\t\t\t\t<\/div>\n\t\t<\/div>\n\t\t\t\t\t<\/div>\n\t\t<\/section>\n\t\t\t\t<\/div>\n\t\t","protected":false},"excerpt":{"rendered":"<p>Verkaufs- und Lieferbedingungen 1. Geltungsbereich Durch die Annahme dieser Verkaufs- und Lieferbedingungen best\u00e4tigt der K\u00e4ufer, dass er ein Zahnarzt ist, der berechtigt ist, Dentalprodukte f\u00fcr den professionellen Gebrauch zu kaufen. R\u00d8NVIG Dental Mfg. A\/S (im Folgenden auch als der Verk\u00e4ufer bezeichnet) f\u00fchrt keine Gesch\u00e4fte mit privaten Verbrauchern. 2. G\u00fcltigkeit Diese Verkaufs- und Lieferbedingungen gelten f\u00fcr [&hellip;]<\/p>\n","protected":false},"author":3,"featured_media":0,"parent":0,"menu_order":0,"comment_status":"closed","ping_status":"closed","template":"","meta":{"_acf_changed":false,"footnotes":""},"class_list":["post-3318","page","type-page","status-publish","hentry"],"acf":[],"yoast_head":"<!-- This site is optimized with the Yoast SEO plugin v27.2 - https:\/\/yoast.com\/product\/yoast-seo-wordpress\/ -->\n<title>Allgemeine Gesch\u00e4ftsbedinungen - R\u00d8NVIG Dental Mfg. A\/S<\/title>\n<meta name=\"robots\" content=\"index, follow, max-snippet:-1, max-image-preview:large, max-video-preview:-1\" \/>\n<link rel=\"canonical\" href=\"https:\/\/ronvig.com\/handelsbetingelser\/\" \/>\n<meta property=\"og:locale\" content=\"de_DE\" \/>\n<meta property=\"og:type\" content=\"article\" \/>\n<meta property=\"og:title\" content=\"Allgemeine Gesch\u00e4ftsbedinungen - R\u00d8NVIG Dental Mfg. A\/S\" \/>\n<meta property=\"og:description\" content=\"Verkaufs- und Lieferbedingungen 1. Geltungsbereich Durch die Annahme dieser Verkaufs- und Lieferbedingungen best\u00e4tigt der K\u00e4ufer, dass er ein Zahnarzt ist, der berechtigt ist, Dentalprodukte f\u00fcr den professionellen Gebrauch zu kaufen. R\u00d8NVIG Dental Mfg. A\/S (im Folgenden auch als der Verk\u00e4ufer bezeichnet) f\u00fchrt keine Gesch\u00e4fte mit privaten Verbrauchern. 2. G\u00fcltigkeit Diese Verkaufs- und Lieferbedingungen gelten f\u00fcr [&hellip;]\" \/>\n<meta property=\"og:url\" content=\"https:\/\/ronvig.com\/handelsbetingelser\/\" \/>\n<meta property=\"og:site_name\" content=\"R\u00d8NVIG Dental Mfg. A\/S\" \/>\n<meta property=\"article:modified_time\" content=\"2026-03-02T10:47:07+00:00\" \/>\n<meta name=\"twitter:card\" content=\"summary_large_image\" \/>\n<meta name=\"twitter:label1\" content=\"Gesch\u00e4tzte Lesezeit\" \/>\n\t<meta name=\"twitter:data1\" content=\"6\u00a0Minuten\" \/>\n<script type=\"application\/ld+json\" class=\"yoast-schema-graph\">{\"@context\":\"https:\/\/schema.org\",\"@graph\":[{\"@type\":\"WebPage\",\"@id\":\"https:\/\/ronvig.com\/handelsbetingelser\/\",\"url\":\"https:\/\/ronvig.com\/handelsbetingelser\/\",\"name\":\"Allgemeine Gesch\u00e4ftsbedinungen - R\u00d8NVIG Dental Mfg. A\/S\",\"isPartOf\":{\"@id\":\"https:\/\/ronvig.com\/#website\"},\"datePublished\":\"2026-03-02T10:46:30+00:00\",\"dateModified\":\"2026-03-02T10:47:07+00:00\",\"breadcrumb\":{\"@id\":\"https:\/\/ronvig.com\/handelsbetingelser\/#breadcrumb\"},\"inLanguage\":\"de\",\"potentialAction\":[{\"@type\":\"ReadAction\",\"target\":[\"https:\/\/ronvig.com\/handelsbetingelser\/\"]}]},{\"@type\":\"BreadcrumbList\",\"@id\":\"https:\/\/ronvig.com\/handelsbetingelser\/#breadcrumb\",\"itemListElement\":[{\"@type\":\"ListItem\",\"position\":1,\"name\":\"Start\",\"item\":\"https:\/\/ronvig.com\/de\/\"},{\"@type\":\"ListItem\",\"position\":2,\"name\":\"Allgemeine Gesch\u00e4ftsbedinungen\"}]},{\"@type\":\"WebSite\",\"@id\":\"https:\/\/ronvig.com\/#website\",\"url\":\"https:\/\/ronvig.com\/\",\"name\":\"R\u00d8NVIG Dental Mfg. A\/S\",\"description\":\"Tandl\u00e6geudstyr\",\"publisher\":{\"@id\":\"https:\/\/ronvig.com\/#organization\"},\"potentialAction\":[{\"@type\":\"SearchAction\",\"target\":{\"@type\":\"EntryPoint\",\"urlTemplate\":\"https:\/\/ronvig.com\/?s={search_term_string}\"},\"query-input\":{\"@type\":\"PropertyValueSpecification\",\"valueRequired\":true,\"valueName\":\"search_term_string\"}}],\"inLanguage\":\"de\"},{\"@type\":\"Organization\",\"@id\":\"https:\/\/ronvig.com\/#organization\",\"name\":\"R\u00d8NVIG Dental Mfg. A\/S\",\"url\":\"https:\/\/ronvig.com\/\",\"logo\":{\"@type\":\"ImageObject\",\"inLanguage\":\"de\",\"@id\":\"https:\/\/ronvig.com\/#\/schema\/logo\/image\/\",\"url\":\"https:\/\/ronvig.com\/wp-content\/uploads\/2020\/12\/logo.svg\",\"contentUrl\":\"https:\/\/ronvig.com\/wp-content\/uploads\/2020\/12\/logo.svg\",\"width\":187.118,\"height\":30.03,\"caption\":\"R\u00d8NVIG Dental Mfg. A\/S\"},\"image\":{\"@id\":\"https:\/\/ronvig.com\/#\/schema\/logo\/image\/\"}}]}<\/script>\n<!-- \/ Yoast SEO plugin. -->","yoast_head_json":{"title":"Allgemeine Gesch\u00e4ftsbedinungen - R\u00d8NVIG Dental Mfg. A\/S","robots":{"index":"index","follow":"follow","max-snippet":"max-snippet:-1","max-image-preview":"max-image-preview:large","max-video-preview":"max-video-preview:-1"},"canonical":"https:\/\/ronvig.com\/handelsbetingelser\/","og_locale":"de_DE","og_type":"article","og_title":"Allgemeine Gesch\u00e4ftsbedinungen - R\u00d8NVIG Dental Mfg. A\/S","og_description":"Verkaufs- und Lieferbedingungen 1. Geltungsbereich Durch die Annahme dieser Verkaufs- und Lieferbedingungen best\u00e4tigt der K\u00e4ufer, dass er ein Zahnarzt ist, der berechtigt ist, Dentalprodukte f\u00fcr den professionellen Gebrauch zu kaufen. R\u00d8NVIG Dental Mfg. A\/S (im Folgenden auch als der Verk\u00e4ufer bezeichnet) f\u00fchrt keine Gesch\u00e4fte mit privaten Verbrauchern. 2. G\u00fcltigkeit Diese Verkaufs- und Lieferbedingungen gelten f\u00fcr [&hellip;]","og_url":"https:\/\/ronvig.com\/handelsbetingelser\/","og_site_name":"R\u00d8NVIG Dental Mfg. A\/S","article_modified_time":"2026-03-02T10:47:07+00:00","twitter_card":"summary_large_image","twitter_misc":{"Gesch\u00e4tzte Lesezeit":"6\u00a0Minuten"},"schema":{"@context":"https:\/\/schema.org","@graph":[{"@type":"WebPage","@id":"https:\/\/ronvig.com\/handelsbetingelser\/","url":"https:\/\/ronvig.com\/handelsbetingelser\/","name":"Allgemeine Gesch\u00e4ftsbedinungen - R\u00d8NVIG Dental Mfg. A\/S","isPartOf":{"@id":"https:\/\/ronvig.com\/#website"},"datePublished":"2026-03-02T10:46:30+00:00","dateModified":"2026-03-02T10:47:07+00:00","breadcrumb":{"@id":"https:\/\/ronvig.com\/handelsbetingelser\/#breadcrumb"},"inLanguage":"de","potentialAction":[{"@type":"ReadAction","target":["https:\/\/ronvig.com\/handelsbetingelser\/"]}]},{"@type":"BreadcrumbList","@id":"https:\/\/ronvig.com\/handelsbetingelser\/#breadcrumb","itemListElement":[{"@type":"ListItem","position":1,"name":"Start","item":"https:\/\/ronvig.com\/de\/"},{"@type":"ListItem","position":2,"name":"Allgemeine Gesch\u00e4ftsbedinungen"}]},{"@type":"WebSite","@id":"https:\/\/ronvig.com\/#website","url":"https:\/\/ronvig.com\/","name":"R\u00d8NVIG Dental Mfg. A\/S","description":"Tandl\u00e6geudstyr","publisher":{"@id":"https:\/\/ronvig.com\/#organization"},"potentialAction":[{"@type":"SearchAction","target":{"@type":"EntryPoint","urlTemplate":"https:\/\/ronvig.com\/?s={search_term_string}"},"query-input":{"@type":"PropertyValueSpecification","valueRequired":true,"valueName":"search_term_string"}}],"inLanguage":"de"},{"@type":"Organization","@id":"https:\/\/ronvig.com\/#organization","name":"R\u00d8NVIG Dental Mfg. A\/S","url":"https:\/\/ronvig.com\/","logo":{"@type":"ImageObject","inLanguage":"de","@id":"https:\/\/ronvig.com\/#\/schema\/logo\/image\/","url":"https:\/\/ronvig.com\/wp-content\/uploads\/2020\/12\/logo.svg","contentUrl":"https:\/\/ronvig.com\/wp-content\/uploads\/2020\/12\/logo.svg","width":187.118,"height":30.03,"caption":"R\u00d8NVIG Dental Mfg. A\/S"},"image":{"@id":"https:\/\/ronvig.com\/#\/schema\/logo\/image\/"}}]}},"_links":{"self":[{"href":"https:\/\/ronvig.com\/de\/wp-json\/wp\/v2\/pages\/3318","targetHints":{"allow":["GET"]}}],"collection":[{"href":"https:\/\/ronvig.com\/de\/wp-json\/wp\/v2\/pages"}],"about":[{"href":"https:\/\/ronvig.com\/de\/wp-json\/wp\/v2\/types\/page"}],"author":[{"embeddable":true,"href":"https:\/\/ronvig.com\/de\/wp-json\/wp\/v2\/users\/3"}],"replies":[{"embeddable":true,"href":"https:\/\/ronvig.com\/de\/wp-json\/wp\/v2\/comments?post=3318"}],"version-history":[{"count":11,"href":"https:\/\/ronvig.com\/de\/wp-json\/wp\/v2\/pages\/3318\/revisions"}],"predecessor-version":[{"id":18000,"href":"https:\/\/ronvig.com\/de\/wp-json\/wp\/v2\/pages\/3318\/revisions\/18000"}],"wp:attachment":[{"href":"https:\/\/ronvig.com\/de\/wp-json\/wp\/v2\/media?parent=3318"}],"curies":[{"name":"wp","href":"https:\/\/api.w.org\/{rel}","templated":true}]}}