{"id":4449,"date":"2021-02-19T12:53:58","date_gmt":"2021-02-19T11:53:58","guid":{"rendered":"https:\/\/ronvig.com\/code-of-conduct\/"},"modified":"2022-03-04T10:03:55","modified_gmt":"2022-03-04T09:03:55","slug":"code-of-conduct","status":"publish","type":"page","link":"https:\/\/ronvig.com\/de\/code-of-conduct\/","title":{"rendered":"Code of conduct"},"content":{"rendered":"\t\t<div data-elementor-type=\"wp-page\" data-elementor-id=\"4449\" class=\"elementor elementor-4449 elementor-2990\" data-elementor-post-type=\"page\">\n\t\t\t\t\t\t<section class=\"elementor-section elementor-top-section elementor-element elementor-element-d68358f elementor-section-boxed elementor-section-height-default elementor-section-height-default\" data-id=\"d68358f\" data-element_type=\"section\" data-e-type=\"section\" data-settings=\"{&quot;jet_parallax_layout_list&quot;:[{&quot;jet_parallax_layout_image&quot;:{&quot;url&quot;:&quot;&quot;,&quot;id&quot;:&quot;&quot;,&quot;size&quot;:&quot;&quot;},&quot;_id&quot;:&quot;ffcb5cc&quot;,&quot;jet_parallax_layout_image_tablet&quot;:{&quot;url&quot;:&quot;&quot;,&quot;id&quot;:&quot;&quot;,&quot;size&quot;:&quot;&quot;},&quot;jet_parallax_layout_image_mobile&quot;:{&quot;url&quot;:&quot;&quot;,&quot;id&quot;:&quot;&quot;,&quot;size&quot;:&quot;&quot;},&quot;jet_parallax_layout_speed&quot;:{&quot;unit&quot;:&quot;%&quot;,&quot;size&quot;:50,&quot;sizes&quot;:[]},&quot;jet_parallax_layout_type&quot;:&quot;scroll&quot;,&quot;jet_parallax_layout_direction&quot;:&quot;1&quot;,&quot;jet_parallax_layout_fx_direction&quot;:null,&quot;jet_parallax_layout_z_index&quot;:&quot;&quot;,&quot;jet_parallax_layout_bg_x&quot;:50,&quot;jet_parallax_layout_bg_x_tablet&quot;:&quot;&quot;,&quot;jet_parallax_layout_bg_x_mobile&quot;:&quot;&quot;,&quot;jet_parallax_layout_bg_y&quot;:50,&quot;jet_parallax_layout_bg_y_tablet&quot;:&quot;&quot;,&quot;jet_parallax_layout_bg_y_mobile&quot;:&quot;&quot;,&quot;jet_parallax_layout_bg_size&quot;:&quot;auto&quot;,&quot;jet_parallax_layout_bg_size_tablet&quot;:&quot;&quot;,&quot;jet_parallax_layout_bg_size_mobile&quot;:&quot;&quot;,&quot;jet_parallax_layout_animation_prop&quot;:&quot;transform&quot;,&quot;jet_parallax_layout_on&quot;:[&quot;desktop&quot;,&quot;tablet&quot;]}]}\">\n\t\t\t\t\t\t<div class=\"elementor-container elementor-column-gap-default\">\n\t\t\t\t\t<div class=\"elementor-column elementor-col-100 elementor-top-column elementor-element elementor-element-9e2d936\" data-id=\"9e2d936\" data-element_type=\"column\" data-e-type=\"column\">\n\t\t\t<div class=\"elementor-widget-wrap elementor-element-populated\">\n\t\t\t\t\t\t<div class=\"elementor-element elementor-element-c391d94 elementor-widget elementor-widget-global elementor-global-3255 elementor-global-716 elementor-widget-breadcrumbs\" data-id=\"c391d94\" data-element_type=\"widget\" data-e-type=\"widget\" data-widget_type=\"breadcrumbs.default\">\n\t\t\t\t<div class=\"elementor-widget-container\">\n\t\t\t\t\t<p id=\"breadcrumbs\"><span><span><a href=\"https:\/\/ronvig.com\/de\/\">Start<\/a><\/span><\/span><\/p>\t\t\t\t<\/div>\n\t\t\t\t<\/div>\n\t\t\t\t<div class=\"elementor-element elementor-element-647bf00 elementor-widget elementor-widget-heading\" data-id=\"647bf00\" data-element_type=\"widget\" data-e-type=\"widget\" data-widget_type=\"heading.default\">\n\t\t\t\t<div class=\"elementor-widget-container\">\n\t\t\t\t\t<h1 class=\"elementor-heading-title elementor-size-default\">The R\u00d8NVIG Code of ConductScope of Application<\/h1>\t\t\t\t<\/div>\n\t\t\t\t<\/div>\n\t\t\t\t<div class=\"elementor-element elementor-element-823bb6b elementor-widget elementor-widget-text-editor\" data-id=\"823bb6b\" data-element_type=\"widget\" data-e-type=\"widget\" data-widget_type=\"text-editor.default\">\n\t\t\t\t<div class=\"elementor-widget-container\">\n\t\t\t\t\t\t\t\t\t<p><strong>This Code<\/strong><br \/>\u2013 has been set forth to emphasise the basic principles that guide R\u00d8NVIG\u2019s operations.<br \/>\u2013 shall guide the daily business of R\u00d8NVIG employees in their relations with other employees, customers, suppliers and shareholders.<br \/>\u2013 establishes not only that R\u00d8NVIG\u2019s response to international and national laws and regulations is one of compliance, but also that these laws set the minimum standards for our actions.<br \/>\u2013 implies that R\u00d8NVIG and its employees shall act as responsible participants within the company\u2019s areas of operation in the building of a sustainable society. It therefore follows that R\u00d8NVIG encourages suppliers, agents, consultants and other business partners to adhere to these principles within their sphere of influence. These principles shall also be applied when assessing current and potential partners.<\/p>\n<p>The Code applies to the Board of Directors as well as all employees at R\u00d8NVIG.<\/p>\n<p>The R\u00d8NVIG Code of Conduct and goals for sustainable development are based on the following international principles:<\/p>\n<ul>\n<li>UN Declaration of Human Rights<\/li>\n<li>UN Global Compact<\/li>\n<li>ILO Principles of Rights at Work<\/li>\n<li>OECD Guidelines for Multinational Enterprises\n<\/li>\n<\/ul>\n<h4>The R\u00d8NVIG Code of Conduct<\/h4>\n<p><strong>Employees<\/strong><br \/>Working environment: R\u00d8NVIG strives to be an attractive employer by creating a working environment based on collaboration, responsibility and openness. The well-being of employees is a high priority, and the company is committed to providing safe and healthy working conditions.<\/p>\n<p>Labour rights: Employees are recruited and promoted solely on the basis of their qualifications for the job, regardless of race, religion, age, national origin, gender, sexual orientation, political opinion, union membership, marital status or disability unrelated to the task in question. R\u00d8NVIG does not tolerate any form of harassment or violence in the workplace, and the use of forced labour and child labour is strictly prohibited in all company operations. Further, products from suppliers and subcontractors that utilise child labour in their contracting, subcontracting or other relationships for the manufacture of their products shall not be accepted.<\/p>\n<p>Compensation: Each employee shall be rewarded in a correct and fair manner in accordance with his or her individual performance and contribution to the success of the company. The wages paid for a standard working week shall at least meet the legal or industry minimum standards and be sufficient to meet the basic needs of our employees. Labour hire agreements and apprenticeships shall not be undertaken to evade the Group\u2019s obligations to personnel under applicable laws, social security legislation and regulations.<\/p>\n<p>Freedom of Association: All R\u00d8NVIG employees shall have the right of free association. R\u00d8NVIG shall respect the right of all unionised employees to bargain collectively. R\u00d8NVIG shall, in those situations in which the right of freedom of association and collective bargaining are restricted under law, facilitate means of independent and free association and bargaining for all such personnel.<\/p>\n<p>Conflicts of interest: No employee may be involved in an activity or hold a position outside R\u00d8NVIG that is in conflict with the company\u2019s business interests. Such conflicts of interest could also include directorships, significant shareholdings or the employment of family members.<\/p>\n<p>Employee consultation: R\u00d8NVIG strives to maintain good communications with each employee through company information and consultation procedures, recognising the right of organisation for employees and the right to collective bargaining and agreements.<\/p>\n<p><strong>Customers<\/strong><br \/>Customer satisfaction: Loyal, satisfied customers are the basis of our reputation. Honesty and integrity in all dealings with customers are prerequisites for profitable, long-term business relationships. R\u00d8NVIG will provide customers with accurate product information, and will only make commitments about our products or our company that we can live up to.<\/p>\n<p>Product quality and safety: R\u00d8NVIG is committed to providing products and services giving consistently high value, quality and reliability. Product safety is of the utmost importance. All R\u00d8NVIG&#8217;s products and services shall comply with relevant regulatory requirements in this respect. Our commitment to customer satisfaction also includes the provision of a high standard of after-sales service and prompt attention to customer concerns.<\/p>\n<p>Gifts and favours: Gifts, entertainment, compensation and personal favours may be offered to a third party only if they are modest in value and consistent with customary business practice. No gifts, entertainment or personal favours may be offered in contravention of any applicable law or code of practice. Gifts that do not meet the above criteria should be reported to management, which shall determine what measures should be taken.<\/p>\n<p><strong>Suppliers<\/strong><br \/>Gifts and favours: No employee should seek or accept any gift, entertainment or personal favour that might reasonably be believed to have an influence on business transactions. Gifts that do not meet the above criteria should be reported to management, which shall determine how the matter will be dealt with.<\/p>\n<p>Human rights and environmental issues: R\u00d8NVIG will inform business partners of the company\u2019s values and business principles. We will not do business with suppliers that fail to comply with applicable laws, do not uphold basic human rights or disregard environmental issues.<\/p>\n<p><strong>Society and the Enviroment<br \/><\/strong>Legal compliance and local customs: R\u00d8NVIG employees must comply with all the applicable laws and regulations of a country in which the company operates. In cases where a conflict exists between more restrictive laws and this Code\u2019s principles and values, the law shall prevail. We will respect the local traditions and customs of each country. In cases where there is a conflict between local customs and this Code\u2019s principles and values, the Code shall guide the employee\u2019s course of action.<\/p>\n<p>Community involvement and contributions: R\u00d8NVIG seeks to make a positive and sustainable contribution to the communities in which we conduct business. This is primarily achieved by creating strong and long term profitable operations, which secures employment and tax income for the communities involved. The company does not support political parties or make political donations.<\/p>\n<p>Environmental impact: R\u00d8NVIG is committed to preventing or otherwise minimising and mitigating any harmful effects our operations or products have on the environment. We aim to reduce the environmental impact of products throughout their life cycles.<\/p>\n<p><strong>Shareholders<\/strong><br \/>Communication with shareholders: R\u00d8NVIG will provide accurate and timely information on the company\u2019s activities, performance and financial situation to all shareholders. R\u00d8NVIG\u2019s accounting statements will present a true and correct view of the company\u2019s financial performance.<\/p>\n<p><strong>Implementation<\/strong><br \/>This Code of Conduct applies to all staff and all R\u00d8NVIG business activities, regardless of location. The Code sets out the main principles of corporate responsibility and cannot address all possible ethical dilemmas that may arise. It is intended to guide employees in how to act with integrity and good judgement at all times. Observance of the Code will be evaluated periodically at Group level. The Code will be regularly reviewed and amended as necessary.<\/p>\n<h4>R\u00d8NVIG\u2019s Core Values<\/h4>\n<p><strong>Respect for others<br \/><\/strong>In all our dealings with customers, employees and other stakeholders we must respect them as human beings of equal value regardless of rank, race, religion, age, national origin, gender, sexual orientation, political opinion, union membership, marital status or disability. Thus we have to make our best efforts to listen to and respect each individual\u2019s opinions even if we ourselves are of a different opinion.<\/p>\n<p><strong>Openess<\/strong><br \/>It is of utmost importance that we create an atmosphere where people dare to be open. In achieving this we openly have to concede our mistakes. It is natural that every human being makes mistakes.<\/p>\n<p><strong>Pragmatism<\/strong><br \/>We should aim to make the best possible decision in every single case. The decisions should purely be based on facts and without prejudice. Further, preconceived opinions or pride should not influence decisions.<\/p>\n\t\t\t\t\t\t\t\t<\/div>\n\t\t\t\t<\/div>\n\t\t\t\t\t<\/div>\n\t\t<\/div>\n\t\t\t\t\t<\/div>\n\t\t<\/section>\n\t\t\t\t<\/div>\n\t\t","protected":false},"excerpt":{"rendered":"<p>The R\u00d8NVIG Code of ConductScope of Application This Code\u2013 has been set forth to emphasise the basic principles that guide R\u00d8NVIG\u2019s operations.\u2013 shall guide the daily business of R\u00d8NVIG employees in their relations with other employees, customers, suppliers and shareholders.\u2013 establishes not only that R\u00d8NVIG\u2019s response to international and national laws and regulations is one [&hellip;]<\/p>\n","protected":false},"author":3,"featured_media":0,"parent":0,"menu_order":0,"comment_status":"closed","ping_status":"closed","template":"","meta":{"_acf_changed":false,"footnotes":""},"class_list":["post-4449","page","type-page","status-publish","hentry"],"acf":[],"yoast_head":"<!-- This site is optimized with the Yoast SEO plugin v27.2 - https:\/\/yoast.com\/product\/yoast-seo-wordpress\/ -->\n<title>Code of conduct - R\u00d8NVIG Dental Mfg. A\/S<\/title>\n<meta name=\"robots\" content=\"index, follow, max-snippet:-1, max-image-preview:large, max-video-preview:-1\" \/>\n<link rel=\"canonical\" href=\"https:\/\/ronvig.com\/de\/code-of-conduct\/\" \/>\n<meta property=\"og:locale\" content=\"de_DE\" \/>\n<meta property=\"og:type\" content=\"article\" \/>\n<meta property=\"og:title\" content=\"Code of conduct - R\u00d8NVIG Dental Mfg. A\/S\" \/>\n<meta property=\"og:description\" content=\"The R\u00d8NVIG Code of ConductScope of Application This Code\u2013 has been set forth to emphasise the basic principles that guide R\u00d8NVIG\u2019s operations.\u2013 shall guide the daily business of R\u00d8NVIG employees in their relations with other employees, customers, suppliers and shareholders.\u2013 establishes not only that R\u00d8NVIG\u2019s response to international and national laws and regulations is one [&hellip;]\" \/>\n<meta property=\"og:url\" content=\"https:\/\/ronvig.com\/de\/code-of-conduct\/\" \/>\n<meta property=\"og:site_name\" content=\"R\u00d8NVIG Dental Mfg. A\/S\" \/>\n<meta property=\"article:modified_time\" content=\"2022-03-04T09:03:55+00:00\" \/>\n<meta name=\"twitter:card\" content=\"summary_large_image\" \/>\n<meta name=\"twitter:label1\" content=\"Gesch\u00e4tzte Lesezeit\" \/>\n\t<meta name=\"twitter:data1\" content=\"6\u00a0Minuten\" \/>\n<script type=\"application\/ld+json\" class=\"yoast-schema-graph\">{\"@context\":\"https:\/\/schema.org\",\"@graph\":[{\"@type\":\"WebPage\",\"@id\":\"https:\/\/ronvig.com\/de\/code-of-conduct\/\",\"url\":\"https:\/\/ronvig.com\/de\/code-of-conduct\/\",\"name\":\"Code of conduct - R\u00d8NVIG Dental Mfg. A\/S\",\"isPartOf\":{\"@id\":\"https:\/\/ronvig.com\/#website\"},\"datePublished\":\"2021-02-19T11:53:58+00:00\",\"dateModified\":\"2022-03-04T09:03:55+00:00\",\"breadcrumb\":{\"@id\":\"https:\/\/ronvig.com\/de\/code-of-conduct\/#breadcrumb\"},\"inLanguage\":\"de\",\"potentialAction\":[{\"@type\":\"ReadAction\",\"target\":[\"https:\/\/ronvig.com\/de\/code-of-conduct\/\"]}]},{\"@type\":\"BreadcrumbList\",\"@id\":\"https:\/\/ronvig.com\/de\/code-of-conduct\/#breadcrumb\",\"itemListElement\":[{\"@type\":\"ListItem\",\"position\":1,\"name\":\"Start\",\"item\":\"https:\/\/ronvig.com\/de\/\"},{\"@type\":\"ListItem\",\"position\":2,\"name\":\"Code of conduct\"}]},{\"@type\":\"WebSite\",\"@id\":\"https:\/\/ronvig.com\/#website\",\"url\":\"https:\/\/ronvig.com\/\",\"name\":\"R\u00d8NVIG Dental Mfg. A\/S\",\"description\":\"Tandl\u00e6geudstyr\",\"publisher\":{\"@id\":\"https:\/\/ronvig.com\/#organization\"},\"potentialAction\":[{\"@type\":\"SearchAction\",\"target\":{\"@type\":\"EntryPoint\",\"urlTemplate\":\"https:\/\/ronvig.com\/?s={search_term_string}\"},\"query-input\":{\"@type\":\"PropertyValueSpecification\",\"valueRequired\":true,\"valueName\":\"search_term_string\"}}],\"inLanguage\":\"de\"},{\"@type\":\"Organization\",\"@id\":\"https:\/\/ronvig.com\/#organization\",\"name\":\"R\u00d8NVIG Dental Mfg. A\/S\",\"url\":\"https:\/\/ronvig.com\/\",\"logo\":{\"@type\":\"ImageObject\",\"inLanguage\":\"de\",\"@id\":\"https:\/\/ronvig.com\/#\/schema\/logo\/image\/\",\"url\":\"https:\/\/ronvig.com\/wp-content\/uploads\/2020\/12\/logo.svg\",\"contentUrl\":\"https:\/\/ronvig.com\/wp-content\/uploads\/2020\/12\/logo.svg\",\"width\":187.118,\"height\":30.03,\"caption\":\"R\u00d8NVIG Dental Mfg. A\/S\"},\"image\":{\"@id\":\"https:\/\/ronvig.com\/#\/schema\/logo\/image\/\"}}]}<\/script>\n<!-- \/ Yoast SEO plugin. -->","yoast_head_json":{"title":"Code of conduct - R\u00d8NVIG Dental Mfg. A\/S","robots":{"index":"index","follow":"follow","max-snippet":"max-snippet:-1","max-image-preview":"max-image-preview:large","max-video-preview":"max-video-preview:-1"},"canonical":"https:\/\/ronvig.com\/de\/code-of-conduct\/","og_locale":"de_DE","og_type":"article","og_title":"Code of conduct - R\u00d8NVIG Dental Mfg. A\/S","og_description":"The R\u00d8NVIG Code of ConductScope of Application This Code\u2013 has been set forth to emphasise the basic principles that guide R\u00d8NVIG\u2019s operations.\u2013 shall guide the daily business of R\u00d8NVIG employees in their relations with other employees, customers, suppliers and shareholders.\u2013 establishes not only that R\u00d8NVIG\u2019s response to international and national laws and regulations is one [&hellip;]","og_url":"https:\/\/ronvig.com\/de\/code-of-conduct\/","og_site_name":"R\u00d8NVIG Dental Mfg. A\/S","article_modified_time":"2022-03-04T09:03:55+00:00","twitter_card":"summary_large_image","twitter_misc":{"Gesch\u00e4tzte Lesezeit":"6\u00a0Minuten"},"schema":{"@context":"https:\/\/schema.org","@graph":[{"@type":"WebPage","@id":"https:\/\/ronvig.com\/de\/code-of-conduct\/","url":"https:\/\/ronvig.com\/de\/code-of-conduct\/","name":"Code of conduct - R\u00d8NVIG Dental Mfg. A\/S","isPartOf":{"@id":"https:\/\/ronvig.com\/#website"},"datePublished":"2021-02-19T11:53:58+00:00","dateModified":"2022-03-04T09:03:55+00:00","breadcrumb":{"@id":"https:\/\/ronvig.com\/de\/code-of-conduct\/#breadcrumb"},"inLanguage":"de","potentialAction":[{"@type":"ReadAction","target":["https:\/\/ronvig.com\/de\/code-of-conduct\/"]}]},{"@type":"BreadcrumbList","@id":"https:\/\/ronvig.com\/de\/code-of-conduct\/#breadcrumb","itemListElement":[{"@type":"ListItem","position":1,"name":"Start","item":"https:\/\/ronvig.com\/de\/"},{"@type":"ListItem","position":2,"name":"Code of conduct"}]},{"@type":"WebSite","@id":"https:\/\/ronvig.com\/#website","url":"https:\/\/ronvig.com\/","name":"R\u00d8NVIG Dental Mfg. A\/S","description":"Tandl\u00e6geudstyr","publisher":{"@id":"https:\/\/ronvig.com\/#organization"},"potentialAction":[{"@type":"SearchAction","target":{"@type":"EntryPoint","urlTemplate":"https:\/\/ronvig.com\/?s={search_term_string}"},"query-input":{"@type":"PropertyValueSpecification","valueRequired":true,"valueName":"search_term_string"}}],"inLanguage":"de"},{"@type":"Organization","@id":"https:\/\/ronvig.com\/#organization","name":"R\u00d8NVIG Dental Mfg. A\/S","url":"https:\/\/ronvig.com\/","logo":{"@type":"ImageObject","inLanguage":"de","@id":"https:\/\/ronvig.com\/#\/schema\/logo\/image\/","url":"https:\/\/ronvig.com\/wp-content\/uploads\/2020\/12\/logo.svg","contentUrl":"https:\/\/ronvig.com\/wp-content\/uploads\/2020\/12\/logo.svg","width":187.118,"height":30.03,"caption":"R\u00d8NVIG Dental Mfg. A\/S"},"image":{"@id":"https:\/\/ronvig.com\/#\/schema\/logo\/image\/"}}]}},"_links":{"self":[{"href":"https:\/\/ronvig.com\/de\/wp-json\/wp\/v2\/pages\/4449","targetHints":{"allow":["GET"]}}],"collection":[{"href":"https:\/\/ronvig.com\/de\/wp-json\/wp\/v2\/pages"}],"about":[{"href":"https:\/\/ronvig.com\/de\/wp-json\/wp\/v2\/types\/page"}],"author":[{"embeddable":true,"href":"https:\/\/ronvig.com\/de\/wp-json\/wp\/v2\/users\/3"}],"replies":[{"embeddable":true,"href":"https:\/\/ronvig.com\/de\/wp-json\/wp\/v2\/comments?post=4449"}],"version-history":[{"count":3,"href":"https:\/\/ronvig.com\/de\/wp-json\/wp\/v2\/pages\/4449\/revisions"}],"predecessor-version":[{"id":4477,"href":"https:\/\/ronvig.com\/de\/wp-json\/wp\/v2\/pages\/4449\/revisions\/4477"}],"wp:attachment":[{"href":"https:\/\/ronvig.com\/de\/wp-json\/wp\/v2\/media?parent=4449"}],"curies":[{"name":"wp","href":"https:\/\/api.w.org\/{rel}","templated":true}]}}