{"id":7186,"date":"2021-08-23T12:02:19","date_gmt":"2021-08-23T10:02:19","guid":{"rendered":"https:\/\/ronvig.com\/?page_id=7186"},"modified":"2022-03-04T10:03:55","modified_gmt":"2022-03-04T09:03:55","slug":"haendler-werden","status":"publish","type":"page","link":"https:\/\/ronvig.com\/de\/haendler-werden\/","title":{"rendered":"H\u00e4ndler werden"},"content":{"rendered":"\t\t<div data-elementor-type=\"wp-page\" data-elementor-id=\"7186\" class=\"elementor elementor-7186 elementor-7184\" data-elementor-post-type=\"page\">\n\t\t\t\t\t\t<section class=\"elementor-section elementor-top-section elementor-element elementor-element-8ed1268 elementor-section-boxed elementor-section-height-default elementor-section-height-default\" data-id=\"8ed1268\" data-element_type=\"section\" data-e-type=\"section\" data-settings=\"{&quot;jet_parallax_layout_list&quot;:[{&quot;jet_parallax_layout_image&quot;:{&quot;url&quot;:&quot;&quot;,&quot;id&quot;:&quot;&quot;,&quot;size&quot;:&quot;&quot;},&quot;_id&quot;:&quot;843fee6&quot;,&quot;jet_parallax_layout_image_tablet&quot;:{&quot;url&quot;:&quot;&quot;,&quot;id&quot;:&quot;&quot;,&quot;size&quot;:&quot;&quot;},&quot;jet_parallax_layout_image_mobile&quot;:{&quot;url&quot;:&quot;&quot;,&quot;id&quot;:&quot;&quot;,&quot;size&quot;:&quot;&quot;},&quot;jet_parallax_layout_speed&quot;:{&quot;unit&quot;:&quot;%&quot;,&quot;size&quot;:50,&quot;sizes&quot;:[]},&quot;jet_parallax_layout_type&quot;:&quot;scroll&quot;,&quot;jet_parallax_layout_direction&quot;:&quot;1&quot;,&quot;jet_parallax_layout_fx_direction&quot;:null,&quot;jet_parallax_layout_z_index&quot;:&quot;&quot;,&quot;jet_parallax_layout_bg_x&quot;:50,&quot;jet_parallax_layout_bg_x_tablet&quot;:&quot;&quot;,&quot;jet_parallax_layout_bg_x_mobile&quot;:&quot;&quot;,&quot;jet_parallax_layout_bg_y&quot;:50,&quot;jet_parallax_layout_bg_y_tablet&quot;:&quot;&quot;,&quot;jet_parallax_layout_bg_y_mobile&quot;:&quot;&quot;,&quot;jet_parallax_layout_bg_size&quot;:&quot;auto&quot;,&quot;jet_parallax_layout_bg_size_tablet&quot;:&quot;&quot;,&quot;jet_parallax_layout_bg_size_mobile&quot;:&quot;&quot;,&quot;jet_parallax_layout_animation_prop&quot;:&quot;transform&quot;,&quot;jet_parallax_layout_on&quot;:[&quot;desktop&quot;,&quot;tablet&quot;]}]}\">\n\t\t\t\t\t\t<div class=\"elementor-container elementor-column-gap-default\">\n\t\t\t\t\t<div class=\"elementor-column elementor-col-100 elementor-top-column elementor-element elementor-element-5637e28\" data-id=\"5637e28\" data-element_type=\"column\" data-e-type=\"column\">\n\t\t\t<div class=\"elementor-widget-wrap elementor-element-populated\">\n\t\t\t\t\t\t<div class=\"elementor-element elementor-element-2c8c3be elementor-widget elementor-widget-global elementor-global-3255 elementor-global-716 elementor-widget-breadcrumbs\" data-id=\"2c8c3be\" data-element_type=\"widget\" data-e-type=\"widget\" data-widget_type=\"breadcrumbs.default\">\n\t\t\t\t<div class=\"elementor-widget-container\">\n\t\t\t\t\t<p id=\"breadcrumbs\"><span><span><a href=\"https:\/\/ronvig.com\/de\/\">Start<\/a><\/span><\/span><\/p>\t\t\t\t<\/div>\n\t\t\t\t<\/div>\n\t\t\t\t\t<\/div>\n\t\t<\/div>\n\t\t\t\t\t<\/div>\n\t\t<\/section>\n\t\t\t\t<section class=\"elementor-section elementor-top-section elementor-element elementor-element-6a8be6b elementor-section-boxed elementor-section-height-default elementor-section-height-default\" data-id=\"6a8be6b\" data-element_type=\"section\" data-e-type=\"section\" data-settings=\"{&quot;jet_parallax_layout_list&quot;:[{&quot;jet_parallax_layout_image&quot;:{&quot;url&quot;:&quot;&quot;,&quot;id&quot;:&quot;&quot;,&quot;size&quot;:&quot;&quot;},&quot;_id&quot;:&quot;1968c7f&quot;,&quot;jet_parallax_layout_image_tablet&quot;:{&quot;url&quot;:&quot;&quot;,&quot;id&quot;:&quot;&quot;,&quot;size&quot;:&quot;&quot;},&quot;jet_parallax_layout_image_mobile&quot;:{&quot;url&quot;:&quot;&quot;,&quot;id&quot;:&quot;&quot;,&quot;size&quot;:&quot;&quot;},&quot;jet_parallax_layout_speed&quot;:{&quot;unit&quot;:&quot;%&quot;,&quot;size&quot;:50,&quot;sizes&quot;:[]},&quot;jet_parallax_layout_type&quot;:&quot;scroll&quot;,&quot;jet_parallax_layout_direction&quot;:&quot;1&quot;,&quot;jet_parallax_layout_fx_direction&quot;:null,&quot;jet_parallax_layout_z_index&quot;:&quot;&quot;,&quot;jet_parallax_layout_bg_x&quot;:50,&quot;jet_parallax_layout_bg_x_tablet&quot;:&quot;&quot;,&quot;jet_parallax_layout_bg_x_mobile&quot;:&quot;&quot;,&quot;jet_parallax_layout_bg_y&quot;:50,&quot;jet_parallax_layout_bg_y_tablet&quot;:&quot;&quot;,&quot;jet_parallax_layout_bg_y_mobile&quot;:&quot;&quot;,&quot;jet_parallax_layout_bg_size&quot;:&quot;auto&quot;,&quot;jet_parallax_layout_bg_size_tablet&quot;:&quot;&quot;,&quot;jet_parallax_layout_bg_size_mobile&quot;:&quot;&quot;,&quot;jet_parallax_layout_animation_prop&quot;:&quot;transform&quot;,&quot;jet_parallax_layout_on&quot;:[&quot;desktop&quot;,&quot;tablet&quot;]}]}\">\n\t\t\t\t\t\t<div class=\"elementor-container elementor-column-gap-default\">\n\t\t\t\t\t<div class=\"elementor-column elementor-col-100 elementor-top-column elementor-element elementor-element-127e713\" data-id=\"127e713\" data-element_type=\"column\" data-e-type=\"column\">\n\t\t\t<div class=\"elementor-widget-wrap\">\n\t\t\t\t\t\t\t<\/div>\n\t\t<\/div>\n\t\t\t\t\t<\/div>\n\t\t<\/section>\n\t\t\t\t<section class=\"elementor-section elementor-top-section elementor-element elementor-element-e5e1380 elementor-section-boxed elementor-section-height-default elementor-section-height-default\" data-id=\"e5e1380\" data-element_type=\"section\" data-e-type=\"section\" data-settings=\"{&quot;jet_parallax_layout_list&quot;:[{&quot;jet_parallax_layout_image&quot;:{&quot;url&quot;:&quot;&quot;,&quot;id&quot;:&quot;&quot;,&quot;size&quot;:&quot;&quot;},&quot;_id&quot;:&quot;c677956&quot;,&quot;jet_parallax_layout_image_tablet&quot;:{&quot;url&quot;:&quot;&quot;,&quot;id&quot;:&quot;&quot;,&quot;size&quot;:&quot;&quot;},&quot;jet_parallax_layout_image_mobile&quot;:{&quot;url&quot;:&quot;&quot;,&quot;id&quot;:&quot;&quot;,&quot;size&quot;:&quot;&quot;},&quot;jet_parallax_layout_speed&quot;:{&quot;unit&quot;:&quot;%&quot;,&quot;size&quot;:50,&quot;sizes&quot;:[]},&quot;jet_parallax_layout_type&quot;:&quot;scroll&quot;,&quot;jet_parallax_layout_direction&quot;:&quot;1&quot;,&quot;jet_parallax_layout_fx_direction&quot;:null,&quot;jet_parallax_layout_z_index&quot;:&quot;&quot;,&quot;jet_parallax_layout_bg_x&quot;:50,&quot;jet_parallax_layout_bg_x_tablet&quot;:&quot;&quot;,&quot;jet_parallax_layout_bg_x_mobile&quot;:&quot;&quot;,&quot;jet_parallax_layout_bg_y&quot;:50,&quot;jet_parallax_layout_bg_y_tablet&quot;:&quot;&quot;,&quot;jet_parallax_layout_bg_y_mobile&quot;:&quot;&quot;,&quot;jet_parallax_layout_bg_size&quot;:&quot;auto&quot;,&quot;jet_parallax_layout_bg_size_tablet&quot;:&quot;&quot;,&quot;jet_parallax_layout_bg_size_mobile&quot;:&quot;&quot;,&quot;jet_parallax_layout_animation_prop&quot;:&quot;transform&quot;,&quot;jet_parallax_layout_on&quot;:[&quot;desktop&quot;,&quot;tablet&quot;]}]}\">\n\t\t\t\t\t\t<div class=\"elementor-container elementor-column-gap-default\">\n\t\t\t\t\t<div class=\"elementor-column elementor-col-50 elementor-top-column elementor-element elementor-element-997aad7\" data-id=\"997aad7\" data-element_type=\"column\" data-e-type=\"column\">\n\t\t\t<div class=\"elementor-widget-wrap elementor-element-populated\">\n\t\t\t\t\t\t<div class=\"elementor-element elementor-element-6340383 elementor-widget elementor-widget-heading\" data-id=\"6340383\" data-element_type=\"widget\" data-e-type=\"widget\" data-widget_type=\"heading.default\">\n\t\t\t\t<div class=\"elementor-widget-container\">\n\t\t\t\t\t<h1 class=\"elementor-heading-title elementor-size-default\">H\u00e4ndler werden<\/h1>\t\t\t\t<\/div>\n\t\t\t\t<\/div>\n\t\t\t\t<div class=\"elementor-element elementor-element-2196378 elementor-widget elementor-widget-text-editor\" data-id=\"2196378\" data-element_type=\"widget\" data-e-type=\"widget\" data-widget_type=\"text-editor.default\">\n\t\t\t\t<div class=\"elementor-widget-container\">\n\t\t\t\t\t\t\t\t\t<p>Unser Ziel ist es, unsere Produkte engagierten Zahn\u00e4rzten\/innen weltweit verf\u00fcgbar zu machen.<\/p>\n<p>Unseren Erfolg verdanken wir unseren vertrauensw\u00fcrdigen H\u00e4ndlern. Wir sind auf der Suche nach weiteren guten H\u00e4ndlern, die uns dabei helfen, dieses Ziel zu erreichen.<\/p>\n<p>Wenn Sie von den R\u00d8NVIG-Produkten fasziniert sind und es nicht abwarten k\u00f6nnen, sie auf Ihren Markt zu bringen, z\u00f6gern Sie bitte nicht, uns zu kontaktieren.<\/p>\n<p>Bitte f\u00fcllen Sie das Kontaktformular aus und lassen Sie uns in Kontakt treten!<\/p>\n<p>&nbsp;<\/p>\n\t\t\t\t\t\t\t\t<\/div>\n\t\t\t\t<\/div>\n\t\t\t\t<div class=\"elementor-element elementor-element-61e659f elementor-align-left elementor-widget elementor-widget-button\" data-id=\"61e659f\" data-element_type=\"widget\" data-e-type=\"widget\" data-widget_type=\"button.default\">\n\t\t\t\t<div class=\"elementor-widget-container\">\n\t\t\t\t\t\t\t\t\t<div class=\"elementor-button-wrapper\">\n\t\t\t\t\t<a class=\"elementor-button elementor-button-link elementor-size-lg\" href=\"https:\/\/ronvig.com\/de\/kontakt\/\">\n\t\t\t\t\t\t<span class=\"elementor-button-content-wrapper\">\n\t\t\t\t\t\t\t\t\t<span class=\"elementor-button-text\">KONTAKTIEREN SIE UNS <\/span>\n\t\t\t\t\t<\/span>\n\t\t\t\t\t<\/a>\n\t\t\t\t<\/div>\n\t\t\t\t\t\t\t\t<\/div>\n\t\t\t\t<\/div>\n\t\t\t\t\t<\/div>\n\t\t<\/div>\n\t\t\t\t<div class=\"elementor-column elementor-col-50 elementor-top-column elementor-element elementor-element-d0bdcf1\" data-id=\"d0bdcf1\" data-element_type=\"column\" data-e-type=\"column\">\n\t\t\t<div class=\"elementor-widget-wrap elementor-element-populated\">\n\t\t\t\t\t\t<div class=\"elementor-element elementor-element-9cc8f2c elementor-widget elementor-widget-image\" data-id=\"9cc8f2c\" data-element_type=\"widget\" data-e-type=\"widget\" data-widget_type=\"image.default\">\n\t\t\t\t<div class=\"elementor-widget-container\">\n\t\t\t\t\t\t\t\t\t\t\t\t\t\t\t<img fetchpriority=\"high\" decoding=\"async\" width=\"612\" height=\"381\" src=\"https:\/\/ronvig.com\/wp-content\/uploads\/2021\/08\/Become-a-dealer-IMG_1538.jpg\" class=\"attachment-large size-large wp-image-7287\" alt=\"\" srcset=\"https:\/\/ronvig.com\/wp-content\/uploads\/2021\/08\/Become-a-dealer-IMG_1538.jpg 612w, https:\/\/ronvig.com\/wp-content\/uploads\/2021\/08\/Become-a-dealer-IMG_1538-300x187.jpg 300w, https:\/\/ronvig.com\/wp-content\/uploads\/2021\/08\/Become-a-dealer-IMG_1538-600x374.jpg 600w\" sizes=\"(max-width: 612px) 100vw, 612px\" \/>\t\t\t\t\t\t\t\t\t\t\t\t\t\t\t<\/div>\n\t\t\t\t<\/div>\n\t\t\t\t\t<\/div>\n\t\t<\/div>\n\t\t\t\t\t<\/div>\n\t\t<\/section>\n\t\t\t\t<section class=\"elementor-section elementor-top-section elementor-element elementor-element-2997a96 elementor-section-boxed elementor-section-height-default elementor-section-height-default\" data-id=\"2997a96\" data-element_type=\"section\" data-e-type=\"section\" data-settings=\"{&quot;jet_parallax_layout_list&quot;:[{&quot;jet_parallax_layout_image&quot;:{&quot;url&quot;:&quot;&quot;,&quot;id&quot;:&quot;&quot;,&quot;size&quot;:&quot;&quot;},&quot;_id&quot;:&quot;8c938c1&quot;,&quot;jet_parallax_layout_image_tablet&quot;:{&quot;url&quot;:&quot;&quot;,&quot;id&quot;:&quot;&quot;,&quot;size&quot;:&quot;&quot;},&quot;jet_parallax_layout_image_mobile&quot;:{&quot;url&quot;:&quot;&quot;,&quot;id&quot;:&quot;&quot;,&quot;size&quot;:&quot;&quot;},&quot;jet_parallax_layout_speed&quot;:{&quot;unit&quot;:&quot;%&quot;,&quot;size&quot;:50,&quot;sizes&quot;:[]},&quot;jet_parallax_layout_type&quot;:&quot;scroll&quot;,&quot;jet_parallax_layout_direction&quot;:&quot;1&quot;,&quot;jet_parallax_layout_fx_direction&quot;:null,&quot;jet_parallax_layout_z_index&quot;:&quot;&quot;,&quot;jet_parallax_layout_bg_x&quot;:50,&quot;jet_parallax_layout_bg_x_tablet&quot;:&quot;&quot;,&quot;jet_parallax_layout_bg_x_mobile&quot;:&quot;&quot;,&quot;jet_parallax_layout_bg_y&quot;:50,&quot;jet_parallax_layout_bg_y_tablet&quot;:&quot;&quot;,&quot;jet_parallax_layout_bg_y_mobile&quot;:&quot;&quot;,&quot;jet_parallax_layout_bg_size&quot;:&quot;auto&quot;,&quot;jet_parallax_layout_bg_size_tablet&quot;:&quot;&quot;,&quot;jet_parallax_layout_bg_size_mobile&quot;:&quot;&quot;,&quot;jet_parallax_layout_animation_prop&quot;:&quot;transform&quot;,&quot;jet_parallax_layout_on&quot;:[&quot;desktop&quot;,&quot;tablet&quot;]}]}\">\n\t\t\t\t\t\t<div class=\"elementor-container elementor-column-gap-default\">\n\t\t\t\t\t<div class=\"elementor-column elementor-col-100 elementor-top-column elementor-element elementor-element-eb0a729\" data-id=\"eb0a729\" data-element_type=\"column\" data-e-type=\"column\">\n\t\t\t<div class=\"elementor-widget-wrap\">\n\t\t\t\t\t\t\t<\/div>\n\t\t<\/div>\n\t\t\t\t\t<\/div>\n\t\t<\/section>\n\t\t\t\t<section class=\"elementor-section elementor-top-section elementor-element elementor-element-1653a08 elementor-section-boxed elementor-section-height-default elementor-section-height-default\" data-id=\"1653a08\" data-element_type=\"section\" data-e-type=\"section\" data-settings=\"{&quot;jet_parallax_layout_list&quot;:[{&quot;jet_parallax_layout_image&quot;:{&quot;url&quot;:&quot;&quot;,&quot;id&quot;:&quot;&quot;,&quot;size&quot;:&quot;&quot;},&quot;_id&quot;:&quot;61b46dc&quot;,&quot;jet_parallax_layout_image_tablet&quot;:{&quot;url&quot;:&quot;&quot;,&quot;id&quot;:&quot;&quot;,&quot;size&quot;:&quot;&quot;},&quot;jet_parallax_layout_image_mobile&quot;:{&quot;url&quot;:&quot;&quot;,&quot;id&quot;:&quot;&quot;,&quot;size&quot;:&quot;&quot;},&quot;jet_parallax_layout_speed&quot;:{&quot;unit&quot;:&quot;%&quot;,&quot;size&quot;:50,&quot;sizes&quot;:[]},&quot;jet_parallax_layout_type&quot;:&quot;scroll&quot;,&quot;jet_parallax_layout_direction&quot;:&quot;1&quot;,&quot;jet_parallax_layout_fx_direction&quot;:null,&quot;jet_parallax_layout_z_index&quot;:&quot;&quot;,&quot;jet_parallax_layout_bg_x&quot;:50,&quot;jet_parallax_layout_bg_x_tablet&quot;:&quot;&quot;,&quot;jet_parallax_layout_bg_x_mobile&quot;:&quot;&quot;,&quot;jet_parallax_layout_bg_y&quot;:50,&quot;jet_parallax_layout_bg_y_tablet&quot;:&quot;&quot;,&quot;jet_parallax_layout_bg_y_mobile&quot;:&quot;&quot;,&quot;jet_parallax_layout_bg_size&quot;:&quot;auto&quot;,&quot;jet_parallax_layout_bg_size_tablet&quot;:&quot;&quot;,&quot;jet_parallax_layout_bg_size_mobile&quot;:&quot;&quot;,&quot;jet_parallax_layout_animation_prop&quot;:&quot;transform&quot;,&quot;jet_parallax_layout_on&quot;:[&quot;desktop&quot;,&quot;tablet&quot;]}]}\">\n\t\t\t\t\t\t<div class=\"elementor-container elementor-column-gap-default\">\n\t\t\t\t\t<div class=\"elementor-column elementor-col-100 elementor-top-column elementor-element elementor-element-c0a48d6\" data-id=\"c0a48d6\" data-element_type=\"column\" data-e-type=\"column\">\n\t\t\t<div class=\"elementor-widget-wrap elementor-element-populated\">\n\t\t\t\t\t\t<div class=\"elementor-element elementor-element-0e5a315 elementor-widget elementor-widget-spacer\" data-id=\"0e5a315\" data-element_type=\"widget\" data-e-type=\"widget\" data-widget_type=\"spacer.default\">\n\t\t\t\t<div class=\"elementor-widget-container\">\n\t\t\t\t\t\t\t<div class=\"elementor-spacer\">\n\t\t\t<div class=\"elementor-spacer-inner\"><\/div>\n\t\t<\/div>\n\t\t\t\t\t\t<\/div>\n\t\t\t\t<\/div>\n\t\t\t\t\t<\/div>\n\t\t<\/div>\n\t\t\t\t\t<\/div>\n\t\t<\/section>\n\t\t\t\t<\/div>\n\t\t","protected":false},"excerpt":{"rendered":"<p>H\u00e4ndler werden Unser Ziel ist es, unsere Produkte engagierten Zahn\u00e4rzten\/innen weltweit verf\u00fcgbar zu machen. Unseren Erfolg verdanken wir unseren vertrauensw\u00fcrdigen H\u00e4ndlern. Wir sind auf der Suche nach weiteren guten H\u00e4ndlern, die uns dabei helfen, dieses Ziel zu erreichen. Wenn Sie von den R\u00d8NVIG-Produkten fasziniert sind und es nicht abwarten k\u00f6nnen, sie auf Ihren Markt zu [&hellip;]<\/p>\n","protected":false},"author":4,"featured_media":0,"parent":0,"menu_order":0,"comment_status":"closed","ping_status":"closed","template":"","meta":{"_acf_changed":false,"footnotes":""},"class_list":["post-7186","page","type-page","status-publish","hentry"],"acf":[],"yoast_head":"<!-- This site is optimized with the Yoast SEO plugin v27.2 - https:\/\/yoast.com\/product\/yoast-seo-wordpress\/ -->\n<title>H\u00e4ndler werden - R\u00d8NVIG Dental Mfg. A\/S<\/title>\n<meta name=\"robots\" content=\"index, follow, max-snippet:-1, max-image-preview:large, max-video-preview:-1\" \/>\n<link rel=\"canonical\" href=\"https:\/\/ronvig.com\/de\/haendler-werden\/\" \/>\n<meta property=\"og:locale\" content=\"de_DE\" \/>\n<meta property=\"og:type\" content=\"article\" \/>\n<meta property=\"og:title\" content=\"H\u00e4ndler werden - R\u00d8NVIG Dental Mfg. A\/S\" \/>\n<meta property=\"og:description\" content=\"H\u00e4ndler werden Unser Ziel ist es, unsere Produkte engagierten Zahn\u00e4rzten\/innen weltweit verf\u00fcgbar zu machen. Unseren Erfolg verdanken wir unseren vertrauensw\u00fcrdigen H\u00e4ndlern. Wir sind auf der Suche nach weiteren guten H\u00e4ndlern, die uns dabei helfen, dieses Ziel zu erreichen. Wenn Sie von den R\u00d8NVIG-Produkten fasziniert sind und es nicht abwarten k\u00f6nnen, sie auf Ihren Markt zu [&hellip;]\" \/>\n<meta property=\"og:url\" content=\"https:\/\/ronvig.com\/de\/haendler-werden\/\" \/>\n<meta property=\"og:site_name\" content=\"R\u00d8NVIG Dental Mfg. A\/S\" \/>\n<meta property=\"article:modified_time\" content=\"2022-03-04T09:03:55+00:00\" \/>\n<meta property=\"og:image\" content=\"https:\/\/ronvig.com\/wp-content\/uploads\/2021\/08\/Become-a-dealer-IMG_1538.jpg\" \/>\n<meta name=\"twitter:card\" content=\"summary_large_image\" \/>\n<meta name=\"twitter:label1\" content=\"Gesch\u00e4tzte Lesezeit\" \/>\n\t<meta name=\"twitter:data1\" content=\"1\u00a0Minute\" \/>\n<script type=\"application\/ld+json\" class=\"yoast-schema-graph\">{\"@context\":\"https:\/\/schema.org\",\"@graph\":[{\"@type\":\"WebPage\",\"@id\":\"https:\/\/ronvig.com\/de\/haendler-werden\/\",\"url\":\"https:\/\/ronvig.com\/de\/haendler-werden\/\",\"name\":\"H\u00e4ndler werden - R\u00d8NVIG Dental Mfg. A\/S\",\"isPartOf\":{\"@id\":\"https:\/\/ronvig.com\/#website\"},\"primaryImageOfPage\":{\"@id\":\"https:\/\/ronvig.com\/de\/haendler-werden\/#primaryimage\"},\"image\":{\"@id\":\"https:\/\/ronvig.com\/de\/haendler-werden\/#primaryimage\"},\"thumbnailUrl\":\"https:\/\/ronvig.com\/wp-content\/uploads\/2021\/08\/Become-a-dealer-IMG_1538.jpg\",\"datePublished\":\"2021-08-23T10:02:19+00:00\",\"dateModified\":\"2022-03-04T09:03:55+00:00\",\"breadcrumb\":{\"@id\":\"https:\/\/ronvig.com\/de\/haendler-werden\/#breadcrumb\"},\"inLanguage\":\"de\",\"potentialAction\":[{\"@type\":\"ReadAction\",\"target\":[\"https:\/\/ronvig.com\/de\/haendler-werden\/\"]}]},{\"@type\":\"ImageObject\",\"inLanguage\":\"de\",\"@id\":\"https:\/\/ronvig.com\/de\/haendler-werden\/#primaryimage\",\"url\":\"https:\/\/ronvig.com\/wp-content\/uploads\/2021\/08\/Become-a-dealer-IMG_1538.jpg\",\"contentUrl\":\"https:\/\/ronvig.com\/wp-content\/uploads\/2021\/08\/Become-a-dealer-IMG_1538.jpg\"},{\"@type\":\"BreadcrumbList\",\"@id\":\"https:\/\/ronvig.com\/de\/haendler-werden\/#breadcrumb\",\"itemListElement\":[{\"@type\":\"ListItem\",\"position\":1,\"name\":\"Start\",\"item\":\"https:\/\/ronvig.com\/de\/\"},{\"@type\":\"ListItem\",\"position\":2,\"name\":\"H\u00e4ndler werden\"}]},{\"@type\":\"WebSite\",\"@id\":\"https:\/\/ronvig.com\/#website\",\"url\":\"https:\/\/ronvig.com\/\",\"name\":\"R\u00d8NVIG Dental Mfg. A\/S\",\"description\":\"Tandl\u00e6geudstyr\",\"publisher\":{\"@id\":\"https:\/\/ronvig.com\/#organization\"},\"potentialAction\":[{\"@type\":\"SearchAction\",\"target\":{\"@type\":\"EntryPoint\",\"urlTemplate\":\"https:\/\/ronvig.com\/?s={search_term_string}\"},\"query-input\":{\"@type\":\"PropertyValueSpecification\",\"valueRequired\":true,\"valueName\":\"search_term_string\"}}],\"inLanguage\":\"de\"},{\"@type\":\"Organization\",\"@id\":\"https:\/\/ronvig.com\/#organization\",\"name\":\"R\u00d8NVIG Dental Mfg. A\/S\",\"url\":\"https:\/\/ronvig.com\/\",\"logo\":{\"@type\":\"ImageObject\",\"inLanguage\":\"de\",\"@id\":\"https:\/\/ronvig.com\/#\/schema\/logo\/image\/\",\"url\":\"https:\/\/ronvig.com\/wp-content\/uploads\/2020\/12\/logo.svg\",\"contentUrl\":\"https:\/\/ronvig.com\/wp-content\/uploads\/2020\/12\/logo.svg\",\"width\":187.118,\"height\":30.03,\"caption\":\"R\u00d8NVIG Dental Mfg. A\/S\"},\"image\":{\"@id\":\"https:\/\/ronvig.com\/#\/schema\/logo\/image\/\"}}]}<\/script>\n<!-- \/ Yoast SEO plugin. -->","yoast_head_json":{"title":"H\u00e4ndler werden - R\u00d8NVIG Dental Mfg. A\/S","robots":{"index":"index","follow":"follow","max-snippet":"max-snippet:-1","max-image-preview":"max-image-preview:large","max-video-preview":"max-video-preview:-1"},"canonical":"https:\/\/ronvig.com\/de\/haendler-werden\/","og_locale":"de_DE","og_type":"article","og_title":"H\u00e4ndler werden - R\u00d8NVIG Dental Mfg. A\/S","og_description":"H\u00e4ndler werden Unser Ziel ist es, unsere Produkte engagierten Zahn\u00e4rzten\/innen weltweit verf\u00fcgbar zu machen. Unseren Erfolg verdanken wir unseren vertrauensw\u00fcrdigen H\u00e4ndlern. Wir sind auf der Suche nach weiteren guten H\u00e4ndlern, die uns dabei helfen, dieses Ziel zu erreichen. Wenn Sie von den R\u00d8NVIG-Produkten fasziniert sind und es nicht abwarten k\u00f6nnen, sie auf Ihren Markt zu [&hellip;]","og_url":"https:\/\/ronvig.com\/de\/haendler-werden\/","og_site_name":"R\u00d8NVIG Dental Mfg. A\/S","article_modified_time":"2022-03-04T09:03:55+00:00","og_image":[{"url":"https:\/\/ronvig.com\/wp-content\/uploads\/2021\/08\/Become-a-dealer-IMG_1538.jpg","type":"","width":"","height":""}],"twitter_card":"summary_large_image","twitter_misc":{"Gesch\u00e4tzte Lesezeit":"1\u00a0Minute"},"schema":{"@context":"https:\/\/schema.org","@graph":[{"@type":"WebPage","@id":"https:\/\/ronvig.com\/de\/haendler-werden\/","url":"https:\/\/ronvig.com\/de\/haendler-werden\/","name":"H\u00e4ndler werden - R\u00d8NVIG Dental Mfg. A\/S","isPartOf":{"@id":"https:\/\/ronvig.com\/#website"},"primaryImageOfPage":{"@id":"https:\/\/ronvig.com\/de\/haendler-werden\/#primaryimage"},"image":{"@id":"https:\/\/ronvig.com\/de\/haendler-werden\/#primaryimage"},"thumbnailUrl":"https:\/\/ronvig.com\/wp-content\/uploads\/2021\/08\/Become-a-dealer-IMG_1538.jpg","datePublished":"2021-08-23T10:02:19+00:00","dateModified":"2022-03-04T09:03:55+00:00","breadcrumb":{"@id":"https:\/\/ronvig.com\/de\/haendler-werden\/#breadcrumb"},"inLanguage":"de","potentialAction":[{"@type":"ReadAction","target":["https:\/\/ronvig.com\/de\/haendler-werden\/"]}]},{"@type":"ImageObject","inLanguage":"de","@id":"https:\/\/ronvig.com\/de\/haendler-werden\/#primaryimage","url":"https:\/\/ronvig.com\/wp-content\/uploads\/2021\/08\/Become-a-dealer-IMG_1538.jpg","contentUrl":"https:\/\/ronvig.com\/wp-content\/uploads\/2021\/08\/Become-a-dealer-IMG_1538.jpg"},{"@type":"BreadcrumbList","@id":"https:\/\/ronvig.com\/de\/haendler-werden\/#breadcrumb","itemListElement":[{"@type":"ListItem","position":1,"name":"Start","item":"https:\/\/ronvig.com\/de\/"},{"@type":"ListItem","position":2,"name":"H\u00e4ndler werden"}]},{"@type":"WebSite","@id":"https:\/\/ronvig.com\/#website","url":"https:\/\/ronvig.com\/","name":"R\u00d8NVIG Dental Mfg. A\/S","description":"Tandl\u00e6geudstyr","publisher":{"@id":"https:\/\/ronvig.com\/#organization"},"potentialAction":[{"@type":"SearchAction","target":{"@type":"EntryPoint","urlTemplate":"https:\/\/ronvig.com\/?s={search_term_string}"},"query-input":{"@type":"PropertyValueSpecification","valueRequired":true,"valueName":"search_term_string"}}],"inLanguage":"de"},{"@type":"Organization","@id":"https:\/\/ronvig.com\/#organization","name":"R\u00d8NVIG Dental Mfg. A\/S","url":"https:\/\/ronvig.com\/","logo":{"@type":"ImageObject","inLanguage":"de","@id":"https:\/\/ronvig.com\/#\/schema\/logo\/image\/","url":"https:\/\/ronvig.com\/wp-content\/uploads\/2020\/12\/logo.svg","contentUrl":"https:\/\/ronvig.com\/wp-content\/uploads\/2020\/12\/logo.svg","width":187.118,"height":30.03,"caption":"R\u00d8NVIG Dental Mfg. A\/S"},"image":{"@id":"https:\/\/ronvig.com\/#\/schema\/logo\/image\/"}}]}},"_links":{"self":[{"href":"https:\/\/ronvig.com\/de\/wp-json\/wp\/v2\/pages\/7186","targetHints":{"allow":["GET"]}}],"collection":[{"href":"https:\/\/ronvig.com\/de\/wp-json\/wp\/v2\/pages"}],"about":[{"href":"https:\/\/ronvig.com\/de\/wp-json\/wp\/v2\/types\/page"}],"author":[{"embeddable":true,"href":"https:\/\/ronvig.com\/de\/wp-json\/wp\/v2\/users\/4"}],"replies":[{"embeddable":true,"href":"https:\/\/ronvig.com\/de\/wp-json\/wp\/v2\/comments?post=7186"}],"version-history":[{"count":20,"href":"https:\/\/ronvig.com\/de\/wp-json\/wp\/v2\/pages\/7186\/revisions"}],"predecessor-version":[{"id":7408,"href":"https:\/\/ronvig.com\/de\/wp-json\/wp\/v2\/pages\/7186\/revisions\/7408"}],"wp:attachment":[{"href":"https:\/\/ronvig.com\/de\/wp-json\/wp\/v2\/media?parent=7186"}],"curies":[{"name":"wp","href":"https:\/\/api.w.org\/{rel}","templated":true}]}}