{"id":14030,"date":"2024-01-31T11:18:57","date_gmt":"2024-01-31T10:18:57","guid":{"rendered":"https:\/\/ronvig.com\/vare\/aspiject-plus\/"},"modified":"2025-11-14T11:10:46","modified_gmt":"2025-11-14T10:10:46","slug":"aspiject-plus","status":"publish","type":"product","link":"https:\/\/ronvig.com\/de\/vare\/aspiject-plus\/","title":{"rendered":"ASPIJECT\u00ae PLUS"},"content":{"rendered":"<p>Weltweit gibt es viele Marken von Dentalan\u00e4sthesie-Kartuschen, und nicht alle sind f\u00fcr die Selbstaspiration in einer Standard-ASPIJECT\u00ae geeignet. Die Eigenschaften des Gummikolbens der Zylinderampulle k\u00f6nnen sich von Marke zu Marke unterscheiden.<\/p>\n<p>ASPIJECT\u00ae PLUS verf\u00fcgt \u00fcber eine zus\u00e4tzliche Aspirationsm\u00f6glichkeit, die v\u00f6llig unabh\u00e4ngig von den elastischen Eigenschaften und der Reibung des Gummikolbens ist. Durch Dr\u00fccken der Aspirationsscheibe wird ein sehr klares Aspirationsergebnis erzeugt, unabh\u00e4ngig von der verwendeten Kartuschenmarke.<\/p>\n<p>Die ASPIJECT\u00ae PLUS Zylinderampullen-Spritze verf\u00fcgt \u00fcber ein einzigartiges ergonomisches Design, das eine optimale Balance und taktile Kontrolle w\u00e4hrend der Injektion erm\u00f6glicht.<\/p>\n<p>Dar\u00fcber hinaus verf\u00fcgt ASPIJECT\u00ae PLUS \u00fcber folgende Eigenschaften:<\/p>\n<ul>\n<li>Bekannte Qualit\u00e4t und sehr lange Lebensdauer<\/li>\n<li>F\u00fcnf Jahre Garantie auf Material- und Konstruktionsfehler.<\/li>\n<li>Hergestellt aus s\u00e4urebest\u00e4ndigem Edelstahl und hitzebest\u00e4ndigem Thermoplast<\/li>\n<li>Ist f\u00fcr die Aufbereitung im Reinigungs- und Desinfektionsger\u00e4t und im Autoklaven geeignet.<\/li>\n<\/ul>\n","protected":false},"excerpt":{"rendered":"<p>Erhalten Sie mit ASPIJECT\u00ae PLUS eine zus\u00e4tzliche Aspirationsm\u00f6glichkeit, unabh\u00e4ngig von der verwendeten Zylinderampullen-Marke.<\/p>\n","protected":false},"featured_media":14034,"template":"","meta":{"_acf_changed":false},"product_brand":[],"product_cat":[237,345],"product_tag":[],"class_list":{"0":"post-14030","1":"product","2":"type-product","3":"status-publish","4":"has-post-thumbnail","6":"product_cat-injektion-de","7":"product_cat-injektionsspritzen","9":"first","10":"instock","11":"taxable","12":"shipping-taxable","13":"purchasable","14":"product-type-simple"},"acf":[],"yoast_head":"<!-- This site is optimized with the Yoast SEO plugin v27.2 - https:\/\/yoast.com\/product\/yoast-seo-wordpress\/ -->\n<title>ASPIJECT\u00ae PLUS Injektionsspritze | Kaufen bei R\u00d8NVIG Dental &gt;&gt;<\/title>\n<meta name=\"description\" content=\"Injektionsspritze zahnarzt verf\u00fcgt \u00fcber eine zus\u00e4tzliche Aspirations m\u00f6glichkeit \u2713Gute Qualit\u00e4t \u2713Edelstahl \u2713Made in Denmark\" \/>\n<meta name=\"robots\" content=\"index, follow, max-snippet:-1, max-image-preview:large, max-video-preview:-1\" \/>\n<link rel=\"canonical\" href=\"https:\/\/ronvig.com\/de\/vare\/aspiject-plus\/\" \/>\n<meta property=\"og:locale\" content=\"de_DE\" \/>\n<meta property=\"og:type\" content=\"article\" \/>\n<meta property=\"og:title\" content=\"ASPIJECT\u00ae PLUS Injektionsspritze | Kaufen bei R\u00d8NVIG Dental &gt;&gt;\" \/>\n<meta property=\"og:description\" content=\"Injektionsspritze zahnarzt verf\u00fcgt \u00fcber eine zus\u00e4tzliche Aspirations m\u00f6glichkeit \u2713Gute Qualit\u00e4t \u2713Edelstahl \u2713Made in Denmark\" \/>\n<meta property=\"og:url\" content=\"https:\/\/ronvig.com\/de\/vare\/aspiject-plus\/\" \/>\n<meta property=\"og:site_name\" content=\"R\u00d8NVIG Dental Mfg. A\/S\" \/>\n<meta property=\"article:modified_time\" content=\"2025-11-14T10:10:46+00:00\" \/>\n<meta name=\"twitter:card\" content=\"summary_large_image\" \/>\n<meta name=\"twitter:label1\" content=\"Gesch\u00e4tzte Lesezeit\" \/>\n\t<meta name=\"twitter:data1\" content=\"1\u00a0Minute\" \/>\n<script type=\"application\/ld+json\" class=\"yoast-schema-graph\">{\"@context\":\"https:\/\/schema.org\",\"@graph\":[{\"@type\":\"WebPage\",\"@id\":\"https:\/\/ronvig.com\/de\/vare\/aspiject-plus\/\",\"url\":\"https:\/\/ronvig.com\/de\/vare\/aspiject-plus\/\",\"name\":\"ASPIJECT\u00ae PLUS Injektionsspritze | Kaufen bei R\u00d8NVIG Dental >>\",\"isPartOf\":{\"@id\":\"https:\/\/ronvig.com\/#website\"},\"primaryImageOfPage\":{\"@id\":\"https:\/\/ronvig.com\/de\/vare\/aspiject-plus\/#primaryimage\"},\"image\":{\"@id\":\"https:\/\/ronvig.com\/de\/vare\/aspiject-plus\/#primaryimage\"},\"thumbnailUrl\":\"https:\/\/ronvig.com\/wp-content\/uploads\/2024\/01\/ASPIJECT_PLUS_product_1200x1200px.jpg\",\"datePublished\":\"2024-01-31T10:18:57+00:00\",\"dateModified\":\"2025-11-14T10:10:46+00:00\",\"description\":\"Injektionsspritze zahnarzt verf\u00fcgt \u00fcber eine zus\u00e4tzliche Aspirations m\u00f6glichkeit \u2713Gute Qualit\u00e4t \u2713Edelstahl \u2713Made in Denmark\",\"breadcrumb\":{\"@id\":\"https:\/\/ronvig.com\/de\/vare\/aspiject-plus\/#breadcrumb\"},\"inLanguage\":\"de\",\"potentialAction\":[{\"@type\":\"ReadAction\",\"target\":[\"https:\/\/ronvig.com\/de\/vare\/aspiject-plus\/\"]}]},{\"@type\":\"ImageObject\",\"inLanguage\":\"de\",\"@id\":\"https:\/\/ronvig.com\/de\/vare\/aspiject-plus\/#primaryimage\",\"url\":\"https:\/\/ronvig.com\/wp-content\/uploads\/2024\/01\/ASPIJECT_PLUS_product_1200x1200px.jpg\",\"contentUrl\":\"https:\/\/ronvig.com\/wp-content\/uploads\/2024\/01\/ASPIJECT_PLUS_product_1200x1200px.jpg\",\"width\":1200,\"height\":1200},{\"@type\":\"BreadcrumbList\",\"@id\":\"https:\/\/ronvig.com\/de\/vare\/aspiject-plus\/#breadcrumb\",\"itemListElement\":[{\"@type\":\"ListItem\",\"position\":1,\"name\":\"Start\",\"item\":\"https:\/\/ronvig.com\/de\/\"},{\"@type\":\"ListItem\",\"position\":2,\"name\":\"Shop\",\"item\":\"https:\/\/ronvig.com\/de\/shop-2\/\"},{\"@type\":\"ListItem\",\"position\":3,\"name\":\"ASPIJECT\u00ae PLUS\"}]},{\"@type\":\"WebSite\",\"@id\":\"https:\/\/ronvig.com\/#website\",\"url\":\"https:\/\/ronvig.com\/\",\"name\":\"R\u00d8NVIG Dental Mfg. A\/S\",\"description\":\"Tandl\u00e6geudstyr\",\"publisher\":{\"@id\":\"https:\/\/ronvig.com\/#organization\"},\"potentialAction\":[{\"@type\":\"SearchAction\",\"target\":{\"@type\":\"EntryPoint\",\"urlTemplate\":\"https:\/\/ronvig.com\/?s={search_term_string}\"},\"query-input\":{\"@type\":\"PropertyValueSpecification\",\"valueRequired\":true,\"valueName\":\"search_term_string\"}}],\"inLanguage\":\"de\"},{\"@type\":\"Organization\",\"@id\":\"https:\/\/ronvig.com\/#organization\",\"name\":\"R\u00d8NVIG Dental Mfg. A\/S\",\"url\":\"https:\/\/ronvig.com\/\",\"logo\":{\"@type\":\"ImageObject\",\"inLanguage\":\"de\",\"@id\":\"https:\/\/ronvig.com\/#\/schema\/logo\/image\/\",\"url\":\"https:\/\/ronvig.com\/wp-content\/uploads\/2020\/12\/logo.svg\",\"contentUrl\":\"https:\/\/ronvig.com\/wp-content\/uploads\/2020\/12\/logo.svg\",\"width\":187.118,\"height\":30.03,\"caption\":\"R\u00d8NVIG Dental Mfg. A\/S\"},\"image\":{\"@id\":\"https:\/\/ronvig.com\/#\/schema\/logo\/image\/\"}}]}<\/script>\n<!-- \/ Yoast SEO plugin. -->","yoast_head_json":{"title":"ASPIJECT\u00ae PLUS Injektionsspritze | Kaufen bei R\u00d8NVIG Dental >>","description":"Injektionsspritze zahnarzt verf\u00fcgt \u00fcber eine zus\u00e4tzliche Aspirations m\u00f6glichkeit \u2713Gute Qualit\u00e4t \u2713Edelstahl \u2713Made in Denmark","robots":{"index":"index","follow":"follow","max-snippet":"max-snippet:-1","max-image-preview":"max-image-preview:large","max-video-preview":"max-video-preview:-1"},"canonical":"https:\/\/ronvig.com\/de\/vare\/aspiject-plus\/","og_locale":"de_DE","og_type":"article","og_title":"ASPIJECT\u00ae PLUS Injektionsspritze | Kaufen bei R\u00d8NVIG Dental >>","og_description":"Injektionsspritze zahnarzt verf\u00fcgt \u00fcber eine zus\u00e4tzliche Aspirations m\u00f6glichkeit \u2713Gute Qualit\u00e4t \u2713Edelstahl \u2713Made in Denmark","og_url":"https:\/\/ronvig.com\/de\/vare\/aspiject-plus\/","og_site_name":"R\u00d8NVIG Dental Mfg. A\/S","article_modified_time":"2025-11-14T10:10:46+00:00","twitter_card":"summary_large_image","twitter_misc":{"Gesch\u00e4tzte Lesezeit":"1\u00a0Minute"},"schema":{"@context":"https:\/\/schema.org","@graph":[{"@type":"WebPage","@id":"https:\/\/ronvig.com\/de\/vare\/aspiject-plus\/","url":"https:\/\/ronvig.com\/de\/vare\/aspiject-plus\/","name":"ASPIJECT\u00ae PLUS Injektionsspritze | Kaufen bei R\u00d8NVIG Dental >>","isPartOf":{"@id":"https:\/\/ronvig.com\/#website"},"primaryImageOfPage":{"@id":"https:\/\/ronvig.com\/de\/vare\/aspiject-plus\/#primaryimage"},"image":{"@id":"https:\/\/ronvig.com\/de\/vare\/aspiject-plus\/#primaryimage"},"thumbnailUrl":"https:\/\/ronvig.com\/wp-content\/uploads\/2024\/01\/ASPIJECT_PLUS_product_1200x1200px.jpg","datePublished":"2024-01-31T10:18:57+00:00","dateModified":"2025-11-14T10:10:46+00:00","description":"Injektionsspritze zahnarzt verf\u00fcgt \u00fcber eine zus\u00e4tzliche Aspirations m\u00f6glichkeit \u2713Gute Qualit\u00e4t \u2713Edelstahl \u2713Made in Denmark","breadcrumb":{"@id":"https:\/\/ronvig.com\/de\/vare\/aspiject-plus\/#breadcrumb"},"inLanguage":"de","potentialAction":[{"@type":"ReadAction","target":["https:\/\/ronvig.com\/de\/vare\/aspiject-plus\/"]}]},{"@type":"ImageObject","inLanguage":"de","@id":"https:\/\/ronvig.com\/de\/vare\/aspiject-plus\/#primaryimage","url":"https:\/\/ronvig.com\/wp-content\/uploads\/2024\/01\/ASPIJECT_PLUS_product_1200x1200px.jpg","contentUrl":"https:\/\/ronvig.com\/wp-content\/uploads\/2024\/01\/ASPIJECT_PLUS_product_1200x1200px.jpg","width":1200,"height":1200},{"@type":"BreadcrumbList","@id":"https:\/\/ronvig.com\/de\/vare\/aspiject-plus\/#breadcrumb","itemListElement":[{"@type":"ListItem","position":1,"name":"Start","item":"https:\/\/ronvig.com\/de\/"},{"@type":"ListItem","position":2,"name":"Shop","item":"https:\/\/ronvig.com\/de\/shop-2\/"},{"@type":"ListItem","position":3,"name":"ASPIJECT\u00ae PLUS"}]},{"@type":"WebSite","@id":"https:\/\/ronvig.com\/#website","url":"https:\/\/ronvig.com\/","name":"R\u00d8NVIG Dental Mfg. A\/S","description":"Tandl\u00e6geudstyr","publisher":{"@id":"https:\/\/ronvig.com\/#organization"},"potentialAction":[{"@type":"SearchAction","target":{"@type":"EntryPoint","urlTemplate":"https:\/\/ronvig.com\/?s={search_term_string}"},"query-input":{"@type":"PropertyValueSpecification","valueRequired":true,"valueName":"search_term_string"}}],"inLanguage":"de"},{"@type":"Organization","@id":"https:\/\/ronvig.com\/#organization","name":"R\u00d8NVIG Dental Mfg. A\/S","url":"https:\/\/ronvig.com\/","logo":{"@type":"ImageObject","inLanguage":"de","@id":"https:\/\/ronvig.com\/#\/schema\/logo\/image\/","url":"https:\/\/ronvig.com\/wp-content\/uploads\/2020\/12\/logo.svg","contentUrl":"https:\/\/ronvig.com\/wp-content\/uploads\/2020\/12\/logo.svg","width":187.118,"height":30.03,"caption":"R\u00d8NVIG Dental Mfg. A\/S"},"image":{"@id":"https:\/\/ronvig.com\/#\/schema\/logo\/image\/"}}]}},"_links":{"self":[{"href":"https:\/\/ronvig.com\/de\/wp-json\/wp\/v2\/product\/14030","targetHints":{"allow":["GET"]}}],"collection":[{"href":"https:\/\/ronvig.com\/de\/wp-json\/wp\/v2\/product"}],"about":[{"href":"https:\/\/ronvig.com\/de\/wp-json\/wp\/v2\/types\/product"}],"wp:featuredmedia":[{"embeddable":true,"href":"https:\/\/ronvig.com\/de\/wp-json\/wp\/v2\/media\/14034"}],"wp:attachment":[{"href":"https:\/\/ronvig.com\/de\/wp-json\/wp\/v2\/media?parent=14030"}],"wp:term":[{"taxonomy":"product_brand","embeddable":true,"href":"https:\/\/ronvig.com\/de\/wp-json\/wp\/v2\/product_brand?post=14030"},{"taxonomy":"product_cat","embeddable":true,"href":"https:\/\/ronvig.com\/de\/wp-json\/wp\/v2\/product_cat?post=14030"},{"taxonomy":"product_tag","embeddable":true,"href":"https:\/\/ronvig.com\/de\/wp-json\/wp\/v2\/product_tag?post=14030"}],"curies":[{"name":"wp","href":"https:\/\/api.w.org\/{rel}","templated":true}]}}