{"id":18036,"date":"2026-03-18T11:36:22","date_gmt":"2026-03-18T10:36:22","guid":{"rendered":"https:\/\/ronvig.com\/vare\/compo-ject-mit-schwarzem-griff\/"},"modified":"2026-03-24T12:58:12","modified_gmt":"2026-03-24T11:58:12","slug":"compo-ject-mit-schwarzem-griff","status":"publish","type":"product","link":"https:\/\/ronvig.com\/de\/vare\/compo-ject-mit-schwarzem-griff\/","title":{"rendered":"COMPO-JECT\u2122 mit schwarzem Griff"},"content":{"rendered":"<p>Die bew\u00e4hrte COMPO-JECT\u2122 Kompositpistole \u2013 jetzt weiterentwickelt. Der elegante schwarze Griff verbessert die Ergonomie und reduziert das Gewicht f\u00fcr ein noch komfortableres Arbeiten. Alle bew\u00e4hrten Funktionen bleiben selbstverst\u00e4ndlich erhalten.<\/p>\n<p>Der Applikator hat einen ergonomischen entworfenen Fingergriff mit einer \u00dcbersetzung, die es leicht macht hoch viskoses Composite-Material zu applizieren \u2013 sanft zu Hand und Handgelenk.<\/p>\n<ul>\n<li>Leichtes und schnelles ersetzen der Spitzen durch ein einzigartiges Clip-Verriegelungs-System.<\/li>\n<li>Kein Kolben Nachteil \u2013 nur einklicken und arbeiten!<\/li>\n<li>Die Spitze kann in alle Richtungen gedreht werden \u2013 und ist dabei sicher fixiert.<\/li>\n<li>Best\u00fcckbar mit allen vorgefertigten Spitzen.<\/li>\n<li>Leichtes ausdr\u00fccken, egal welche Viskosit\u00e4t.<\/li>\n<li>Hergestellt aus hochgradigem, s\u00e4urebest\u00e4ndigem Edelstahl und hitzebest\u00e4ndigem Thermoplast<\/li>\n<li>Sterilisierbar in Autoklaven. Bitte lesen Sie die Bedienungsanleitung f\u00fcr mehr Details.<\/li>\n<li>5 Jahre Garantie<\/li>\n<\/ul>\n","protected":false},"excerpt":{"rendered":"<p>Die bew\u00e4hrte COMPO-JECT\u2122 Kompositpistole \u2013 jetzt weiterentwickelt. Der elegante schwarze Griff verbessert die Ergonomie und reduziert das Gewicht f\u00fcr ein noch komfortableres Arbeiten. Alle bew\u00e4hrten Funktionen bleiben selbstverst\u00e4ndlich erhalten. Der Applikator hat einen ergonomischen entworfenen Fingergriff mit einer \u00dcbersetzung, die es leicht macht hoch viskoses Composite-Material zu applizieren \u2013 sanft zu Hand und Handgelenk. Leichtes [&hellip;]<\/p>\n","protected":false},"featured_media":17912,"template":"","meta":{"_acf_changed":false},"product_brand":[],"product_cat":[426],"product_tag":[],"class_list":{"0":"post-18036","1":"product","2":"type-product","3":"status-publish","4":"has-post-thumbnail","6":"product_cat-composit-pistolen","8":"first","9":"instock","10":"taxable","11":"shipping-taxable","12":"purchasable","13":"product-type-simple"},"acf":[],"yoast_head":"<!-- This site is optimized with the Yoast SEO plugin v27.2 - https:\/\/yoast.com\/product\/yoast-seo-wordpress\/ -->\n<title>Kompositpistole COMPO-JECT\u2122 mit schwarzem Griff | Kaufen bei R\u00d8NVIG Dental<\/title>\n<meta name=\"description\" content=\"COMPO-JECT\u2122 Kompositpistole mit ergonomischem schwarzem Griff \u2713 Leicht \u2713 360\u00b0 drehbare Spitze \u2713 Einfache Applikation unabh\u00e4ngig von der Viskosit\u00e4t und schneller Austausch \u2713 Made in Denmark\" \/>\n<meta name=\"robots\" content=\"index, follow, max-snippet:-1, max-image-preview:large, max-video-preview:-1\" \/>\n<link rel=\"canonical\" href=\"https:\/\/ronvig.com\/de\/vare\/compo-ject-mit-schwarzem-griff\/\" \/>\n<meta property=\"og:locale\" content=\"de_DE\" \/>\n<meta property=\"og:type\" content=\"article\" \/>\n<meta property=\"og:title\" content=\"Kompositpistole COMPO-JECT\u2122 mit schwarzem Griff | Kaufen bei R\u00d8NVIG Dental\" \/>\n<meta property=\"og:description\" content=\"COMPO-JECT\u2122 Kompositpistole mit ergonomischem schwarzem Griff \u2713 Leicht \u2713 360\u00b0 drehbare Spitze \u2713 Einfache Applikation unabh\u00e4ngig von der Viskosit\u00e4t und schneller Austausch \u2713 Made in Denmark\" \/>\n<meta property=\"og:url\" content=\"https:\/\/ronvig.com\/de\/vare\/compo-ject-mit-schwarzem-griff\/\" \/>\n<meta property=\"og:site_name\" content=\"R\u00d8NVIG Dental Mfg. A\/S\" \/>\n<meta property=\"article:modified_time\" content=\"2026-03-24T11:58:12+00:00\" \/>\n<meta name=\"twitter:card\" content=\"summary_large_image\" \/>\n<meta name=\"twitter:label1\" content=\"Gesch\u00e4tzte Lesezeit\" \/>\n\t<meta name=\"twitter:data1\" content=\"1\u00a0Minute\" \/>\n<script type=\"application\/ld+json\" class=\"yoast-schema-graph\">{\"@context\":\"https:\/\/schema.org\",\"@graph\":[{\"@type\":\"WebPage\",\"@id\":\"https:\/\/ronvig.com\/de\/vare\/compo-ject-mit-schwarzem-griff\/\",\"url\":\"https:\/\/ronvig.com\/de\/vare\/compo-ject-mit-schwarzem-griff\/\",\"name\":\"Kompositpistole COMPO-JECT\u2122 mit schwarzem Griff | Kaufen bei R\u00d8NVIG Dental\",\"isPartOf\":{\"@id\":\"https:\/\/ronvig.com\/#website\"},\"primaryImageOfPage\":{\"@id\":\"https:\/\/ronvig.com\/de\/vare\/compo-ject-mit-schwarzem-griff\/#primaryimage\"},\"image\":{\"@id\":\"https:\/\/ronvig.com\/de\/vare\/compo-ject-mit-schwarzem-griff\/#primaryimage\"},\"thumbnailUrl\":\"https:\/\/ronvig.com\/wp-content\/uploads\/2026\/02\/COMPO-JECT_20006_1_1200-x-1200.jpg\",\"datePublished\":\"2026-03-18T10:36:22+00:00\",\"dateModified\":\"2026-03-24T11:58:12+00:00\",\"description\":\"COMPO-JECT\u2122 Kompositpistole mit ergonomischem schwarzem Griff \u2713 Leicht \u2713 360\u00b0 drehbare Spitze \u2713 Einfache Applikation unabh\u00e4ngig von der Viskosit\u00e4t und schneller Austausch \u2713 Made in Denmark\",\"breadcrumb\":{\"@id\":\"https:\/\/ronvig.com\/de\/vare\/compo-ject-mit-schwarzem-griff\/#breadcrumb\"},\"inLanguage\":\"de\",\"potentialAction\":[{\"@type\":\"ReadAction\",\"target\":[\"https:\/\/ronvig.com\/de\/vare\/compo-ject-mit-schwarzem-griff\/\"]}]},{\"@type\":\"ImageObject\",\"inLanguage\":\"de\",\"@id\":\"https:\/\/ronvig.com\/de\/vare\/compo-ject-mit-schwarzem-griff\/#primaryimage\",\"url\":\"https:\/\/ronvig.com\/wp-content\/uploads\/2026\/02\/COMPO-JECT_20006_1_1200-x-1200.jpg\",\"contentUrl\":\"https:\/\/ronvig.com\/wp-content\/uploads\/2026\/02\/COMPO-JECT_20006_1_1200-x-1200.jpg\",\"width\":1200,\"height\":1200},{\"@type\":\"BreadcrumbList\",\"@id\":\"https:\/\/ronvig.com\/de\/vare\/compo-ject-mit-schwarzem-griff\/#breadcrumb\",\"itemListElement\":[{\"@type\":\"ListItem\",\"position\":1,\"name\":\"Start\",\"item\":\"https:\/\/ronvig.com\/de\/\"},{\"@type\":\"ListItem\",\"position\":2,\"name\":\"Shop\",\"item\":\"https:\/\/ronvig.com\/de\/shop-2\/\"},{\"@type\":\"ListItem\",\"position\":3,\"name\":\"COMPO-JECT\u2122 mit schwarzem Griff\"}]},{\"@type\":\"WebSite\",\"@id\":\"https:\/\/ronvig.com\/#website\",\"url\":\"https:\/\/ronvig.com\/\",\"name\":\"R\u00d8NVIG Dental Mfg. A\/S\",\"description\":\"Tandl\u00e6geudstyr\",\"publisher\":{\"@id\":\"https:\/\/ronvig.com\/#organization\"},\"potentialAction\":[{\"@type\":\"SearchAction\",\"target\":{\"@type\":\"EntryPoint\",\"urlTemplate\":\"https:\/\/ronvig.com\/?s={search_term_string}\"},\"query-input\":{\"@type\":\"PropertyValueSpecification\",\"valueRequired\":true,\"valueName\":\"search_term_string\"}}],\"inLanguage\":\"de\"},{\"@type\":\"Organization\",\"@id\":\"https:\/\/ronvig.com\/#organization\",\"name\":\"R\u00d8NVIG Dental Mfg. A\/S\",\"url\":\"https:\/\/ronvig.com\/\",\"logo\":{\"@type\":\"ImageObject\",\"inLanguage\":\"de\",\"@id\":\"https:\/\/ronvig.com\/#\/schema\/logo\/image\/\",\"url\":\"https:\/\/ronvig.com\/wp-content\/uploads\/2020\/12\/logo.svg\",\"contentUrl\":\"https:\/\/ronvig.com\/wp-content\/uploads\/2020\/12\/logo.svg\",\"width\":187.118,\"height\":30.03,\"caption\":\"R\u00d8NVIG Dental Mfg. A\/S\"},\"image\":{\"@id\":\"https:\/\/ronvig.com\/#\/schema\/logo\/image\/\"}}]}<\/script>\n<!-- \/ Yoast SEO plugin. -->","yoast_head_json":{"title":"Kompositpistole COMPO-JECT\u2122 mit schwarzem Griff | Kaufen bei R\u00d8NVIG Dental","description":"COMPO-JECT\u2122 Kompositpistole mit ergonomischem schwarzem Griff \u2713 Leicht \u2713 360\u00b0 drehbare Spitze \u2713 Einfache Applikation unabh\u00e4ngig von der Viskosit\u00e4t und schneller Austausch \u2713 Made in Denmark","robots":{"index":"index","follow":"follow","max-snippet":"max-snippet:-1","max-image-preview":"max-image-preview:large","max-video-preview":"max-video-preview:-1"},"canonical":"https:\/\/ronvig.com\/de\/vare\/compo-ject-mit-schwarzem-griff\/","og_locale":"de_DE","og_type":"article","og_title":"Kompositpistole COMPO-JECT\u2122 mit schwarzem Griff | Kaufen bei R\u00d8NVIG Dental","og_description":"COMPO-JECT\u2122 Kompositpistole mit ergonomischem schwarzem Griff \u2713 Leicht \u2713 360\u00b0 drehbare Spitze \u2713 Einfache Applikation unabh\u00e4ngig von der Viskosit\u00e4t und schneller Austausch \u2713 Made in Denmark","og_url":"https:\/\/ronvig.com\/de\/vare\/compo-ject-mit-schwarzem-griff\/","og_site_name":"R\u00d8NVIG Dental Mfg. A\/S","article_modified_time":"2026-03-24T11:58:12+00:00","twitter_card":"summary_large_image","twitter_misc":{"Gesch\u00e4tzte Lesezeit":"1\u00a0Minute"},"schema":{"@context":"https:\/\/schema.org","@graph":[{"@type":"WebPage","@id":"https:\/\/ronvig.com\/de\/vare\/compo-ject-mit-schwarzem-griff\/","url":"https:\/\/ronvig.com\/de\/vare\/compo-ject-mit-schwarzem-griff\/","name":"Kompositpistole COMPO-JECT\u2122 mit schwarzem Griff | Kaufen bei R\u00d8NVIG Dental","isPartOf":{"@id":"https:\/\/ronvig.com\/#website"},"primaryImageOfPage":{"@id":"https:\/\/ronvig.com\/de\/vare\/compo-ject-mit-schwarzem-griff\/#primaryimage"},"image":{"@id":"https:\/\/ronvig.com\/de\/vare\/compo-ject-mit-schwarzem-griff\/#primaryimage"},"thumbnailUrl":"https:\/\/ronvig.com\/wp-content\/uploads\/2026\/02\/COMPO-JECT_20006_1_1200-x-1200.jpg","datePublished":"2026-03-18T10:36:22+00:00","dateModified":"2026-03-24T11:58:12+00:00","description":"COMPO-JECT\u2122 Kompositpistole mit ergonomischem schwarzem Griff \u2713 Leicht \u2713 360\u00b0 drehbare Spitze \u2713 Einfache Applikation unabh\u00e4ngig von der Viskosit\u00e4t und schneller Austausch \u2713 Made in Denmark","breadcrumb":{"@id":"https:\/\/ronvig.com\/de\/vare\/compo-ject-mit-schwarzem-griff\/#breadcrumb"},"inLanguage":"de","potentialAction":[{"@type":"ReadAction","target":["https:\/\/ronvig.com\/de\/vare\/compo-ject-mit-schwarzem-griff\/"]}]},{"@type":"ImageObject","inLanguage":"de","@id":"https:\/\/ronvig.com\/de\/vare\/compo-ject-mit-schwarzem-griff\/#primaryimage","url":"https:\/\/ronvig.com\/wp-content\/uploads\/2026\/02\/COMPO-JECT_20006_1_1200-x-1200.jpg","contentUrl":"https:\/\/ronvig.com\/wp-content\/uploads\/2026\/02\/COMPO-JECT_20006_1_1200-x-1200.jpg","width":1200,"height":1200},{"@type":"BreadcrumbList","@id":"https:\/\/ronvig.com\/de\/vare\/compo-ject-mit-schwarzem-griff\/#breadcrumb","itemListElement":[{"@type":"ListItem","position":1,"name":"Start","item":"https:\/\/ronvig.com\/de\/"},{"@type":"ListItem","position":2,"name":"Shop","item":"https:\/\/ronvig.com\/de\/shop-2\/"},{"@type":"ListItem","position":3,"name":"COMPO-JECT\u2122 mit schwarzem Griff"}]},{"@type":"WebSite","@id":"https:\/\/ronvig.com\/#website","url":"https:\/\/ronvig.com\/","name":"R\u00d8NVIG Dental Mfg. A\/S","description":"Tandl\u00e6geudstyr","publisher":{"@id":"https:\/\/ronvig.com\/#organization"},"potentialAction":[{"@type":"SearchAction","target":{"@type":"EntryPoint","urlTemplate":"https:\/\/ronvig.com\/?s={search_term_string}"},"query-input":{"@type":"PropertyValueSpecification","valueRequired":true,"valueName":"search_term_string"}}],"inLanguage":"de"},{"@type":"Organization","@id":"https:\/\/ronvig.com\/#organization","name":"R\u00d8NVIG Dental Mfg. A\/S","url":"https:\/\/ronvig.com\/","logo":{"@type":"ImageObject","inLanguage":"de","@id":"https:\/\/ronvig.com\/#\/schema\/logo\/image\/","url":"https:\/\/ronvig.com\/wp-content\/uploads\/2020\/12\/logo.svg","contentUrl":"https:\/\/ronvig.com\/wp-content\/uploads\/2020\/12\/logo.svg","width":187.118,"height":30.03,"caption":"R\u00d8NVIG Dental Mfg. A\/S"},"image":{"@id":"https:\/\/ronvig.com\/#\/schema\/logo\/image\/"}}]}},"_links":{"self":[{"href":"https:\/\/ronvig.com\/de\/wp-json\/wp\/v2\/product\/18036","targetHints":{"allow":["GET"]}}],"collection":[{"href":"https:\/\/ronvig.com\/de\/wp-json\/wp\/v2\/product"}],"about":[{"href":"https:\/\/ronvig.com\/de\/wp-json\/wp\/v2\/types\/product"}],"wp:featuredmedia":[{"embeddable":true,"href":"https:\/\/ronvig.com\/de\/wp-json\/wp\/v2\/media\/17912"}],"wp:attachment":[{"href":"https:\/\/ronvig.com\/de\/wp-json\/wp\/v2\/media?parent=18036"}],"wp:term":[{"taxonomy":"product_brand","embeddable":true,"href":"https:\/\/ronvig.com\/de\/wp-json\/wp\/v2\/product_brand?post=18036"},{"taxonomy":"product_cat","embeddable":true,"href":"https:\/\/ronvig.com\/de\/wp-json\/wp\/v2\/product_cat?post=18036"},{"taxonomy":"product_tag","embeddable":true,"href":"https:\/\/ronvig.com\/de\/wp-json\/wp\/v2\/product_tag?post=18036"}],"curies":[{"name":"wp","href":"https:\/\/api.w.org\/{rel}","templated":true}]}}