{"id":18191,"date":"2026-04-10T11:55:41","date_gmt":"2026-04-10T09:55:41","guid":{"rendered":"https:\/\/ronvig.com\/vare\/aspiject-active-compact-kolbenspitze-mit-gewinde\/"},"modified":"2026-04-10T12:38:29","modified_gmt":"2026-04-10T10:38:29","slug":"aspiject-active-compact-kolbenspitze-mit-gewinde","status":"publish","type":"product","link":"https:\/\/ronvig.com\/de\/vare\/aspiject-active-compact-kolbenspitze-mit-gewinde\/","title":{"rendered":"ASPIJECT\u00ae Active Compact &#8211; Kolbenspitze mit Gewinde"},"content":{"rendered":"<p>Die Verabreichung einer dentalen Injektion mit einer manuellen Zylinderampullenspritze ist ein pr\u00e4ziser Vorgang, der erfahrene H\u00e4nde und genaue Kontrolle erfordert. Die neue ASPIJECT\u00ae Active Compact ist leicht, liegt angenehm in der Hand und bietet optimale Kontrolle w\u00e4hrend der Aspiration und der Abgabe der An\u00e4sthesiel\u00f6sung.<\/p>\n<p style=\"text-align: left;\"><strong>Aussagen von Zahn\u00e4rtzen<\/strong><\/p>\n<p style=\"text-align: center;\"><span style=\"color: var(--e-global-color-secondary);\"> Zahnarts Jure Poglajen, SL<\/span><\/p>\n<p style=\"text-align: center;\"><em>ASPIJECT\u2122 Active Compact verk\u00f6rpert die d\u00e4nische Handwerkskunst mit Pr\u00e4zision, Eleganz und Benutzerfreundlichkeit. Ihr ergonomisches, leichtes Design liegt perfekt in der Hand und sorgt f\u00fcr eine m\u00fchelose Handhabung. Der sanfte Mechanismus erm\u00f6glicht eine pr\u00e4zise und kontrollierte Verabreichung von An\u00e4sthetika, w\u00e4hrend die Aspiration einfach und sicher bleibt, ohne die Kontrolle zu beeintr\u00e4chtigen.v Ich empfehle es allen Zahn\u00e4rzten w\u00e4rmstens.\u201c<\/em><\/p>\n<p>&nbsp;<\/p>\n<p><strong>Vorteile der Injektionsspritze<\/strong><\/p>\n<p>Vorteile der ASPIJECT\u00ae Active Compact:<\/p>\n<p><strong>Ergonomischer Griff und Handhabung:<\/strong><\/p>\n<ul>\n<li>Der kurze Abstand zwischen Daumenring und Fingerauflage sorgt f\u00fcr einen sicheren Halt bei allen Handgr\u00f6\u00dfen.<\/li>\n<li>Der schwarze Griff der Spritze ist ergonomisch geformt, um einen komfortablen Halt zu gew\u00e4hrleisten. Dies reduziert die Erm\u00fcdung der Hand und verbessert die Pr\u00e4zision.<\/li>\n<li>Der ergonomische Griff erm\u00f6glicht eine bessere Kontrolle der Spritze w\u00e4hrend der Aspiration und Injektion.<\/li>\n<li>Das ergonomische Design minimiert die Beanspruchung der Hand und erlaubt es, sich auf die Injektionstechnik zu konzentrieren, anstatt die Spritze festhalten zu m\u00fcssen.<\/li>\n<\/ul>\n<p><strong>Aspiration leicht gemacht:<br \/>\n<\/strong><br \/>\nDa Zylinderampullenspritzen einh\u00e4ndig verwendet werden, kann die aktive R\u00fcckzugsbewegung zur Aspiration eine Herausforderung darstellen, ohne die Kontrolle zu verlieren. Die ASPIJECT\u00ae Active Compact l\u00f6st dieses Problem:<\/p>\n<ul>\n<li>Die kurze Kolbenstangenl\u00e4nge erm\u00f6glicht volle Kontrolle w\u00e4hrend des R\u00fcckziehens des Kolbens.<\/li>\n<li>Das Gewinde an der Kolbenspitze sorgt f\u00fcr einen sicheren und effektiven Eingriff in den Gummistopfen von Karpulen mit Vertiefung.<\/li>\n<\/ul>\n<p><strong>Sanfte Verabreichung:<\/strong><\/p>\n<ul>\n<li>Die reibungslose Bewegung des Kolbens erm\u00f6glicht eine gleichm\u00e4\u00dfige und kontrollierte Abgabe des An\u00e4sthetikums, was die taktile Kontrolle verbessert und den Patientenkomfort erh\u00f6ht.<\/li>\n<\/ul>\n<p><strong>Leicht und gut ausbalanciert:<\/strong><\/p>\n<ul>\n<li>Gesamtgewicht: 48 g<\/li>\n<\/ul>\n<p>Dar\u00fcber hinaus verf\u00fcgt ASPIJECT\u00ae Active Compact Zylinderampullenspritze \u00fcber folgende Eigenschaften:<\/p>\n<ul>\n<li>Bekannte Qualit\u00e4t und sehr lange Lebensdauer.<\/li>\n<li>F\u00fcnf Jahre Garantie auf Material- und Konstruktionsfehler.<\/li>\n<li>Hergestellt aus s\u00e4urebest\u00e4ndigem Edelstahl und hitzebest\u00e4ndigem Thermoplast.<\/li>\n<li>Ist f\u00fcr die Aufbereitung im Reinigungs- und Desinfektionsger\u00e4t und im Autoklaven geeignet.<\/li>\n<\/ul>\n<p>&nbsp;<\/p>\n","protected":false},"excerpt":{"rendered":"<p>Kolbenspitze mit Gewinde f\u00fcr Gummistopfen mit Vertiefung<\/p>\n","protected":false},"featured_media":18116,"template":"","meta":{"_acf_changed":false},"product_brand":[],"product_cat":[237,345],"product_tag":[],"class_list":{"0":"post-18191","1":"product","2":"type-product","3":"status-publish","4":"has-post-thumbnail","6":"product_cat-injektion-de","7":"product_cat-injektionsspritzen","9":"first","10":"instock","11":"taxable","12":"shipping-taxable","13":"purchasable","14":"product-type-simple"},"acf":[],"yoast_head":"<!-- This site is optimized with the Yoast SEO plugin v27.2 - https:\/\/yoast.com\/product\/yoast-seo-wordpress\/ -->\n<title>Zylinderampullenspritzen ASPIJECT\u00ae Active Compact | Kaufen bei R\u00d8NVIG Dental &gt;&gt;<\/title>\n<meta name=\"description\" content=\"Zylinderampullenspritzen f\u00fcr Ihre Zahnarztpraxis \u2713Kompakte Zylinderampullenspritzen \u2713Kolbenspitze mit Gewinde \u2713Pr\u00e4zision \u2713Leichtgewicht \u27135 Jahre Garantie \u2713Hergestellt in D\u00e4nemark\" \/>\n<meta name=\"robots\" content=\"index, follow, max-snippet:-1, max-image-preview:large, max-video-preview:-1\" \/>\n<link rel=\"canonical\" href=\"https:\/\/ronvig.com\/de\/vare\/aspiject-active-compact-kolbenspitze-mit-gewinde\/\" \/>\n<meta property=\"og:locale\" content=\"de_DE\" \/>\n<meta property=\"og:type\" content=\"article\" \/>\n<meta property=\"og:title\" content=\"Zylinderampullenspritzen ASPIJECT\u00ae Active Compact | Kaufen bei R\u00d8NVIG Dental &gt;&gt;\" \/>\n<meta property=\"og:description\" content=\"Zylinderampullenspritzen f\u00fcr Ihre Zahnarztpraxis \u2713Kompakte Zylinderampullenspritzen \u2713Kolbenspitze mit Gewinde \u2713Pr\u00e4zision \u2713Leichtgewicht \u27135 Jahre Garantie \u2713Hergestellt in D\u00e4nemark\" \/>\n<meta property=\"og:url\" content=\"https:\/\/ronvig.com\/de\/vare\/aspiject-active-compact-kolbenspitze-mit-gewinde\/\" \/>\n<meta property=\"og:site_name\" content=\"R\u00d8NVIG Dental Mfg. A\/S\" \/>\n<meta property=\"article:modified_time\" content=\"2026-04-10T10:38:29+00:00\" \/>\n<meta name=\"twitter:card\" content=\"summary_large_image\" \/>\n<meta name=\"twitter:label1\" content=\"Gesch\u00e4tzte Lesezeit\" \/>\n\t<meta name=\"twitter:data1\" content=\"2\u00a0Minuten\" \/>\n<script type=\"application\/ld+json\" class=\"yoast-schema-graph\">{\"@context\":\"https:\/\/schema.org\",\"@graph\":[{\"@type\":\"WebPage\",\"@id\":\"https:\/\/ronvig.com\/de\/vare\/aspiject-active-compact-kolbenspitze-mit-gewinde\/\",\"url\":\"https:\/\/ronvig.com\/de\/vare\/aspiject-active-compact-kolbenspitze-mit-gewinde\/\",\"name\":\"Zylinderampullenspritzen ASPIJECT\u00ae Active Compact | Kaufen bei R\u00d8NVIG Dental >>\",\"isPartOf\":{\"@id\":\"https:\/\/ronvig.com\/#website\"},\"primaryImageOfPage\":{\"@id\":\"https:\/\/ronvig.com\/de\/vare\/aspiject-active-compact-kolbenspitze-mit-gewinde\/#primaryimage\"},\"image\":{\"@id\":\"https:\/\/ronvig.com\/de\/vare\/aspiject-active-compact-kolbenspitze-mit-gewinde\/#primaryimage\"},\"thumbnailUrl\":\"https:\/\/ronvig.com\/wp-content\/uploads\/2026\/03\/ASPIJECT-ACTIVE-COMPACT-with-threaded-plunger-tip-plunger-tip-and-cartridge.jpg\",\"datePublished\":\"2026-04-10T09:55:41+00:00\",\"dateModified\":\"2026-04-10T10:38:29+00:00\",\"description\":\"Zylinderampullenspritzen f\u00fcr Ihre Zahnarztpraxis \u2713Kompakte Zylinderampullenspritzen \u2713Kolbenspitze mit Gewinde \u2713Pr\u00e4zision \u2713Leichtgewicht \u27135 Jahre Garantie \u2713Hergestellt in D\u00e4nemark\",\"breadcrumb\":{\"@id\":\"https:\/\/ronvig.com\/de\/vare\/aspiject-active-compact-kolbenspitze-mit-gewinde\/#breadcrumb\"},\"inLanguage\":\"de\",\"potentialAction\":[{\"@type\":\"ReadAction\",\"target\":[\"https:\/\/ronvig.com\/de\/vare\/aspiject-active-compact-kolbenspitze-mit-gewinde\/\"]}]},{\"@type\":\"ImageObject\",\"inLanguage\":\"de\",\"@id\":\"https:\/\/ronvig.com\/de\/vare\/aspiject-active-compact-kolbenspitze-mit-gewinde\/#primaryimage\",\"url\":\"https:\/\/ronvig.com\/wp-content\/uploads\/2026\/03\/ASPIJECT-ACTIVE-COMPACT-with-threaded-plunger-tip-plunger-tip-and-cartridge.jpg\",\"contentUrl\":\"https:\/\/ronvig.com\/wp-content\/uploads\/2026\/03\/ASPIJECT-ACTIVE-COMPACT-with-threaded-plunger-tip-plunger-tip-and-cartridge.jpg\",\"width\":1200,\"height\":1200},{\"@type\":\"BreadcrumbList\",\"@id\":\"https:\/\/ronvig.com\/de\/vare\/aspiject-active-compact-kolbenspitze-mit-gewinde\/#breadcrumb\",\"itemListElement\":[{\"@type\":\"ListItem\",\"position\":1,\"name\":\"Start\",\"item\":\"https:\/\/ronvig.com\/de\/\"},{\"@type\":\"ListItem\",\"position\":2,\"name\":\"Shop\",\"item\":\"https:\/\/ronvig.com\/de\/shop-2\/\"},{\"@type\":\"ListItem\",\"position\":3,\"name\":\"ASPIJECT\u00ae Active Compact &#8211; Kolbenspitze mit Gewinde\"}]},{\"@type\":\"WebSite\",\"@id\":\"https:\/\/ronvig.com\/#website\",\"url\":\"https:\/\/ronvig.com\/\",\"name\":\"R\u00d8NVIG Dental Mfg. A\/S\",\"description\":\"Tandl\u00e6geudstyr\",\"publisher\":{\"@id\":\"https:\/\/ronvig.com\/#organization\"},\"potentialAction\":[{\"@type\":\"SearchAction\",\"target\":{\"@type\":\"EntryPoint\",\"urlTemplate\":\"https:\/\/ronvig.com\/?s={search_term_string}\"},\"query-input\":{\"@type\":\"PropertyValueSpecification\",\"valueRequired\":true,\"valueName\":\"search_term_string\"}}],\"inLanguage\":\"de\"},{\"@type\":\"Organization\",\"@id\":\"https:\/\/ronvig.com\/#organization\",\"name\":\"R\u00d8NVIG Dental Mfg. A\/S\",\"url\":\"https:\/\/ronvig.com\/\",\"logo\":{\"@type\":\"ImageObject\",\"inLanguage\":\"de\",\"@id\":\"https:\/\/ronvig.com\/#\/schema\/logo\/image\/\",\"url\":\"https:\/\/ronvig.com\/wp-content\/uploads\/2020\/12\/logo.svg\",\"contentUrl\":\"https:\/\/ronvig.com\/wp-content\/uploads\/2020\/12\/logo.svg\",\"width\":187.118,\"height\":30.03,\"caption\":\"R\u00d8NVIG Dental Mfg. A\/S\"},\"image\":{\"@id\":\"https:\/\/ronvig.com\/#\/schema\/logo\/image\/\"}}]}<\/script>\n<!-- \/ Yoast SEO plugin. -->","yoast_head_json":{"title":"Zylinderampullenspritzen ASPIJECT\u00ae Active Compact | Kaufen bei R\u00d8NVIG Dental >>","description":"Zylinderampullenspritzen f\u00fcr Ihre Zahnarztpraxis \u2713Kompakte Zylinderampullenspritzen \u2713Kolbenspitze mit Gewinde \u2713Pr\u00e4zision \u2713Leichtgewicht \u27135 Jahre Garantie \u2713Hergestellt in D\u00e4nemark","robots":{"index":"index","follow":"follow","max-snippet":"max-snippet:-1","max-image-preview":"max-image-preview:large","max-video-preview":"max-video-preview:-1"},"canonical":"https:\/\/ronvig.com\/de\/vare\/aspiject-active-compact-kolbenspitze-mit-gewinde\/","og_locale":"de_DE","og_type":"article","og_title":"Zylinderampullenspritzen ASPIJECT\u00ae Active Compact | Kaufen bei R\u00d8NVIG Dental >>","og_description":"Zylinderampullenspritzen f\u00fcr Ihre Zahnarztpraxis \u2713Kompakte Zylinderampullenspritzen \u2713Kolbenspitze mit Gewinde \u2713Pr\u00e4zision \u2713Leichtgewicht \u27135 Jahre Garantie \u2713Hergestellt in D\u00e4nemark","og_url":"https:\/\/ronvig.com\/de\/vare\/aspiject-active-compact-kolbenspitze-mit-gewinde\/","og_site_name":"R\u00d8NVIG Dental Mfg. A\/S","article_modified_time":"2026-04-10T10:38:29+00:00","twitter_card":"summary_large_image","twitter_misc":{"Gesch\u00e4tzte Lesezeit":"2\u00a0Minuten"},"schema":{"@context":"https:\/\/schema.org","@graph":[{"@type":"WebPage","@id":"https:\/\/ronvig.com\/de\/vare\/aspiject-active-compact-kolbenspitze-mit-gewinde\/","url":"https:\/\/ronvig.com\/de\/vare\/aspiject-active-compact-kolbenspitze-mit-gewinde\/","name":"Zylinderampullenspritzen ASPIJECT\u00ae Active Compact | Kaufen bei R\u00d8NVIG Dental >>","isPartOf":{"@id":"https:\/\/ronvig.com\/#website"},"primaryImageOfPage":{"@id":"https:\/\/ronvig.com\/de\/vare\/aspiject-active-compact-kolbenspitze-mit-gewinde\/#primaryimage"},"image":{"@id":"https:\/\/ronvig.com\/de\/vare\/aspiject-active-compact-kolbenspitze-mit-gewinde\/#primaryimage"},"thumbnailUrl":"https:\/\/ronvig.com\/wp-content\/uploads\/2026\/03\/ASPIJECT-ACTIVE-COMPACT-with-threaded-plunger-tip-plunger-tip-and-cartridge.jpg","datePublished":"2026-04-10T09:55:41+00:00","dateModified":"2026-04-10T10:38:29+00:00","description":"Zylinderampullenspritzen f\u00fcr Ihre Zahnarztpraxis \u2713Kompakte Zylinderampullenspritzen \u2713Kolbenspitze mit Gewinde \u2713Pr\u00e4zision \u2713Leichtgewicht \u27135 Jahre Garantie \u2713Hergestellt in D\u00e4nemark","breadcrumb":{"@id":"https:\/\/ronvig.com\/de\/vare\/aspiject-active-compact-kolbenspitze-mit-gewinde\/#breadcrumb"},"inLanguage":"de","potentialAction":[{"@type":"ReadAction","target":["https:\/\/ronvig.com\/de\/vare\/aspiject-active-compact-kolbenspitze-mit-gewinde\/"]}]},{"@type":"ImageObject","inLanguage":"de","@id":"https:\/\/ronvig.com\/de\/vare\/aspiject-active-compact-kolbenspitze-mit-gewinde\/#primaryimage","url":"https:\/\/ronvig.com\/wp-content\/uploads\/2026\/03\/ASPIJECT-ACTIVE-COMPACT-with-threaded-plunger-tip-plunger-tip-and-cartridge.jpg","contentUrl":"https:\/\/ronvig.com\/wp-content\/uploads\/2026\/03\/ASPIJECT-ACTIVE-COMPACT-with-threaded-plunger-tip-plunger-tip-and-cartridge.jpg","width":1200,"height":1200},{"@type":"BreadcrumbList","@id":"https:\/\/ronvig.com\/de\/vare\/aspiject-active-compact-kolbenspitze-mit-gewinde\/#breadcrumb","itemListElement":[{"@type":"ListItem","position":1,"name":"Start","item":"https:\/\/ronvig.com\/de\/"},{"@type":"ListItem","position":2,"name":"Shop","item":"https:\/\/ronvig.com\/de\/shop-2\/"},{"@type":"ListItem","position":3,"name":"ASPIJECT\u00ae Active Compact &#8211; Kolbenspitze mit Gewinde"}]},{"@type":"WebSite","@id":"https:\/\/ronvig.com\/#website","url":"https:\/\/ronvig.com\/","name":"R\u00d8NVIG Dental Mfg. A\/S","description":"Tandl\u00e6geudstyr","publisher":{"@id":"https:\/\/ronvig.com\/#organization"},"potentialAction":[{"@type":"SearchAction","target":{"@type":"EntryPoint","urlTemplate":"https:\/\/ronvig.com\/?s={search_term_string}"},"query-input":{"@type":"PropertyValueSpecification","valueRequired":true,"valueName":"search_term_string"}}],"inLanguage":"de"},{"@type":"Organization","@id":"https:\/\/ronvig.com\/#organization","name":"R\u00d8NVIG Dental Mfg. A\/S","url":"https:\/\/ronvig.com\/","logo":{"@type":"ImageObject","inLanguage":"de","@id":"https:\/\/ronvig.com\/#\/schema\/logo\/image\/","url":"https:\/\/ronvig.com\/wp-content\/uploads\/2020\/12\/logo.svg","contentUrl":"https:\/\/ronvig.com\/wp-content\/uploads\/2020\/12\/logo.svg","width":187.118,"height":30.03,"caption":"R\u00d8NVIG Dental Mfg. A\/S"},"image":{"@id":"https:\/\/ronvig.com\/#\/schema\/logo\/image\/"}}]}},"_links":{"self":[{"href":"https:\/\/ronvig.com\/de\/wp-json\/wp\/v2\/product\/18191","targetHints":{"allow":["GET"]}}],"collection":[{"href":"https:\/\/ronvig.com\/de\/wp-json\/wp\/v2\/product"}],"about":[{"href":"https:\/\/ronvig.com\/de\/wp-json\/wp\/v2\/types\/product"}],"wp:featuredmedia":[{"embeddable":true,"href":"https:\/\/ronvig.com\/de\/wp-json\/wp\/v2\/media\/18116"}],"wp:attachment":[{"href":"https:\/\/ronvig.com\/de\/wp-json\/wp\/v2\/media?parent=18191"}],"wp:term":[{"taxonomy":"product_brand","embeddable":true,"href":"https:\/\/ronvig.com\/de\/wp-json\/wp\/v2\/product_brand?post=18191"},{"taxonomy":"product_cat","embeddable":true,"href":"https:\/\/ronvig.com\/de\/wp-json\/wp\/v2\/product_cat?post=18191"},{"taxonomy":"product_tag","embeddable":true,"href":"https:\/\/ronvig.com\/de\/wp-json\/wp\/v2\/product_tag?post=18191"}],"curies":[{"name":"wp","href":"https:\/\/api.w.org\/{rel}","templated":true}]}}