{"id":4405,"date":"2020-12-04T13:31:52","date_gmt":"2020-12-04T12:31:52","guid":{"rendered":"https:\/\/ronvig.com\/vare\/4405\/"},"modified":"2025-11-14T11:29:55","modified_gmt":"2025-11-14T10:29:55","slug":"calaject","status":"publish","type":"product","link":"https:\/\/ronvig.com\/de\/vare\/calaject\/","title":{"rendered":"CALAJECT\u2122"},"content":{"rendered":"<p>CALAJECT\u2122 hilft Ihnen schmerzfrei zu injizieren.<br \/>\nDas System kontrolliert die Geschwindigkeit in der Abgabe des An\u00e4sthetikums, dies sorgt f\u00fcr ein angenehmes und sanftes Flie\u00dfen des An\u00e4sthetikums. Selbst palatinale Injektionen k\u00f6nnen vorgenommen werden, ohne dass der Patient Unbehagen oder Schmerz empfindet. Der leichte Griff, wie mit einem Stift, erm\u00f6glicht eine entspannte Arbeitsposition. Ein gutes Gef\u00fchl in den Fingern l\u00e4sst Sie f\u00fchlen wie die Nadelspitze perfekt ruhig in situ gehalten werden kann.<\/p>\n<p><strong>Kontroll Einheit<\/strong><\/p>\n<ul>\n<li>Touch Screen \u2013 Leicht und einfach zu handhaben.<\/li>\n<li>Das Display zeigt den aktuellen Injektionsdruck \u2013 inklusive eines Automatik-Stop, wenn der Druck im Gewebe zu hoch sein sollte.<\/li>\n<li>Ein akustisches Signal gibt die Flie\u00dfgeschwindigkeit an.<\/li>\n<li>Arbeitet mit einem separaten Fu\u00dfschalter.<\/li>\n<\/ul>\n<p><strong>Handst\u00fcck und Halterung<\/strong><\/p>\n<ul>\n<li>Ein vibrationsfreies und gef\u00fchlvolles Handst\u00fcck.<\/li>\n<li>Direkte Sichtkontrolle der Zylinderampulle w\u00e4hrend des injizierens.<\/li>\n<li>Automatische Aspiration, wenn der Druck vom Fu\u00dfschalter genommen wird.<\/li>\n<li>Zu benutzen mit Standard Dental Nadeln und Zylinderampullen.<\/li>\n<\/ul>\n<p>&nbsp;<\/p>\n<p><strong><a href=\"https:\/\/ronvig.com\/de\/calaject\/\"><span style=\"text-decoration: underline;\">Lesen Sie mehr \u00fcber CALAJECT\u2122<\/span><\/a><\/strong><\/p>\n","protected":false},"excerpt":{"rendered":"<p>Komplettes System bestehend aus: Kontrolleinheit (Akkubetrieben),<br \/>\nHandst\u00fcck,<br \/>\nHandst\u00fcck Halterung,<br \/>\nFu\u03b2schalter,<br \/>\nH\u00fclsen f\u00fcr Zylinderampullen, autoklavierbar (6 St\u00fcck),<br \/>\nLadeger\u00e4t,<br \/>\nWartungskit,<br \/>\nBedienungsanleitung.<\/p>\n","protected":false},"featured_media":16421,"template":"","meta":{"_acf_changed":false},"product_brand":[],"product_cat":[237],"product_tag":[],"class_list":{"0":"post-4405","1":"product","2":"type-product","3":"status-publish","4":"has-post-thumbnail","6":"product_cat-injektion-de","8":"first","9":"instock","10":"taxable","11":"shipping-taxable","12":"purchasable","13":"product-type-simple"},"acf":[],"yoast_head":"<!-- This site is optimized with the Yoast SEO plugin v27.2 - https:\/\/yoast.com\/product\/yoast-seo-wordpress\/ -->\n<title>(Online kaufen) CALAJECT | Digitale An\u00e4sthesie R\u00d6NVIG Dental<\/title>\n<meta name=\"description\" content=\"\u2713 Computergesteuerte An\u00e4sthesie \u2713 Bessere, ergonomische Arbeitsposition \u2713 Pr\u00e4zises einspritzen \u2713 Kein Abfall \u2713 D\u00e4nisches Design. CALAJECTTM kaufen &gt;&gt;\" \/>\n<meta name=\"robots\" content=\"index, follow, max-snippet:-1, max-image-preview:large, max-video-preview:-1\" \/>\n<link rel=\"canonical\" href=\"https:\/\/ronvig.com\/de\/vare\/calaject\/\" \/>\n<meta property=\"og:locale\" content=\"de_DE\" \/>\n<meta property=\"og:type\" content=\"article\" \/>\n<meta property=\"og:title\" content=\"(Online kaufen) CALAJECT | Digitale An\u00e4sthesie R\u00d6NVIG Dental\" \/>\n<meta property=\"og:description\" content=\"\u2713 Computergesteuerte An\u00e4sthesie \u2713 Bessere, ergonomische Arbeitsposition \u2713 Pr\u00e4zises einspritzen \u2713 Kein Abfall \u2713 D\u00e4nisches Design. CALAJECTTM kaufen &gt;&gt;\" \/>\n<meta property=\"og:url\" content=\"https:\/\/ronvig.com\/de\/vare\/calaject\/\" \/>\n<meta property=\"og:site_name\" content=\"R\u00d8NVIG Dental Mfg. A\/S\" \/>\n<meta property=\"article:modified_time\" content=\"2025-11-14T10:29:55+00:00\" \/>\n<meta name=\"twitter:card\" content=\"summary_large_image\" \/>\n<meta name=\"twitter:label1\" content=\"Gesch\u00e4tzte Lesezeit\" \/>\n\t<meta name=\"twitter:data1\" content=\"1\u00a0Minute\" \/>\n<script type=\"application\/ld+json\" class=\"yoast-schema-graph\">{\"@context\":\"https:\/\/schema.org\",\"@graph\":[{\"@type\":\"WebPage\",\"@id\":\"https:\/\/ronvig.com\/de\/vare\/calaject\/\",\"url\":\"https:\/\/ronvig.com\/de\/vare\/calaject\/\",\"name\":\"(Online kaufen) CALAJECT | Digitale An\u00e4sthesie R\u00d6NVIG Dental\",\"isPartOf\":{\"@id\":\"https:\/\/ronvig.com\/#website\"},\"primaryImageOfPage\":{\"@id\":\"https:\/\/ronvig.com\/de\/vare\/calaject\/#primaryimage\"},\"image\":{\"@id\":\"https:\/\/ronvig.com\/de\/vare\/calaject\/#primaryimage\"},\"thumbnailUrl\":\"https:\/\/ronvig.com\/wp-content\/uploads\/2025\/02\/Vareside_2025_1200x1200px.png\",\"datePublished\":\"2020-12-04T12:31:52+00:00\",\"dateModified\":\"2025-11-14T10:29:55+00:00\",\"description\":\"\u2713 Computergesteuerte An\u00e4sthesie \u2713 Bessere, ergonomische Arbeitsposition \u2713 Pr\u00e4zises einspritzen \u2713 Kein Abfall \u2713 D\u00e4nisches Design. CALAJECTTM kaufen >>\",\"breadcrumb\":{\"@id\":\"https:\/\/ronvig.com\/de\/vare\/calaject\/#breadcrumb\"},\"inLanguage\":\"de\",\"potentialAction\":[{\"@type\":\"ReadAction\",\"target\":[\"https:\/\/ronvig.com\/de\/vare\/calaject\/\"]}]},{\"@type\":\"ImageObject\",\"inLanguage\":\"de\",\"@id\":\"https:\/\/ronvig.com\/de\/vare\/calaject\/#primaryimage\",\"url\":\"https:\/\/ronvig.com\/wp-content\/uploads\/2025\/02\/Vareside_2025_1200x1200px.png\",\"contentUrl\":\"https:\/\/ronvig.com\/wp-content\/uploads\/2025\/02\/Vareside_2025_1200x1200px.png\",\"width\":1200,\"height\":1200},{\"@type\":\"BreadcrumbList\",\"@id\":\"https:\/\/ronvig.com\/de\/vare\/calaject\/#breadcrumb\",\"itemListElement\":[{\"@type\":\"ListItem\",\"position\":1,\"name\":\"Start\",\"item\":\"https:\/\/ronvig.com\/de\/\"},{\"@type\":\"ListItem\",\"position\":2,\"name\":\"Shop\",\"item\":\"https:\/\/ronvig.com\/de\/shop-2\/\"},{\"@type\":\"ListItem\",\"position\":3,\"name\":\"CALAJECT\u2122\"}]},{\"@type\":\"WebSite\",\"@id\":\"https:\/\/ronvig.com\/#website\",\"url\":\"https:\/\/ronvig.com\/\",\"name\":\"R\u00d8NVIG Dental Mfg. A\/S\",\"description\":\"Tandl\u00e6geudstyr\",\"publisher\":{\"@id\":\"https:\/\/ronvig.com\/#organization\"},\"potentialAction\":[{\"@type\":\"SearchAction\",\"target\":{\"@type\":\"EntryPoint\",\"urlTemplate\":\"https:\/\/ronvig.com\/?s={search_term_string}\"},\"query-input\":{\"@type\":\"PropertyValueSpecification\",\"valueRequired\":true,\"valueName\":\"search_term_string\"}}],\"inLanguage\":\"de\"},{\"@type\":\"Organization\",\"@id\":\"https:\/\/ronvig.com\/#organization\",\"name\":\"R\u00d8NVIG Dental Mfg. A\/S\",\"url\":\"https:\/\/ronvig.com\/\",\"logo\":{\"@type\":\"ImageObject\",\"inLanguage\":\"de\",\"@id\":\"https:\/\/ronvig.com\/#\/schema\/logo\/image\/\",\"url\":\"https:\/\/ronvig.com\/wp-content\/uploads\/2020\/12\/logo.svg\",\"contentUrl\":\"https:\/\/ronvig.com\/wp-content\/uploads\/2020\/12\/logo.svg\",\"width\":187.118,\"height\":30.03,\"caption\":\"R\u00d8NVIG Dental Mfg. A\/S\"},\"image\":{\"@id\":\"https:\/\/ronvig.com\/#\/schema\/logo\/image\/\"}}]}<\/script>\n<!-- \/ Yoast SEO plugin. -->","yoast_head_json":{"title":"(Online kaufen) CALAJECT | Digitale An\u00e4sthesie R\u00d6NVIG Dental","description":"\u2713 Computergesteuerte An\u00e4sthesie \u2713 Bessere, ergonomische Arbeitsposition \u2713 Pr\u00e4zises einspritzen \u2713 Kein Abfall \u2713 D\u00e4nisches Design. CALAJECTTM kaufen >>","robots":{"index":"index","follow":"follow","max-snippet":"max-snippet:-1","max-image-preview":"max-image-preview:large","max-video-preview":"max-video-preview:-1"},"canonical":"https:\/\/ronvig.com\/de\/vare\/calaject\/","og_locale":"de_DE","og_type":"article","og_title":"(Online kaufen) CALAJECT | Digitale An\u00e4sthesie R\u00d6NVIG Dental","og_description":"\u2713 Computergesteuerte An\u00e4sthesie \u2713 Bessere, ergonomische Arbeitsposition \u2713 Pr\u00e4zises einspritzen \u2713 Kein Abfall \u2713 D\u00e4nisches Design. CALAJECTTM kaufen >>","og_url":"https:\/\/ronvig.com\/de\/vare\/calaject\/","og_site_name":"R\u00d8NVIG Dental Mfg. A\/S","article_modified_time":"2025-11-14T10:29:55+00:00","twitter_card":"summary_large_image","twitter_misc":{"Gesch\u00e4tzte Lesezeit":"1\u00a0Minute"},"schema":{"@context":"https:\/\/schema.org","@graph":[{"@type":"WebPage","@id":"https:\/\/ronvig.com\/de\/vare\/calaject\/","url":"https:\/\/ronvig.com\/de\/vare\/calaject\/","name":"(Online kaufen) CALAJECT | Digitale An\u00e4sthesie R\u00d6NVIG Dental","isPartOf":{"@id":"https:\/\/ronvig.com\/#website"},"primaryImageOfPage":{"@id":"https:\/\/ronvig.com\/de\/vare\/calaject\/#primaryimage"},"image":{"@id":"https:\/\/ronvig.com\/de\/vare\/calaject\/#primaryimage"},"thumbnailUrl":"https:\/\/ronvig.com\/wp-content\/uploads\/2025\/02\/Vareside_2025_1200x1200px.png","datePublished":"2020-12-04T12:31:52+00:00","dateModified":"2025-11-14T10:29:55+00:00","description":"\u2713 Computergesteuerte An\u00e4sthesie \u2713 Bessere, ergonomische Arbeitsposition \u2713 Pr\u00e4zises einspritzen \u2713 Kein Abfall \u2713 D\u00e4nisches Design. CALAJECTTM kaufen >>","breadcrumb":{"@id":"https:\/\/ronvig.com\/de\/vare\/calaject\/#breadcrumb"},"inLanguage":"de","potentialAction":[{"@type":"ReadAction","target":["https:\/\/ronvig.com\/de\/vare\/calaject\/"]}]},{"@type":"ImageObject","inLanguage":"de","@id":"https:\/\/ronvig.com\/de\/vare\/calaject\/#primaryimage","url":"https:\/\/ronvig.com\/wp-content\/uploads\/2025\/02\/Vareside_2025_1200x1200px.png","contentUrl":"https:\/\/ronvig.com\/wp-content\/uploads\/2025\/02\/Vareside_2025_1200x1200px.png","width":1200,"height":1200},{"@type":"BreadcrumbList","@id":"https:\/\/ronvig.com\/de\/vare\/calaject\/#breadcrumb","itemListElement":[{"@type":"ListItem","position":1,"name":"Start","item":"https:\/\/ronvig.com\/de\/"},{"@type":"ListItem","position":2,"name":"Shop","item":"https:\/\/ronvig.com\/de\/shop-2\/"},{"@type":"ListItem","position":3,"name":"CALAJECT\u2122"}]},{"@type":"WebSite","@id":"https:\/\/ronvig.com\/#website","url":"https:\/\/ronvig.com\/","name":"R\u00d8NVIG Dental Mfg. A\/S","description":"Tandl\u00e6geudstyr","publisher":{"@id":"https:\/\/ronvig.com\/#organization"},"potentialAction":[{"@type":"SearchAction","target":{"@type":"EntryPoint","urlTemplate":"https:\/\/ronvig.com\/?s={search_term_string}"},"query-input":{"@type":"PropertyValueSpecification","valueRequired":true,"valueName":"search_term_string"}}],"inLanguage":"de"},{"@type":"Organization","@id":"https:\/\/ronvig.com\/#organization","name":"R\u00d8NVIG Dental Mfg. A\/S","url":"https:\/\/ronvig.com\/","logo":{"@type":"ImageObject","inLanguage":"de","@id":"https:\/\/ronvig.com\/#\/schema\/logo\/image\/","url":"https:\/\/ronvig.com\/wp-content\/uploads\/2020\/12\/logo.svg","contentUrl":"https:\/\/ronvig.com\/wp-content\/uploads\/2020\/12\/logo.svg","width":187.118,"height":30.03,"caption":"R\u00d8NVIG Dental Mfg. A\/S"},"image":{"@id":"https:\/\/ronvig.com\/#\/schema\/logo\/image\/"}}]}},"_links":{"self":[{"href":"https:\/\/ronvig.com\/de\/wp-json\/wp\/v2\/product\/4405","targetHints":{"allow":["GET"]}}],"collection":[{"href":"https:\/\/ronvig.com\/de\/wp-json\/wp\/v2\/product"}],"about":[{"href":"https:\/\/ronvig.com\/de\/wp-json\/wp\/v2\/types\/product"}],"wp:featuredmedia":[{"embeddable":true,"href":"https:\/\/ronvig.com\/de\/wp-json\/wp\/v2\/media\/16421"}],"wp:attachment":[{"href":"https:\/\/ronvig.com\/de\/wp-json\/wp\/v2\/media?parent=4405"}],"wp:term":[{"taxonomy":"product_brand","embeddable":true,"href":"https:\/\/ronvig.com\/de\/wp-json\/wp\/v2\/product_brand?post=4405"},{"taxonomy":"product_cat","embeddable":true,"href":"https:\/\/ronvig.com\/de\/wp-json\/wp\/v2\/product_cat?post=4405"},{"taxonomy":"product_tag","embeddable":true,"href":"https:\/\/ronvig.com\/de\/wp-json\/wp\/v2\/product_tag?post=4405"}],"curies":[{"name":"wp","href":"https:\/\/api.w.org\/{rel}","templated":true}]}}