{"id":4590,"date":"2020-12-04T13:32:44","date_gmt":"2020-12-04T12:32:44","guid":{"rendered":"https:\/\/ronvig.com\/vare\/see-it-flasche-rot\/"},"modified":"2025-06-03T13:06:38","modified_gmt":"2025-06-03T11:06:38","slug":"see-it-flasche-rot","status":"publish","type":"product","link":"https:\/\/ronvig.com\/de\/vare\/see-it-flasche-rot\/","title":{"rendered":"SEE-IT\u2122 Flasche &#8211; Rot"},"content":{"rendered":"<p>Tropffreier Kariesdetektor &#8211; einfach anzuwenden. Ein n\u00fctzliches kleines Werkzeug zur Unterscheidung zwischen kari\u00f6sem Dentin, das mit Bakterien infundiert ist, und kari\u00f6sem Dentin, das nicht infiziert ist. Ist auch zum Auffinden &#8222;versteckter&#8220; Wurzelkanaleing\u00e4nge geeignet, die schwer zu identifizieren sind.<\/p>\n<p>&nbsp;<\/p>\n<ul>\n<li>F\u00e4rbt kari\u00f6ses infiziertes Dentin, das schwer zu sehen ist &#8211; z. B. unter \u00fcberh\u00e4ngendem Schmelz.<\/li>\n<li>Tropffreies, thixotropes Gel &#8211; einfach zu handhaben.<\/li>\n<li>Wird mit einem St\u00e4bchen, Schwamm oder Mini-B\u00fcrste in die Kavit\u00e4t appliziert.<\/li>\n<li>Erh\u00e4ltlich in Flaschen zu 10 ml.<\/li>\n<li>Farben: Rot oder Blau.<\/li>\n<li>Entwickelt in Zusammenarbeit mit dem Department of Dental Materials, Universit\u00e4t Kopenhagen.<\/li>\n<\/ul>\n","protected":false},"excerpt":{"rendered":"<p>Tropfsicherer Kariesdetektor &#8211; einfach zu applizieren. Unterscheidet zwischen kari\u00f6sem Dentin, das mit Bakterien infundiert ist, und kari\u00f6sem Dentin, das nicht infiziert ist. Lokalisiert schwer zu findende Wurzelkanaleing\u00e4nge.<\/p>\n","protected":false},"featured_media":2375,"template":"","meta":{"_acf_changed":false},"product_brand":[],"product_cat":[344,245],"product_tag":[],"class_list":{"0":"post-4590","1":"product","2":"type-product","3":"status-publish","4":"has-post-thumbnail","6":"product_cat-karies-detektorer-de-2","7":"product_cat-see-it-flasker-de","9":"first","10":"instock","11":"taxable","12":"shipping-taxable","13":"purchasable","14":"product-type-simple"},"acf":[],"yoast_head":"<!-- This site is optimized with the Yoast SEO plugin v27.2 - https:\/\/yoast.com\/product\/yoast-seo-wordpress\/ -->\n<title>SEE-IT\u2122 Flasche - Rot - R\u00d8NVIG Dental Mfg. A\/S<\/title>\n<meta name=\"robots\" content=\"index, follow, max-snippet:-1, max-image-preview:large, max-video-preview:-1\" \/>\n<link rel=\"canonical\" href=\"https:\/\/ronvig.com\/de\/vare\/see-it-flasche-rot\/\" \/>\n<meta property=\"og:locale\" content=\"de_DE\" \/>\n<meta property=\"og:type\" content=\"article\" \/>\n<meta property=\"og:title\" content=\"SEE-IT\u2122 Flasche - Rot - R\u00d8NVIG Dental Mfg. A\/S\" \/>\n<meta property=\"og:description\" content=\"Tropfsicherer Kariesdetektor - einfach zu applizieren. Unterscheidet zwischen kari\u00f6sem Dentin, das mit Bakterien infundiert ist, und kari\u00f6sem Dentin, das nicht infiziert ist. Lokalisiert schwer zu findende Wurzelkanaleing\u00e4nge.\" \/>\n<meta property=\"og:url\" content=\"https:\/\/ronvig.com\/de\/vare\/see-it-flasche-rot\/\" \/>\n<meta property=\"og:site_name\" content=\"R\u00d8NVIG Dental Mfg. A\/S\" \/>\n<meta property=\"article:modified_time\" content=\"2025-06-03T11:06:38+00:00\" \/>\n<meta name=\"twitter:card\" content=\"summary_large_image\" \/>\n<meta name=\"twitter:label1\" content=\"Gesch\u00e4tzte Lesezeit\" \/>\n\t<meta name=\"twitter:data1\" content=\"1\u00a0Minute\" \/>\n<script type=\"application\/ld+json\" class=\"yoast-schema-graph\">{\"@context\":\"https:\/\/schema.org\",\"@graph\":[{\"@type\":\"WebPage\",\"@id\":\"https:\/\/ronvig.com\/de\/vare\/see-it-flasche-rot\/\",\"url\":\"https:\/\/ronvig.com\/de\/vare\/see-it-flasche-rot\/\",\"name\":\"SEE-IT\u2122 Flasche - Rot - R\u00d8NVIG Dental Mfg. A\/S\",\"isPartOf\":{\"@id\":\"https:\/\/ronvig.com\/#website\"},\"primaryImageOfPage\":{\"@id\":\"https:\/\/ronvig.com\/de\/vare\/see-it-flasche-rot\/#primaryimage\"},\"image\":{\"@id\":\"https:\/\/ronvig.com\/de\/vare\/see-it-flasche-rot\/#primaryimage\"},\"thumbnailUrl\":\"https:\/\/ronvig.com\/wp-content\/uploads\/2020\/12\/see-it-flaske01.jpg\",\"datePublished\":\"2020-12-04T12:32:44+00:00\",\"dateModified\":\"2025-06-03T11:06:38+00:00\",\"breadcrumb\":{\"@id\":\"https:\/\/ronvig.com\/de\/vare\/see-it-flasche-rot\/#breadcrumb\"},\"inLanguage\":\"de\",\"potentialAction\":[{\"@type\":\"ReadAction\",\"target\":[\"https:\/\/ronvig.com\/de\/vare\/see-it-flasche-rot\/\"]}]},{\"@type\":\"ImageObject\",\"inLanguage\":\"de\",\"@id\":\"https:\/\/ronvig.com\/de\/vare\/see-it-flasche-rot\/#primaryimage\",\"url\":\"https:\/\/ronvig.com\/wp-content\/uploads\/2020\/12\/see-it-flaske01.jpg\",\"contentUrl\":\"https:\/\/ronvig.com\/wp-content\/uploads\/2020\/12\/see-it-flaske01.jpg\",\"width\":1200,\"height\":1200},{\"@type\":\"BreadcrumbList\",\"@id\":\"https:\/\/ronvig.com\/de\/vare\/see-it-flasche-rot\/#breadcrumb\",\"itemListElement\":[{\"@type\":\"ListItem\",\"position\":1,\"name\":\"Start\",\"item\":\"https:\/\/ronvig.com\/de\/\"},{\"@type\":\"ListItem\",\"position\":2,\"name\":\"Shop\",\"item\":\"https:\/\/ronvig.com\/de\/shop-2\/\"},{\"@type\":\"ListItem\",\"position\":3,\"name\":\"SEE-IT\u2122 Flasche &#8211; Rot\"}]},{\"@type\":\"WebSite\",\"@id\":\"https:\/\/ronvig.com\/#website\",\"url\":\"https:\/\/ronvig.com\/\",\"name\":\"R\u00d8NVIG Dental Mfg. A\/S\",\"description\":\"Tandl\u00e6geudstyr\",\"publisher\":{\"@id\":\"https:\/\/ronvig.com\/#organization\"},\"potentialAction\":[{\"@type\":\"SearchAction\",\"target\":{\"@type\":\"EntryPoint\",\"urlTemplate\":\"https:\/\/ronvig.com\/?s={search_term_string}\"},\"query-input\":{\"@type\":\"PropertyValueSpecification\",\"valueRequired\":true,\"valueName\":\"search_term_string\"}}],\"inLanguage\":\"de\"},{\"@type\":\"Organization\",\"@id\":\"https:\/\/ronvig.com\/#organization\",\"name\":\"R\u00d8NVIG Dental Mfg. A\/S\",\"url\":\"https:\/\/ronvig.com\/\",\"logo\":{\"@type\":\"ImageObject\",\"inLanguage\":\"de\",\"@id\":\"https:\/\/ronvig.com\/#\/schema\/logo\/image\/\",\"url\":\"https:\/\/ronvig.com\/wp-content\/uploads\/2020\/12\/logo.svg\",\"contentUrl\":\"https:\/\/ronvig.com\/wp-content\/uploads\/2020\/12\/logo.svg\",\"width\":187.118,\"height\":30.03,\"caption\":\"R\u00d8NVIG Dental Mfg. A\/S\"},\"image\":{\"@id\":\"https:\/\/ronvig.com\/#\/schema\/logo\/image\/\"}}]}<\/script>\n<!-- \/ Yoast SEO plugin. -->","yoast_head_json":{"title":"SEE-IT\u2122 Flasche - Rot - R\u00d8NVIG Dental Mfg. A\/S","robots":{"index":"index","follow":"follow","max-snippet":"max-snippet:-1","max-image-preview":"max-image-preview:large","max-video-preview":"max-video-preview:-1"},"canonical":"https:\/\/ronvig.com\/de\/vare\/see-it-flasche-rot\/","og_locale":"de_DE","og_type":"article","og_title":"SEE-IT\u2122 Flasche - Rot - R\u00d8NVIG Dental Mfg. A\/S","og_description":"Tropfsicherer Kariesdetektor - einfach zu applizieren. Unterscheidet zwischen kari\u00f6sem Dentin, das mit Bakterien infundiert ist, und kari\u00f6sem Dentin, das nicht infiziert ist. Lokalisiert schwer zu findende Wurzelkanaleing\u00e4nge.","og_url":"https:\/\/ronvig.com\/de\/vare\/see-it-flasche-rot\/","og_site_name":"R\u00d8NVIG Dental Mfg. A\/S","article_modified_time":"2025-06-03T11:06:38+00:00","twitter_card":"summary_large_image","twitter_misc":{"Gesch\u00e4tzte Lesezeit":"1\u00a0Minute"},"schema":{"@context":"https:\/\/schema.org","@graph":[{"@type":"WebPage","@id":"https:\/\/ronvig.com\/de\/vare\/see-it-flasche-rot\/","url":"https:\/\/ronvig.com\/de\/vare\/see-it-flasche-rot\/","name":"SEE-IT\u2122 Flasche - Rot - R\u00d8NVIG Dental Mfg. A\/S","isPartOf":{"@id":"https:\/\/ronvig.com\/#website"},"primaryImageOfPage":{"@id":"https:\/\/ronvig.com\/de\/vare\/see-it-flasche-rot\/#primaryimage"},"image":{"@id":"https:\/\/ronvig.com\/de\/vare\/see-it-flasche-rot\/#primaryimage"},"thumbnailUrl":"https:\/\/ronvig.com\/wp-content\/uploads\/2020\/12\/see-it-flaske01.jpg","datePublished":"2020-12-04T12:32:44+00:00","dateModified":"2025-06-03T11:06:38+00:00","breadcrumb":{"@id":"https:\/\/ronvig.com\/de\/vare\/see-it-flasche-rot\/#breadcrumb"},"inLanguage":"de","potentialAction":[{"@type":"ReadAction","target":["https:\/\/ronvig.com\/de\/vare\/see-it-flasche-rot\/"]}]},{"@type":"ImageObject","inLanguage":"de","@id":"https:\/\/ronvig.com\/de\/vare\/see-it-flasche-rot\/#primaryimage","url":"https:\/\/ronvig.com\/wp-content\/uploads\/2020\/12\/see-it-flaske01.jpg","contentUrl":"https:\/\/ronvig.com\/wp-content\/uploads\/2020\/12\/see-it-flaske01.jpg","width":1200,"height":1200},{"@type":"BreadcrumbList","@id":"https:\/\/ronvig.com\/de\/vare\/see-it-flasche-rot\/#breadcrumb","itemListElement":[{"@type":"ListItem","position":1,"name":"Start","item":"https:\/\/ronvig.com\/de\/"},{"@type":"ListItem","position":2,"name":"Shop","item":"https:\/\/ronvig.com\/de\/shop-2\/"},{"@type":"ListItem","position":3,"name":"SEE-IT\u2122 Flasche &#8211; Rot"}]},{"@type":"WebSite","@id":"https:\/\/ronvig.com\/#website","url":"https:\/\/ronvig.com\/","name":"R\u00d8NVIG Dental Mfg. A\/S","description":"Tandl\u00e6geudstyr","publisher":{"@id":"https:\/\/ronvig.com\/#organization"},"potentialAction":[{"@type":"SearchAction","target":{"@type":"EntryPoint","urlTemplate":"https:\/\/ronvig.com\/?s={search_term_string}"},"query-input":{"@type":"PropertyValueSpecification","valueRequired":true,"valueName":"search_term_string"}}],"inLanguage":"de"},{"@type":"Organization","@id":"https:\/\/ronvig.com\/#organization","name":"R\u00d8NVIG Dental Mfg. A\/S","url":"https:\/\/ronvig.com\/","logo":{"@type":"ImageObject","inLanguage":"de","@id":"https:\/\/ronvig.com\/#\/schema\/logo\/image\/","url":"https:\/\/ronvig.com\/wp-content\/uploads\/2020\/12\/logo.svg","contentUrl":"https:\/\/ronvig.com\/wp-content\/uploads\/2020\/12\/logo.svg","width":187.118,"height":30.03,"caption":"R\u00d8NVIG Dental Mfg. A\/S"},"image":{"@id":"https:\/\/ronvig.com\/#\/schema\/logo\/image\/"}}]}},"_links":{"self":[{"href":"https:\/\/ronvig.com\/de\/wp-json\/wp\/v2\/product\/4590","targetHints":{"allow":["GET"]}}],"collection":[{"href":"https:\/\/ronvig.com\/de\/wp-json\/wp\/v2\/product"}],"about":[{"href":"https:\/\/ronvig.com\/de\/wp-json\/wp\/v2\/types\/product"}],"wp:featuredmedia":[{"embeddable":true,"href":"https:\/\/ronvig.com\/de\/wp-json\/wp\/v2\/media\/2375"}],"wp:attachment":[{"href":"https:\/\/ronvig.com\/de\/wp-json\/wp\/v2\/media?parent=4590"}],"wp:term":[{"taxonomy":"product_brand","embeddable":true,"href":"https:\/\/ronvig.com\/de\/wp-json\/wp\/v2\/product_brand?post=4590"},{"taxonomy":"product_cat","embeddable":true,"href":"https:\/\/ronvig.com\/de\/wp-json\/wp\/v2\/product_cat?post=4590"},{"taxonomy":"product_tag","embeddable":true,"href":"https:\/\/ronvig.com\/de\/wp-json\/wp\/v2\/product_tag?post=4590"}],"curies":[{"name":"wp","href":"https:\/\/api.w.org\/{rel}","templated":true}]}}