{"id":4618,"date":"2020-12-04T13:32:33","date_gmt":"2020-12-04T12:32:33","guid":{"rendered":"https:\/\/ronvig.com\/vare\/ease-it-heizgeraet\/"},"modified":"2025-11-14T11:28:46","modified_gmt":"2025-11-14T10:28:46","slug":"ease-it-heizgeraet","status":"publish","type":"product","link":"https:\/\/ronvig.com\/de\/vare\/ease-it-heizgeraet\/","title":{"rendered":"EASE-IT\u2122 Heizger\u00e4t"},"content":{"rendered":"<p>EASE-IT\u2122 Kompositerw\u00e4rmer ist ein vielseitiges System zur leichten Erw\u00e4rmung von Verbundwerkstoffen.<\/p>\n<p>Die Vorw\u00e4rmung erleichtert die Anpassung des Komposits in d\u00fcnnen Schichten und in kleinen Kavit\u00e4ten und verringert das Risiko, Luftblasen in das Material einzubringen.<\/p>\n<p>Es sind zwei Aufs\u00e4tze erh\u00e4ltlich &#8211; ein Spritzenhalter oder ein Gef\u00e4\u00df zum Erw\u00e4rmen von Unit-Dose-Tips oder direkt platziertem Composite.<\/p>\n<ul>\n<li>Heizger\u00e4t mit elektronischer Temperaturkontrolle<\/li>\n<li>Die Temperatur kann zwischen 40\u00b0 und 60\u00b0 C eingestellt werden \u2013 gem\u00e4\u00df dem Material das verarbeitet wird oder der<br \/>\npers\u00f6nlichen Pr\u00e4ferenz. Die Standardeinstellung betr\u00e4gt 50\u00b0C.<\/li>\n<li>Der eingebaute LED-Indikator wechselt von Gelb auf Gr\u00fcn beim erreichen der gew\u00e4hlten Temperatur.<\/li>\n<li>EASE-IT\u2122 hat keine negativen Einfl\u00fcsse auf das Komposit &#8211; <span style=\"text-decoration: underline;\"><a href=\"\/wp-content\/uploads\/2020\/12\/Ease-It_Peutzfeldt.pdf\" target=\"_blank\" rel=\"noopener noreferrer\">siehe Test der School of Dentistry, Copenhagen Unisversity.<\/a><\/span><\/li>\n<\/ul>\n<p><BR><br \/>\n<span style=\"color: var(--e-global-color-secondary);\"><a class=\"red\" href=\"\/de\/vare\/ease-it-behaelter\/\"><span style=\"text-decoration: underline;\">Beh\u00e4lter<\/span><\/a>, <span style=\"color: var(--e-global-color-secondary);\"><a class=\"red\" href=\"\/de\/vare\/ease-it-thermo-block-kombihalter\/\"><span style=\"text-decoration: underline;\">Thermo-Block Kombihalter<\/span><\/a>, <span style=\"color: var(--e-global-color-secondary);\"><a class=\"red\" href=\"\/de\/vare\/ease-it-spritzenhalter\/\"><span style=\"text-decoration: underline;\">Thermo-Block Spritzenhalter<\/a><\/span> sind nicht im Lieferumfang enthalten, sondern separat erh\u00e4ltlich. <\/span><\/span><\/span><\/p>\n<p><BR><\/p>\n","protected":false},"excerpt":{"rendered":"<p>Mit elektronischer Temperaturkontrolle von 40\u00b0- 60\u00b0.<br \/>\nZu benutzen mit dem EASE-IT\u2122 Thermo-Block oder EASE-IT\u2122 Beh\u00e4lter.<br \/>\n<BR><br \/>\n<BR><br \/>\n<span style=\"color: var(--e-global-color-secondary);\"><a class=\"red\" href=\"\/de\/vare\/ease-it-behaelter\/\"><span style=\"text-decoration: underline;\">Beh\u00e4lter<\/span><\/a>, <span style=\"color: var(--e-global-color-secondary);\"><a class=\"red\" href=\"\/de\/vare\/ease-it-thermo-block-kombihalter\/\"><span style=\"text-decoration: underline;\">Thermo-Block Kombihalter<\/span><\/a>, <span style=\"color: var(--e-global-color-secondary);\"><a class=\"red\" href=\"\/de\/vare\/ease-it-spritzenhalter\/\"><span style=\"text-decoration: underline;\">Thermo-Block Spritzenhalter<\/a><\/span> sind separat erh\u00e4ltlich. <\/span><\/span><\/span><\/p>\n<p><BR><\/p>\n","protected":false},"featured_media":16059,"template":"","meta":{"_acf_changed":false},"product_brand":[],"product_cat":[244],"product_tag":[],"class_list":{"0":"post-4618","1":"product","2":"type-product","3":"status-publish","4":"has-post-thumbnail","6":"product_cat-ease-it-de","8":"first","9":"instock","10":"taxable","11":"shipping-taxable","12":"purchasable","13":"product-type-simple"},"acf":[],"yoast_head":"<!-- This site is optimized with the Yoast SEO plugin v27.2 - https:\/\/yoast.com\/product\/yoast-seo-wordpress\/ -->\n<title>EASE-IT\u2122 Heizger\u00e4t - R\u00d8NVIG Dental Mfg. A\/S<\/title>\n<meta name=\"robots\" content=\"index, follow, max-snippet:-1, max-image-preview:large, max-video-preview:-1\" \/>\n<link rel=\"canonical\" href=\"https:\/\/ronvig.com\/de\/vare\/ease-it-heizgeraet\/\" \/>\n<meta property=\"og:locale\" content=\"de_DE\" \/>\n<meta property=\"og:type\" content=\"article\" \/>\n<meta property=\"og:title\" content=\"EASE-IT\u2122 Heizger\u00e4t - R\u00d8NVIG Dental Mfg. A\/S\" \/>\n<meta property=\"og:description\" content=\"Mit elektronischer Temperaturkontrolle von 40\u00b0- 60\u00b0.  Zu benutzen mit dem EASE-IT\u2122 Thermo-Block oder EASE-IT\u2122 Beh\u00e4lter.    Beh\u00e4lter, Thermo-Block Kombihalter, Thermo-Block Spritzenhalter sind separat erh\u00e4ltlich.\" \/>\n<meta property=\"og:url\" content=\"https:\/\/ronvig.com\/de\/vare\/ease-it-heizgeraet\/\" \/>\n<meta property=\"og:site_name\" content=\"R\u00d8NVIG Dental Mfg. A\/S\" \/>\n<meta property=\"article:modified_time\" content=\"2025-11-14T10:28:46+00:00\" \/>\n<meta name=\"twitter:card\" content=\"summary_large_image\" \/>\n<meta name=\"twitter:label1\" content=\"Gesch\u00e4tzte Lesezeit\" \/>\n\t<meta name=\"twitter:data1\" content=\"1\u00a0Minute\" \/>\n<script type=\"application\/ld+json\" class=\"yoast-schema-graph\">{\"@context\":\"https:\/\/schema.org\",\"@graph\":[{\"@type\":\"WebPage\",\"@id\":\"https:\/\/ronvig.com\/de\/vare\/ease-it-heizgeraet\/\",\"url\":\"https:\/\/ronvig.com\/de\/vare\/ease-it-heizgeraet\/\",\"name\":\"EASE-IT\u2122 Heizger\u00e4t - R\u00d8NVIG Dental Mfg. A\/S\",\"isPartOf\":{\"@id\":\"https:\/\/ronvig.com\/#website\"},\"primaryImageOfPage\":{\"@id\":\"https:\/\/ronvig.com\/de\/vare\/ease-it-heizgeraet\/#primaryimage\"},\"image\":{\"@id\":\"https:\/\/ronvig.com\/de\/vare\/ease-it-heizgeraet\/#primaryimage\"},\"thumbnailUrl\":\"https:\/\/ronvig.com\/wp-content\/uploads\/2024\/11\/EASE-IT_warmer_new-model-2024_1200x1200px.jpg\",\"datePublished\":\"2020-12-04T12:32:33+00:00\",\"dateModified\":\"2025-11-14T10:28:46+00:00\",\"breadcrumb\":{\"@id\":\"https:\/\/ronvig.com\/de\/vare\/ease-it-heizgeraet\/#breadcrumb\"},\"inLanguage\":\"de\",\"potentialAction\":[{\"@type\":\"ReadAction\",\"target\":[\"https:\/\/ronvig.com\/de\/vare\/ease-it-heizgeraet\/\"]}]},{\"@type\":\"ImageObject\",\"inLanguage\":\"de\",\"@id\":\"https:\/\/ronvig.com\/de\/vare\/ease-it-heizgeraet\/#primaryimage\",\"url\":\"https:\/\/ronvig.com\/wp-content\/uploads\/2024\/11\/EASE-IT_warmer_new-model-2024_1200x1200px.jpg\",\"contentUrl\":\"https:\/\/ronvig.com\/wp-content\/uploads\/2024\/11\/EASE-IT_warmer_new-model-2024_1200x1200px.jpg\",\"width\":1200,\"height\":1200},{\"@type\":\"BreadcrumbList\",\"@id\":\"https:\/\/ronvig.com\/de\/vare\/ease-it-heizgeraet\/#breadcrumb\",\"itemListElement\":[{\"@type\":\"ListItem\",\"position\":1,\"name\":\"Start\",\"item\":\"https:\/\/ronvig.com\/de\/\"},{\"@type\":\"ListItem\",\"position\":2,\"name\":\"Shop\",\"item\":\"https:\/\/ronvig.com\/de\/shop-2\/\"},{\"@type\":\"ListItem\",\"position\":3,\"name\":\"EASE-IT\u2122 Heizger\u00e4t\"}]},{\"@type\":\"WebSite\",\"@id\":\"https:\/\/ronvig.com\/#website\",\"url\":\"https:\/\/ronvig.com\/\",\"name\":\"R\u00d8NVIG Dental Mfg. A\/S\",\"description\":\"Tandl\u00e6geudstyr\",\"publisher\":{\"@id\":\"https:\/\/ronvig.com\/#organization\"},\"potentialAction\":[{\"@type\":\"SearchAction\",\"target\":{\"@type\":\"EntryPoint\",\"urlTemplate\":\"https:\/\/ronvig.com\/?s={search_term_string}\"},\"query-input\":{\"@type\":\"PropertyValueSpecification\",\"valueRequired\":true,\"valueName\":\"search_term_string\"}}],\"inLanguage\":\"de\"},{\"@type\":\"Organization\",\"@id\":\"https:\/\/ronvig.com\/#organization\",\"name\":\"R\u00d8NVIG Dental Mfg. A\/S\",\"url\":\"https:\/\/ronvig.com\/\",\"logo\":{\"@type\":\"ImageObject\",\"inLanguage\":\"de\",\"@id\":\"https:\/\/ronvig.com\/#\/schema\/logo\/image\/\",\"url\":\"https:\/\/ronvig.com\/wp-content\/uploads\/2020\/12\/logo.svg\",\"contentUrl\":\"https:\/\/ronvig.com\/wp-content\/uploads\/2020\/12\/logo.svg\",\"width\":187.118,\"height\":30.03,\"caption\":\"R\u00d8NVIG Dental Mfg. A\/S\"},\"image\":{\"@id\":\"https:\/\/ronvig.com\/#\/schema\/logo\/image\/\"}}]}<\/script>\n<!-- \/ Yoast SEO plugin. -->","yoast_head_json":{"title":"EASE-IT\u2122 Heizger\u00e4t - R\u00d8NVIG Dental Mfg. A\/S","robots":{"index":"index","follow":"follow","max-snippet":"max-snippet:-1","max-image-preview":"max-image-preview:large","max-video-preview":"max-video-preview:-1"},"canonical":"https:\/\/ronvig.com\/de\/vare\/ease-it-heizgeraet\/","og_locale":"de_DE","og_type":"article","og_title":"EASE-IT\u2122 Heizger\u00e4t - R\u00d8NVIG Dental Mfg. A\/S","og_description":"Mit elektronischer Temperaturkontrolle von 40\u00b0- 60\u00b0.  Zu benutzen mit dem EASE-IT\u2122 Thermo-Block oder EASE-IT\u2122 Beh\u00e4lter.    Beh\u00e4lter, Thermo-Block Kombihalter, Thermo-Block Spritzenhalter sind separat erh\u00e4ltlich.","og_url":"https:\/\/ronvig.com\/de\/vare\/ease-it-heizgeraet\/","og_site_name":"R\u00d8NVIG Dental Mfg. A\/S","article_modified_time":"2025-11-14T10:28:46+00:00","twitter_card":"summary_large_image","twitter_misc":{"Gesch\u00e4tzte Lesezeit":"1\u00a0Minute"},"schema":{"@context":"https:\/\/schema.org","@graph":[{"@type":"WebPage","@id":"https:\/\/ronvig.com\/de\/vare\/ease-it-heizgeraet\/","url":"https:\/\/ronvig.com\/de\/vare\/ease-it-heizgeraet\/","name":"EASE-IT\u2122 Heizger\u00e4t - R\u00d8NVIG Dental Mfg. A\/S","isPartOf":{"@id":"https:\/\/ronvig.com\/#website"},"primaryImageOfPage":{"@id":"https:\/\/ronvig.com\/de\/vare\/ease-it-heizgeraet\/#primaryimage"},"image":{"@id":"https:\/\/ronvig.com\/de\/vare\/ease-it-heizgeraet\/#primaryimage"},"thumbnailUrl":"https:\/\/ronvig.com\/wp-content\/uploads\/2024\/11\/EASE-IT_warmer_new-model-2024_1200x1200px.jpg","datePublished":"2020-12-04T12:32:33+00:00","dateModified":"2025-11-14T10:28:46+00:00","breadcrumb":{"@id":"https:\/\/ronvig.com\/de\/vare\/ease-it-heizgeraet\/#breadcrumb"},"inLanguage":"de","potentialAction":[{"@type":"ReadAction","target":["https:\/\/ronvig.com\/de\/vare\/ease-it-heizgeraet\/"]}]},{"@type":"ImageObject","inLanguage":"de","@id":"https:\/\/ronvig.com\/de\/vare\/ease-it-heizgeraet\/#primaryimage","url":"https:\/\/ronvig.com\/wp-content\/uploads\/2024\/11\/EASE-IT_warmer_new-model-2024_1200x1200px.jpg","contentUrl":"https:\/\/ronvig.com\/wp-content\/uploads\/2024\/11\/EASE-IT_warmer_new-model-2024_1200x1200px.jpg","width":1200,"height":1200},{"@type":"BreadcrumbList","@id":"https:\/\/ronvig.com\/de\/vare\/ease-it-heizgeraet\/#breadcrumb","itemListElement":[{"@type":"ListItem","position":1,"name":"Start","item":"https:\/\/ronvig.com\/de\/"},{"@type":"ListItem","position":2,"name":"Shop","item":"https:\/\/ronvig.com\/de\/shop-2\/"},{"@type":"ListItem","position":3,"name":"EASE-IT\u2122 Heizger\u00e4t"}]},{"@type":"WebSite","@id":"https:\/\/ronvig.com\/#website","url":"https:\/\/ronvig.com\/","name":"R\u00d8NVIG Dental Mfg. A\/S","description":"Tandl\u00e6geudstyr","publisher":{"@id":"https:\/\/ronvig.com\/#organization"},"potentialAction":[{"@type":"SearchAction","target":{"@type":"EntryPoint","urlTemplate":"https:\/\/ronvig.com\/?s={search_term_string}"},"query-input":{"@type":"PropertyValueSpecification","valueRequired":true,"valueName":"search_term_string"}}],"inLanguage":"de"},{"@type":"Organization","@id":"https:\/\/ronvig.com\/#organization","name":"R\u00d8NVIG Dental Mfg. A\/S","url":"https:\/\/ronvig.com\/","logo":{"@type":"ImageObject","inLanguage":"de","@id":"https:\/\/ronvig.com\/#\/schema\/logo\/image\/","url":"https:\/\/ronvig.com\/wp-content\/uploads\/2020\/12\/logo.svg","contentUrl":"https:\/\/ronvig.com\/wp-content\/uploads\/2020\/12\/logo.svg","width":187.118,"height":30.03,"caption":"R\u00d8NVIG Dental Mfg. A\/S"},"image":{"@id":"https:\/\/ronvig.com\/#\/schema\/logo\/image\/"}}]}},"_links":{"self":[{"href":"https:\/\/ronvig.com\/de\/wp-json\/wp\/v2\/product\/4618","targetHints":{"allow":["GET"]}}],"collection":[{"href":"https:\/\/ronvig.com\/de\/wp-json\/wp\/v2\/product"}],"about":[{"href":"https:\/\/ronvig.com\/de\/wp-json\/wp\/v2\/types\/product"}],"wp:featuredmedia":[{"embeddable":true,"href":"https:\/\/ronvig.com\/de\/wp-json\/wp\/v2\/media\/16059"}],"wp:attachment":[{"href":"https:\/\/ronvig.com\/de\/wp-json\/wp\/v2\/media?parent=4618"}],"wp:term":[{"taxonomy":"product_brand","embeddable":true,"href":"https:\/\/ronvig.com\/de\/wp-json\/wp\/v2\/product_brand?post=4618"},{"taxonomy":"product_cat","embeddable":true,"href":"https:\/\/ronvig.com\/de\/wp-json\/wp\/v2\/product_cat?post=4618"},{"taxonomy":"product_tag","embeddable":true,"href":"https:\/\/ronvig.com\/de\/wp-json\/wp\/v2\/product_tag?post=4618"}],"curies":[{"name":"wp","href":"https:\/\/api.w.org\/{rel}","templated":true}]}}