{"id":4621,"date":"2020-12-04T13:32:03","date_gmt":"2020-12-04T12:32:03","guid":{"rendered":"https:\/\/ronvig.com\/vare\/dento-prep\/"},"modified":"2026-03-25T09:58:03","modified_gmt":"2026-03-25T08:58:03","slug":"dento-prep","status":"publish","type":"product","link":"https:\/\/ronvig.com\/de\/vare\/dento-prep\/","title":{"rendered":"DENTO-PREP\u2122"},"content":{"rendered":"<p>Ein Mini-Sandstrahler ist ein sehr n\u00fctzliches Ger\u00e4t f\u00fcr viele g\u00e4ngige Verfahren in der Zahnheilkunde, z.B. zum Reinigen und Mikroaufrauen von Keramik-, Komposit- und Metalloberfl\u00e4chen vor der Zementierung.<\/p>\n<p>Sandstrahlen mit DENTO-PREP erh\u00f6ht die mechanische Haftfestigkeit und wird mit Aluminiumoxid verwendet.<\/p>\n<p>F\u00fcr intra- und extraorale Anwendungen einsetzbar.<\/p>\n<p>DENTO-PREP ist ein kompaktes und handliches Ger\u00e4t von erstklassiger Qualit\u00e4t.<\/p>\n<ul>\n<li>Einfache Fingerbedienung mit dem Ventilknopf.<\/li>\n<li>Einfache Installation durch Turbinen-Schnellkupplungen.<\/li>\n<li>Aus hochwertigem Edelstahl gefertigt und in jedem Verfahren autoklavierbar.<\/li>\n<li>Zur Verwendung mit <span style=\"text-decoration: underline;\"><a href=\"https:\/\/ronvig.com\/de\/vare\/aluminiumoxid\/\">Aluminium<\/a><\/span>&#8211; und Siliziumoxidpulver (Partikelgr\u00f6\u00dfe 20-80 \u00b5m).<\/li>\n<li>Autoklavierbar.<\/li>\n<li>Einsetzbar mit Staubkabine \/ <span style=\"text-decoration: underline;\"><a href=\"https:\/\/ronvig.com\/de\/vare\/dento-prep-staub-kabinett-neues-modell\/\">Dust-Cabinet<\/a><\/span> zum Reinigen und Sandstrahlen von z.B. indirekten Restaurationen.<\/li>\n<\/ul>\n<p>&nbsp;<\/p>\n<p><span style=\"color:var(--e-global-color-secondary);\"> Dento-Prep wird ohne Anschluss geliefert \u2013 Die Auswahl finden Sie  <span style=\"text-decoration: underline;\"><span style=\"color:var(--e-global-color-secondary);\"><a href=\"https:\/\/ronvig.com\/de\/vare-kategori\/praeparation-de\/mikrostrahlgeraet-praeparation\/installation\/\" class=\"red\"> hier<\/a><\/span><\/span><\/span><\/p>\n<p>&nbsp;<\/p>\n","protected":false},"excerpt":{"rendered":"<p>Mikrostrahlger\u00e4t f\u00fcr intra- und extra-orale Anwendungen. Bietet optimale Haftfestigkeit.<br \/>\n<BR><br \/>\n<BR><br \/>\n<span style=\"color:var(--e-global-color-secondary);\"> Dento-Prep wird ohne Anschluss geliefert \u2013 Die Auswahl finden Sie  <span style=\"text-decoration: underline;\"><span style=\"color:var(--e-global-color-secondary);\"><a href=\"https:\/\/ronvig.com\/de\/vare-kategori\/praeparation-de\/mikrostrahlgeraet-praeparation\/installation\/\" class=\"red\"> hier<\/a><\/span><\/span><\/span><\/p>\n<p>&nbsp;<\/p>\n","protected":false},"featured_media":2220,"template":"","meta":{"_acf_changed":false},"product_brand":[],"product_cat":[419,242],"product_tag":[],"class_list":{"0":"post-4621","1":"product","2":"type-product","3":"status-publish","4":"has-post-thumbnail","6":"product_cat-mikrostrahlgeraet-praeparation","7":"product_cat-praeparation-de","9":"first","10":"instock","11":"taxable","12":"shipping-taxable","13":"purchasable","14":"product-type-simple"},"acf":[],"yoast_head":"<!-- This site is optimized with the Yoast SEO plugin v27.2 - https:\/\/yoast.com\/product\/yoast-seo-wordpress\/ -->\n<title>DENTO-PREP\u2122 - R\u00d8NVIG Dental Mfg. A\/S<\/title>\n<meta name=\"robots\" content=\"index, follow, max-snippet:-1, max-image-preview:large, max-video-preview:-1\" \/>\n<link rel=\"canonical\" href=\"https:\/\/ronvig.com\/de\/vare\/dento-prep\/\" \/>\n<meta property=\"og:locale\" content=\"de_DE\" \/>\n<meta property=\"og:type\" content=\"article\" \/>\n<meta property=\"og:title\" content=\"DENTO-PREP\u2122 - R\u00d8NVIG Dental Mfg. A\/S\" \/>\n<meta property=\"og:description\" content=\"Mikrostrahlger\u00e4t f\u00fcr intra- und extra-orale Anwendungen. Bietet optimale Haftfestigkeit.    Dento-Prep wird ohne Anschluss geliefert \u2013 Die Auswahl finden Sie  hier &nbsp;\" \/>\n<meta property=\"og:url\" content=\"https:\/\/ronvig.com\/de\/vare\/dento-prep\/\" \/>\n<meta property=\"og:site_name\" content=\"R\u00d8NVIG Dental Mfg. A\/S\" \/>\n<meta property=\"article:modified_time\" content=\"2026-03-25T08:58:03+00:00\" \/>\n<meta name=\"twitter:card\" content=\"summary_large_image\" \/>\n<meta name=\"twitter:label1\" content=\"Gesch\u00e4tzte Lesezeit\" \/>\n\t<meta name=\"twitter:data1\" content=\"1\u00a0Minute\" \/>\n<script type=\"application\/ld+json\" class=\"yoast-schema-graph\">{\"@context\":\"https:\/\/schema.org\",\"@graph\":[{\"@type\":\"WebPage\",\"@id\":\"https:\/\/ronvig.com\/de\/vare\/dento-prep\/\",\"url\":\"https:\/\/ronvig.com\/de\/vare\/dento-prep\/\",\"name\":\"DENTO-PREP\u2122 - R\u00d8NVIG Dental Mfg. A\/S\",\"isPartOf\":{\"@id\":\"https:\/\/ronvig.com\/#website\"},\"primaryImageOfPage\":{\"@id\":\"https:\/\/ronvig.com\/de\/vare\/dento-prep\/#primaryimage\"},\"image\":{\"@id\":\"https:\/\/ronvig.com\/de\/vare\/dento-prep\/#primaryimage\"},\"thumbnailUrl\":\"https:\/\/ronvig.com\/wp-content\/uploads\/2020\/12\/dento-prep02.jpg\",\"datePublished\":\"2020-12-04T12:32:03+00:00\",\"dateModified\":\"2026-03-25T08:58:03+00:00\",\"breadcrumb\":{\"@id\":\"https:\/\/ronvig.com\/de\/vare\/dento-prep\/#breadcrumb\"},\"inLanguage\":\"de\",\"potentialAction\":[{\"@type\":\"ReadAction\",\"target\":[\"https:\/\/ronvig.com\/de\/vare\/dento-prep\/\"]}]},{\"@type\":\"ImageObject\",\"inLanguage\":\"de\",\"@id\":\"https:\/\/ronvig.com\/de\/vare\/dento-prep\/#primaryimage\",\"url\":\"https:\/\/ronvig.com\/wp-content\/uploads\/2020\/12\/dento-prep02.jpg\",\"contentUrl\":\"https:\/\/ronvig.com\/wp-content\/uploads\/2020\/12\/dento-prep02.jpg\",\"width\":1200,\"height\":1200},{\"@type\":\"BreadcrumbList\",\"@id\":\"https:\/\/ronvig.com\/de\/vare\/dento-prep\/#breadcrumb\",\"itemListElement\":[{\"@type\":\"ListItem\",\"position\":1,\"name\":\"Start\",\"item\":\"https:\/\/ronvig.com\/de\/\"},{\"@type\":\"ListItem\",\"position\":2,\"name\":\"Shop\",\"item\":\"https:\/\/ronvig.com\/de\/shop-2\/\"},{\"@type\":\"ListItem\",\"position\":3,\"name\":\"DENTO-PREP\u2122\"}]},{\"@type\":\"WebSite\",\"@id\":\"https:\/\/ronvig.com\/#website\",\"url\":\"https:\/\/ronvig.com\/\",\"name\":\"R\u00d8NVIG Dental Mfg. A\/S\",\"description\":\"Tandl\u00e6geudstyr\",\"publisher\":{\"@id\":\"https:\/\/ronvig.com\/#organization\"},\"potentialAction\":[{\"@type\":\"SearchAction\",\"target\":{\"@type\":\"EntryPoint\",\"urlTemplate\":\"https:\/\/ronvig.com\/?s={search_term_string}\"},\"query-input\":{\"@type\":\"PropertyValueSpecification\",\"valueRequired\":true,\"valueName\":\"search_term_string\"}}],\"inLanguage\":\"de\"},{\"@type\":\"Organization\",\"@id\":\"https:\/\/ronvig.com\/#organization\",\"name\":\"R\u00d8NVIG Dental Mfg. A\/S\",\"url\":\"https:\/\/ronvig.com\/\",\"logo\":{\"@type\":\"ImageObject\",\"inLanguage\":\"de\",\"@id\":\"https:\/\/ronvig.com\/#\/schema\/logo\/image\/\",\"url\":\"https:\/\/ronvig.com\/wp-content\/uploads\/2020\/12\/logo.svg\",\"contentUrl\":\"https:\/\/ronvig.com\/wp-content\/uploads\/2020\/12\/logo.svg\",\"width\":187.118,\"height\":30.03,\"caption\":\"R\u00d8NVIG Dental Mfg. A\/S\"},\"image\":{\"@id\":\"https:\/\/ronvig.com\/#\/schema\/logo\/image\/\"}}]}<\/script>\n<!-- \/ Yoast SEO plugin. -->","yoast_head_json":{"title":"DENTO-PREP\u2122 - R\u00d8NVIG Dental Mfg. A\/S","robots":{"index":"index","follow":"follow","max-snippet":"max-snippet:-1","max-image-preview":"max-image-preview:large","max-video-preview":"max-video-preview:-1"},"canonical":"https:\/\/ronvig.com\/de\/vare\/dento-prep\/","og_locale":"de_DE","og_type":"article","og_title":"DENTO-PREP\u2122 - R\u00d8NVIG Dental Mfg. A\/S","og_description":"Mikrostrahlger\u00e4t f\u00fcr intra- und extra-orale Anwendungen. Bietet optimale Haftfestigkeit.    Dento-Prep wird ohne Anschluss geliefert \u2013 Die Auswahl finden Sie  hier &nbsp;","og_url":"https:\/\/ronvig.com\/de\/vare\/dento-prep\/","og_site_name":"R\u00d8NVIG Dental Mfg. A\/S","article_modified_time":"2026-03-25T08:58:03+00:00","twitter_card":"summary_large_image","twitter_misc":{"Gesch\u00e4tzte Lesezeit":"1\u00a0Minute"},"schema":{"@context":"https:\/\/schema.org","@graph":[{"@type":"WebPage","@id":"https:\/\/ronvig.com\/de\/vare\/dento-prep\/","url":"https:\/\/ronvig.com\/de\/vare\/dento-prep\/","name":"DENTO-PREP\u2122 - R\u00d8NVIG Dental Mfg. A\/S","isPartOf":{"@id":"https:\/\/ronvig.com\/#website"},"primaryImageOfPage":{"@id":"https:\/\/ronvig.com\/de\/vare\/dento-prep\/#primaryimage"},"image":{"@id":"https:\/\/ronvig.com\/de\/vare\/dento-prep\/#primaryimage"},"thumbnailUrl":"https:\/\/ronvig.com\/wp-content\/uploads\/2020\/12\/dento-prep02.jpg","datePublished":"2020-12-04T12:32:03+00:00","dateModified":"2026-03-25T08:58:03+00:00","breadcrumb":{"@id":"https:\/\/ronvig.com\/de\/vare\/dento-prep\/#breadcrumb"},"inLanguage":"de","potentialAction":[{"@type":"ReadAction","target":["https:\/\/ronvig.com\/de\/vare\/dento-prep\/"]}]},{"@type":"ImageObject","inLanguage":"de","@id":"https:\/\/ronvig.com\/de\/vare\/dento-prep\/#primaryimage","url":"https:\/\/ronvig.com\/wp-content\/uploads\/2020\/12\/dento-prep02.jpg","contentUrl":"https:\/\/ronvig.com\/wp-content\/uploads\/2020\/12\/dento-prep02.jpg","width":1200,"height":1200},{"@type":"BreadcrumbList","@id":"https:\/\/ronvig.com\/de\/vare\/dento-prep\/#breadcrumb","itemListElement":[{"@type":"ListItem","position":1,"name":"Start","item":"https:\/\/ronvig.com\/de\/"},{"@type":"ListItem","position":2,"name":"Shop","item":"https:\/\/ronvig.com\/de\/shop-2\/"},{"@type":"ListItem","position":3,"name":"DENTO-PREP\u2122"}]},{"@type":"WebSite","@id":"https:\/\/ronvig.com\/#website","url":"https:\/\/ronvig.com\/","name":"R\u00d8NVIG Dental Mfg. A\/S","description":"Tandl\u00e6geudstyr","publisher":{"@id":"https:\/\/ronvig.com\/#organization"},"potentialAction":[{"@type":"SearchAction","target":{"@type":"EntryPoint","urlTemplate":"https:\/\/ronvig.com\/?s={search_term_string}"},"query-input":{"@type":"PropertyValueSpecification","valueRequired":true,"valueName":"search_term_string"}}],"inLanguage":"de"},{"@type":"Organization","@id":"https:\/\/ronvig.com\/#organization","name":"R\u00d8NVIG Dental Mfg. A\/S","url":"https:\/\/ronvig.com\/","logo":{"@type":"ImageObject","inLanguage":"de","@id":"https:\/\/ronvig.com\/#\/schema\/logo\/image\/","url":"https:\/\/ronvig.com\/wp-content\/uploads\/2020\/12\/logo.svg","contentUrl":"https:\/\/ronvig.com\/wp-content\/uploads\/2020\/12\/logo.svg","width":187.118,"height":30.03,"caption":"R\u00d8NVIG Dental Mfg. A\/S"},"image":{"@id":"https:\/\/ronvig.com\/#\/schema\/logo\/image\/"}}]}},"_links":{"self":[{"href":"https:\/\/ronvig.com\/de\/wp-json\/wp\/v2\/product\/4621","targetHints":{"allow":["GET"]}}],"collection":[{"href":"https:\/\/ronvig.com\/de\/wp-json\/wp\/v2\/product"}],"about":[{"href":"https:\/\/ronvig.com\/de\/wp-json\/wp\/v2\/types\/product"}],"wp:featuredmedia":[{"embeddable":true,"href":"https:\/\/ronvig.com\/de\/wp-json\/wp\/v2\/media\/2220"}],"wp:attachment":[{"href":"https:\/\/ronvig.com\/de\/wp-json\/wp\/v2\/media?parent=4621"}],"wp:term":[{"taxonomy":"product_brand","embeddable":true,"href":"https:\/\/ronvig.com\/de\/wp-json\/wp\/v2\/product_brand?post=4621"},{"taxonomy":"product_cat","embeddable":true,"href":"https:\/\/ronvig.com\/de\/wp-json\/wp\/v2\/product_cat?post=4621"},{"taxonomy":"product_tag","embeddable":true,"href":"https:\/\/ronvig.com\/de\/wp-json\/wp\/v2\/product_tag?post=4621"}],"curies":[{"name":"wp","href":"https:\/\/api.w.org\/{rel}","templated":true}]}}