{"id":4622,"date":"2020-12-18T11:31:52","date_gmt":"2020-12-18T10:31:52","guid":{"rendered":"https:\/\/ronvig.com\/vare\/a-dapt-gewinkelten-griff\/"},"modified":"2025-11-14T11:22:57","modified_gmt":"2025-11-14T10:22:57","slug":"a-dapt-gewinkelten-griff","status":"publish","type":"product","link":"https:\/\/ronvig.com\/de\/vare\/a-dapt-gewinkelten-griff\/","title":{"rendered":"A-DAPT\u2122 gewinkelten Griff"},"content":{"rendered":"<p>F\u00fcr pr\u00e4zises formen und konturieren von Frontzahnf\u00fcllungen. Gef\u00fchlvolle und flexible Silikoninstrumente. Ideal f\u00fcr das anpassen von Komposit und Glas-Ionomer Materialien in kleinen Schichten (Schichtungsmethode). Die wieder zu ersetzenden Silikonspitzen sind aus nicht haftendem, weichem Silikon gefertigt \u2013 arbeitet wie eine kleine B\u00fcrste.<\/p>\n<ul>\n<li>Die Griffe sind leicht und d\u00fcnn wie ein Stift um bestm\u00f6gliches und gef\u00fchlvolles arbeiten zu sichern.<\/li>\n<li>Die Spitzen sind aus nicht verklebendem Silikon Material \u2013 die Griffe sind aus Edelstahl.<\/li>\n<li>Die Griffe und die Silikonspitzen k\u00f6nnen im Autoklav sterilisiert werden. Bitte lesen Sie die <a href=\"https:\/\/ronvig.com\/wp-content\/uploads\/2022\/04\/IFU-ADAPT-MULTI-2020.10-VER-2-12102020_www.pdf\" target=\"_blank\" rel=\"noopener\"><span style=\"text-decoration: underline;\">Bedienungsanleitung<\/span><\/a> f\u00fcr mehr Information.<\/li>\n<\/ul>\n<p>Ein Set besteht aus:<\/p>\n<ul>1 gewinkelten Griff (60\u00b0) mit zwei konischen, runden Spitzen<\/ul>\n<p>Die konisch abgerundeten <span style=\"text-decoration: underline;\"><a href=\"https:\/\/ronvig.com\/de\/vare\/a-dapt-silikonspritze-konisch\/\">Silikonspitzen<\/a><\/span> werden auch separat in Sets zu 2 St\u00fcck verkauft.<\/p>\n","protected":false},"excerpt":{"rendered":"<p>F\u00fcr pr\u00e4zises formen und konturieren von Frontzahnf\u00fcllungen. Gef\u00fchlvolle und flexible Silikoninstrumente. Ideal f\u00fcr das anpassen von Komposit und Glas-Ionomer Materialien in kleinen Schichten (Schichtungsmethode). Die wieder zu ersetzenden Silikonspitzen sind aus nicht haftendem, weichem Silikon gefertigt \u2013 arbeitet wie eine kleine B\u00fcrste. Die Griffe sind leicht und d\u00fcnn wie ein Stift um bestm\u00f6gliches und gef\u00fchlvolles [&hellip;]<\/p>\n","protected":false},"featured_media":3801,"template":"","meta":{"_acf_changed":false},"product_brand":[],"product_cat":[243],"product_tag":[],"class_list":{"0":"post-4622","1":"product","2":"type-product","3":"status-publish","4":"has-post-thumbnail","6":"product_cat-a-dapt-de","8":"first","9":"instock","10":"taxable","11":"shipping-taxable","12":"purchasable","13":"product-type-simple"},"acf":[],"yoast_head":"<!-- This site is optimized with the Yoast SEO plugin v27.2 - https:\/\/yoast.com\/product\/yoast-seo-wordpress\/ -->\n<title>A-DAPT\u2122 gewinkelten Griff - R\u00d8NVIG Dental Mfg. A\/S<\/title>\n<meta name=\"robots\" content=\"index, follow, max-snippet:-1, max-image-preview:large, max-video-preview:-1\" \/>\n<link rel=\"canonical\" href=\"https:\/\/ronvig.com\/de\/vare\/a-dapt-gewinkelten-griff\/\" \/>\n<meta property=\"og:locale\" content=\"de_DE\" \/>\n<meta property=\"og:type\" content=\"article\" \/>\n<meta property=\"og:title\" content=\"A-DAPT\u2122 gewinkelten Griff - R\u00d8NVIG Dental Mfg. A\/S\" \/>\n<meta property=\"og:description\" content=\"F\u00fcr pr\u00e4zises formen und konturieren von Frontzahnf\u00fcllungen. Gef\u00fchlvolle und flexible Silikoninstrumente. Ideal f\u00fcr das anpassen von Komposit und Glas-Ionomer Materialien in kleinen Schichten (Schichtungsmethode). Die wieder zu ersetzenden Silikonspitzen sind aus nicht haftendem, weichem Silikon gefertigt \u2013 arbeitet wie eine kleine B\u00fcrste. Die Griffe sind leicht und d\u00fcnn wie ein Stift um bestm\u00f6gliches und gef\u00fchlvolles [&hellip;]\" \/>\n<meta property=\"og:url\" content=\"https:\/\/ronvig.com\/de\/vare\/a-dapt-gewinkelten-griff\/\" \/>\n<meta property=\"og:site_name\" content=\"R\u00d8NVIG Dental Mfg. A\/S\" \/>\n<meta property=\"article:modified_time\" content=\"2025-11-14T10:22:57+00:00\" \/>\n<meta name=\"twitter:card\" content=\"summary_large_image\" \/>\n<meta name=\"twitter:label1\" content=\"Gesch\u00e4tzte Lesezeit\" \/>\n\t<meta name=\"twitter:data1\" content=\"1\u00a0Minute\" \/>\n<script type=\"application\/ld+json\" class=\"yoast-schema-graph\">{\"@context\":\"https:\/\/schema.org\",\"@graph\":[{\"@type\":\"WebPage\",\"@id\":\"https:\/\/ronvig.com\/de\/vare\/a-dapt-gewinkelten-griff\/\",\"url\":\"https:\/\/ronvig.com\/de\/vare\/a-dapt-gewinkelten-griff\/\",\"name\":\"A-DAPT\u2122 gewinkelten Griff - R\u00d8NVIG Dental Mfg. A\/S\",\"isPartOf\":{\"@id\":\"https:\/\/ronvig.com\/#website\"},\"primaryImageOfPage\":{\"@id\":\"https:\/\/ronvig.com\/de\/vare\/a-dapt-gewinkelten-griff\/#primaryimage\"},\"image\":{\"@id\":\"https:\/\/ronvig.com\/de\/vare\/a-dapt-gewinkelten-griff\/#primaryimage\"},\"thumbnailUrl\":\"https:\/\/ronvig.com\/wp-content\/uploads\/2020\/12\/adapt-curved-single.png\",\"datePublished\":\"2020-12-18T10:31:52+00:00\",\"dateModified\":\"2025-11-14T10:22:57+00:00\",\"breadcrumb\":{\"@id\":\"https:\/\/ronvig.com\/de\/vare\/a-dapt-gewinkelten-griff\/#breadcrumb\"},\"inLanguage\":\"de\",\"potentialAction\":[{\"@type\":\"ReadAction\",\"target\":[\"https:\/\/ronvig.com\/de\/vare\/a-dapt-gewinkelten-griff\/\"]}]},{\"@type\":\"ImageObject\",\"inLanguage\":\"de\",\"@id\":\"https:\/\/ronvig.com\/de\/vare\/a-dapt-gewinkelten-griff\/#primaryimage\",\"url\":\"https:\/\/ronvig.com\/wp-content\/uploads\/2020\/12\/adapt-curved-single.png\",\"contentUrl\":\"https:\/\/ronvig.com\/wp-content\/uploads\/2020\/12\/adapt-curved-single.png\",\"width\":418,\"height\":418},{\"@type\":\"BreadcrumbList\",\"@id\":\"https:\/\/ronvig.com\/de\/vare\/a-dapt-gewinkelten-griff\/#breadcrumb\",\"itemListElement\":[{\"@type\":\"ListItem\",\"position\":1,\"name\":\"Start\",\"item\":\"https:\/\/ronvig.com\/de\/\"},{\"@type\":\"ListItem\",\"position\":2,\"name\":\"Shop\",\"item\":\"https:\/\/ronvig.com\/de\/shop-2\/\"},{\"@type\":\"ListItem\",\"position\":3,\"name\":\"A-DAPT\u2122 gewinkelten Griff\"}]},{\"@type\":\"WebSite\",\"@id\":\"https:\/\/ronvig.com\/#website\",\"url\":\"https:\/\/ronvig.com\/\",\"name\":\"R\u00d8NVIG Dental Mfg. A\/S\",\"description\":\"Tandl\u00e6geudstyr\",\"publisher\":{\"@id\":\"https:\/\/ronvig.com\/#organization\"},\"potentialAction\":[{\"@type\":\"SearchAction\",\"target\":{\"@type\":\"EntryPoint\",\"urlTemplate\":\"https:\/\/ronvig.com\/?s={search_term_string}\"},\"query-input\":{\"@type\":\"PropertyValueSpecification\",\"valueRequired\":true,\"valueName\":\"search_term_string\"}}],\"inLanguage\":\"de\"},{\"@type\":\"Organization\",\"@id\":\"https:\/\/ronvig.com\/#organization\",\"name\":\"R\u00d8NVIG Dental Mfg. A\/S\",\"url\":\"https:\/\/ronvig.com\/\",\"logo\":{\"@type\":\"ImageObject\",\"inLanguage\":\"de\",\"@id\":\"https:\/\/ronvig.com\/#\/schema\/logo\/image\/\",\"url\":\"https:\/\/ronvig.com\/wp-content\/uploads\/2020\/12\/logo.svg\",\"contentUrl\":\"https:\/\/ronvig.com\/wp-content\/uploads\/2020\/12\/logo.svg\",\"width\":187.118,\"height\":30.03,\"caption\":\"R\u00d8NVIG Dental Mfg. A\/S\"},\"image\":{\"@id\":\"https:\/\/ronvig.com\/#\/schema\/logo\/image\/\"}}]}<\/script>\n<!-- \/ Yoast SEO plugin. -->","yoast_head_json":{"title":"A-DAPT\u2122 gewinkelten Griff - R\u00d8NVIG Dental Mfg. A\/S","robots":{"index":"index","follow":"follow","max-snippet":"max-snippet:-1","max-image-preview":"max-image-preview:large","max-video-preview":"max-video-preview:-1"},"canonical":"https:\/\/ronvig.com\/de\/vare\/a-dapt-gewinkelten-griff\/","og_locale":"de_DE","og_type":"article","og_title":"A-DAPT\u2122 gewinkelten Griff - R\u00d8NVIG Dental Mfg. A\/S","og_description":"F\u00fcr pr\u00e4zises formen und konturieren von Frontzahnf\u00fcllungen. Gef\u00fchlvolle und flexible Silikoninstrumente. Ideal f\u00fcr das anpassen von Komposit und Glas-Ionomer Materialien in kleinen Schichten (Schichtungsmethode). Die wieder zu ersetzenden Silikonspitzen sind aus nicht haftendem, weichem Silikon gefertigt \u2013 arbeitet wie eine kleine B\u00fcrste. Die Griffe sind leicht und d\u00fcnn wie ein Stift um bestm\u00f6gliches und gef\u00fchlvolles [&hellip;]","og_url":"https:\/\/ronvig.com\/de\/vare\/a-dapt-gewinkelten-griff\/","og_site_name":"R\u00d8NVIG Dental Mfg. A\/S","article_modified_time":"2025-11-14T10:22:57+00:00","twitter_card":"summary_large_image","twitter_misc":{"Gesch\u00e4tzte Lesezeit":"1\u00a0Minute"},"schema":{"@context":"https:\/\/schema.org","@graph":[{"@type":"WebPage","@id":"https:\/\/ronvig.com\/de\/vare\/a-dapt-gewinkelten-griff\/","url":"https:\/\/ronvig.com\/de\/vare\/a-dapt-gewinkelten-griff\/","name":"A-DAPT\u2122 gewinkelten Griff - R\u00d8NVIG Dental Mfg. A\/S","isPartOf":{"@id":"https:\/\/ronvig.com\/#website"},"primaryImageOfPage":{"@id":"https:\/\/ronvig.com\/de\/vare\/a-dapt-gewinkelten-griff\/#primaryimage"},"image":{"@id":"https:\/\/ronvig.com\/de\/vare\/a-dapt-gewinkelten-griff\/#primaryimage"},"thumbnailUrl":"https:\/\/ronvig.com\/wp-content\/uploads\/2020\/12\/adapt-curved-single.png","datePublished":"2020-12-18T10:31:52+00:00","dateModified":"2025-11-14T10:22:57+00:00","breadcrumb":{"@id":"https:\/\/ronvig.com\/de\/vare\/a-dapt-gewinkelten-griff\/#breadcrumb"},"inLanguage":"de","potentialAction":[{"@type":"ReadAction","target":["https:\/\/ronvig.com\/de\/vare\/a-dapt-gewinkelten-griff\/"]}]},{"@type":"ImageObject","inLanguage":"de","@id":"https:\/\/ronvig.com\/de\/vare\/a-dapt-gewinkelten-griff\/#primaryimage","url":"https:\/\/ronvig.com\/wp-content\/uploads\/2020\/12\/adapt-curved-single.png","contentUrl":"https:\/\/ronvig.com\/wp-content\/uploads\/2020\/12\/adapt-curved-single.png","width":418,"height":418},{"@type":"BreadcrumbList","@id":"https:\/\/ronvig.com\/de\/vare\/a-dapt-gewinkelten-griff\/#breadcrumb","itemListElement":[{"@type":"ListItem","position":1,"name":"Start","item":"https:\/\/ronvig.com\/de\/"},{"@type":"ListItem","position":2,"name":"Shop","item":"https:\/\/ronvig.com\/de\/shop-2\/"},{"@type":"ListItem","position":3,"name":"A-DAPT\u2122 gewinkelten Griff"}]},{"@type":"WebSite","@id":"https:\/\/ronvig.com\/#website","url":"https:\/\/ronvig.com\/","name":"R\u00d8NVIG Dental Mfg. A\/S","description":"Tandl\u00e6geudstyr","publisher":{"@id":"https:\/\/ronvig.com\/#organization"},"potentialAction":[{"@type":"SearchAction","target":{"@type":"EntryPoint","urlTemplate":"https:\/\/ronvig.com\/?s={search_term_string}"},"query-input":{"@type":"PropertyValueSpecification","valueRequired":true,"valueName":"search_term_string"}}],"inLanguage":"de"},{"@type":"Organization","@id":"https:\/\/ronvig.com\/#organization","name":"R\u00d8NVIG Dental Mfg. A\/S","url":"https:\/\/ronvig.com\/","logo":{"@type":"ImageObject","inLanguage":"de","@id":"https:\/\/ronvig.com\/#\/schema\/logo\/image\/","url":"https:\/\/ronvig.com\/wp-content\/uploads\/2020\/12\/logo.svg","contentUrl":"https:\/\/ronvig.com\/wp-content\/uploads\/2020\/12\/logo.svg","width":187.118,"height":30.03,"caption":"R\u00d8NVIG Dental Mfg. A\/S"},"image":{"@id":"https:\/\/ronvig.com\/#\/schema\/logo\/image\/"}}]}},"_links":{"self":[{"href":"https:\/\/ronvig.com\/de\/wp-json\/wp\/v2\/product\/4622","targetHints":{"allow":["GET"]}}],"collection":[{"href":"https:\/\/ronvig.com\/de\/wp-json\/wp\/v2\/product"}],"about":[{"href":"https:\/\/ronvig.com\/de\/wp-json\/wp\/v2\/types\/product"}],"wp:featuredmedia":[{"embeddable":true,"href":"https:\/\/ronvig.com\/de\/wp-json\/wp\/v2\/media\/3801"}],"wp:attachment":[{"href":"https:\/\/ronvig.com\/de\/wp-json\/wp\/v2\/media?parent=4622"}],"wp:term":[{"taxonomy":"product_brand","embeddable":true,"href":"https:\/\/ronvig.com\/de\/wp-json\/wp\/v2\/product_brand?post=4622"},{"taxonomy":"product_cat","embeddable":true,"href":"https:\/\/ronvig.com\/de\/wp-json\/wp\/v2\/product_cat?post=4622"},{"taxonomy":"product_tag","embeddable":true,"href":"https:\/\/ronvig.com\/de\/wp-json\/wp\/v2\/product_tag?post=4622"}],"curies":[{"name":"wp","href":"https:\/\/api.w.org\/{rel}","templated":true}]}}