{"id":4624,"date":"2020-12-08T14:29:59","date_gmt":"2020-12-08T13:29:59","guid":{"rendered":"https:\/\/ronvig.com\/vare\/ease-it-thermo-block\/"},"modified":"2025-11-14T11:27:06","modified_gmt":"2025-11-14T10:27:06","slug":"ease-it-thermo-block-kombihalter","status":"publish","type":"product","link":"https:\/\/ronvig.com\/de\/vare\/ease-it-thermo-block-kombihalter\/","title":{"rendered":"EASE-IT\u2122 Thermo-Block Kombihalter"},"content":{"rendered":"<p>Der Thermo-Block ist an einem Ende f\u00fcr Komposit-Spritzen ausgelegt &#8211; und wenn Sie ihn drehen, passt das Design zu Kapseln. Er wird auf die <span style=\"text-decoration: underline;\"><a href=\"https:\/\/ronvig.com\/de\/vare\/ease-it-heizgeraet\/\">Ease-It\u2122 Heizeinheit<\/a><\/span> gestellt. Der Beh\u00e4lter kann von der Heizeinheit abgenommen und in bequemer Entfernung zum Stuhl platziert werden. Einmal erw\u00e4rmt, h\u00e4lt er die Temperatur f\u00fcr 10-15 Minuten aufrecht.<\/p>\n<ul>\n<li>Erweicht das Komposit, so dass es sich leichter in d\u00fcnnen Schichten und in kleinen Kavit\u00e4ten adaptieren l\u00e4sst.<\/li>\n<li>Reduziert das Risiko, Luftblasen in das Material einzubringen.<\/li>\n<li>Selbst k\u00f6rnige und hochviskose Composites werden gl\u00e4nzend, glatt und handhabbar.<\/li>\n<li>Hat keinen negativen Einfluss auf das Komposit \u2013 <span style=\"text-decoration: underline;\"><a href=\"\/wp-content\/uploads\/2020\/12\/Ease-It_Peutzfeldt.pdf\" target=\"_blank\" rel=\"noopener noreferrer\">siehe Test der School of Dentistry, Copenhagen University hier<\/a><\/span><\/li>\n<\/ul>\n<p>&nbsp;<\/p>\n","protected":false},"excerpt":{"rendered":"<p>Umdrehbarer Beh\u00e4lter f\u00fcr 7 vorgef\u00fcllte Einmal-Spitzen oder Komposit-Spritzen.<br \/>\nBeh\u00e4lter wird auf das EASE-IT\u2122-Heizger\u00e4t gestellt.<\/p>\n","protected":false},"featured_media":2342,"template":"","meta":{"_acf_changed":false},"product_brand":[],"product_cat":[244],"product_tag":[],"class_list":{"0":"post-4624","1":"product","2":"type-product","3":"status-publish","4":"has-post-thumbnail","6":"product_cat-ease-it-de","8":"first","9":"instock","10":"taxable","11":"shipping-taxable","12":"purchasable","13":"product-type-simple"},"acf":[],"yoast_head":"<!-- This site is optimized with the Yoast SEO plugin v27.2 - https:\/\/yoast.com\/product\/yoast-seo-wordpress\/ -->\n<title>EASE-IT\u2122 Thermo-Block Kombihalter - R\u00d8NVIG Dental Mfg. A\/S<\/title>\n<meta name=\"robots\" content=\"index, follow, max-snippet:-1, max-image-preview:large, max-video-preview:-1\" \/>\n<link rel=\"canonical\" href=\"https:\/\/ronvig.com\/de\/vare\/ease-it-thermo-block-kombihalter\/\" \/>\n<meta property=\"og:locale\" content=\"de_DE\" \/>\n<meta property=\"og:type\" content=\"article\" \/>\n<meta property=\"og:title\" content=\"EASE-IT\u2122 Thermo-Block Kombihalter - R\u00d8NVIG Dental Mfg. A\/S\" \/>\n<meta property=\"og:description\" content=\"Umdrehbarer Beh\u00e4lter f\u00fcr 7 vorgef\u00fcllte Einmal-Spitzen oder Komposit-Spritzen. Beh\u00e4lter wird auf das EASE-IT\u2122-Heizger\u00e4t gestellt.\" \/>\n<meta property=\"og:url\" content=\"https:\/\/ronvig.com\/de\/vare\/ease-it-thermo-block-kombihalter\/\" \/>\n<meta property=\"og:site_name\" content=\"R\u00d8NVIG Dental Mfg. A\/S\" \/>\n<meta property=\"article:modified_time\" content=\"2025-11-14T10:27:06+00:00\" \/>\n<meta name=\"twitter:card\" content=\"summary_large_image\" \/>\n<meta name=\"twitter:label1\" content=\"Gesch\u00e4tzte Lesezeit\" \/>\n\t<meta name=\"twitter:data1\" content=\"1\u00a0Minute\" \/>\n<script type=\"application\/ld+json\" class=\"yoast-schema-graph\">{\"@context\":\"https:\/\/schema.org\",\"@graph\":[{\"@type\":\"WebPage\",\"@id\":\"https:\/\/ronvig.com\/de\/vare\/ease-it-thermo-block-kombihalter\/\",\"url\":\"https:\/\/ronvig.com\/de\/vare\/ease-it-thermo-block-kombihalter\/\",\"name\":\"EASE-IT\u2122 Thermo-Block Kombihalter - R\u00d8NVIG Dental Mfg. A\/S\",\"isPartOf\":{\"@id\":\"https:\/\/ronvig.com\/#website\"},\"primaryImageOfPage\":{\"@id\":\"https:\/\/ronvig.com\/de\/vare\/ease-it-thermo-block-kombihalter\/#primaryimage\"},\"image\":{\"@id\":\"https:\/\/ronvig.com\/de\/vare\/ease-it-thermo-block-kombihalter\/#primaryimage\"},\"thumbnailUrl\":\"https:\/\/ronvig.com\/wp-content\/uploads\/2020\/12\/ease-it-kombiholder01.jpg\",\"datePublished\":\"2020-12-08T13:29:59+00:00\",\"dateModified\":\"2025-11-14T10:27:06+00:00\",\"breadcrumb\":{\"@id\":\"https:\/\/ronvig.com\/de\/vare\/ease-it-thermo-block-kombihalter\/#breadcrumb\"},\"inLanguage\":\"de\",\"potentialAction\":[{\"@type\":\"ReadAction\",\"target\":[\"https:\/\/ronvig.com\/de\/vare\/ease-it-thermo-block-kombihalter\/\"]}]},{\"@type\":\"ImageObject\",\"inLanguage\":\"de\",\"@id\":\"https:\/\/ronvig.com\/de\/vare\/ease-it-thermo-block-kombihalter\/#primaryimage\",\"url\":\"https:\/\/ronvig.com\/wp-content\/uploads\/2020\/12\/ease-it-kombiholder01.jpg\",\"contentUrl\":\"https:\/\/ronvig.com\/wp-content\/uploads\/2020\/12\/ease-it-kombiholder01.jpg\",\"width\":1200,\"height\":1200},{\"@type\":\"BreadcrumbList\",\"@id\":\"https:\/\/ronvig.com\/de\/vare\/ease-it-thermo-block-kombihalter\/#breadcrumb\",\"itemListElement\":[{\"@type\":\"ListItem\",\"position\":1,\"name\":\"Start\",\"item\":\"https:\/\/ronvig.com\/de\/\"},{\"@type\":\"ListItem\",\"position\":2,\"name\":\"Shop\",\"item\":\"https:\/\/ronvig.com\/de\/shop-2\/\"},{\"@type\":\"ListItem\",\"position\":3,\"name\":\"EASE-IT\u2122 Thermo-Block Kombihalter\"}]},{\"@type\":\"WebSite\",\"@id\":\"https:\/\/ronvig.com\/#website\",\"url\":\"https:\/\/ronvig.com\/\",\"name\":\"R\u00d8NVIG Dental Mfg. A\/S\",\"description\":\"Tandl\u00e6geudstyr\",\"publisher\":{\"@id\":\"https:\/\/ronvig.com\/#organization\"},\"potentialAction\":[{\"@type\":\"SearchAction\",\"target\":{\"@type\":\"EntryPoint\",\"urlTemplate\":\"https:\/\/ronvig.com\/?s={search_term_string}\"},\"query-input\":{\"@type\":\"PropertyValueSpecification\",\"valueRequired\":true,\"valueName\":\"search_term_string\"}}],\"inLanguage\":\"de\"},{\"@type\":\"Organization\",\"@id\":\"https:\/\/ronvig.com\/#organization\",\"name\":\"R\u00d8NVIG Dental Mfg. A\/S\",\"url\":\"https:\/\/ronvig.com\/\",\"logo\":{\"@type\":\"ImageObject\",\"inLanguage\":\"de\",\"@id\":\"https:\/\/ronvig.com\/#\/schema\/logo\/image\/\",\"url\":\"https:\/\/ronvig.com\/wp-content\/uploads\/2020\/12\/logo.svg\",\"contentUrl\":\"https:\/\/ronvig.com\/wp-content\/uploads\/2020\/12\/logo.svg\",\"width\":187.118,\"height\":30.03,\"caption\":\"R\u00d8NVIG Dental Mfg. A\/S\"},\"image\":{\"@id\":\"https:\/\/ronvig.com\/#\/schema\/logo\/image\/\"}}]}<\/script>\n<!-- \/ Yoast SEO plugin. -->","yoast_head_json":{"title":"EASE-IT\u2122 Thermo-Block Kombihalter - R\u00d8NVIG Dental Mfg. A\/S","robots":{"index":"index","follow":"follow","max-snippet":"max-snippet:-1","max-image-preview":"max-image-preview:large","max-video-preview":"max-video-preview:-1"},"canonical":"https:\/\/ronvig.com\/de\/vare\/ease-it-thermo-block-kombihalter\/","og_locale":"de_DE","og_type":"article","og_title":"EASE-IT\u2122 Thermo-Block Kombihalter - R\u00d8NVIG Dental Mfg. A\/S","og_description":"Umdrehbarer Beh\u00e4lter f\u00fcr 7 vorgef\u00fcllte Einmal-Spitzen oder Komposit-Spritzen. Beh\u00e4lter wird auf das EASE-IT\u2122-Heizger\u00e4t gestellt.","og_url":"https:\/\/ronvig.com\/de\/vare\/ease-it-thermo-block-kombihalter\/","og_site_name":"R\u00d8NVIG Dental Mfg. A\/S","article_modified_time":"2025-11-14T10:27:06+00:00","twitter_card":"summary_large_image","twitter_misc":{"Gesch\u00e4tzte Lesezeit":"1\u00a0Minute"},"schema":{"@context":"https:\/\/schema.org","@graph":[{"@type":"WebPage","@id":"https:\/\/ronvig.com\/de\/vare\/ease-it-thermo-block-kombihalter\/","url":"https:\/\/ronvig.com\/de\/vare\/ease-it-thermo-block-kombihalter\/","name":"EASE-IT\u2122 Thermo-Block Kombihalter - R\u00d8NVIG Dental Mfg. A\/S","isPartOf":{"@id":"https:\/\/ronvig.com\/#website"},"primaryImageOfPage":{"@id":"https:\/\/ronvig.com\/de\/vare\/ease-it-thermo-block-kombihalter\/#primaryimage"},"image":{"@id":"https:\/\/ronvig.com\/de\/vare\/ease-it-thermo-block-kombihalter\/#primaryimage"},"thumbnailUrl":"https:\/\/ronvig.com\/wp-content\/uploads\/2020\/12\/ease-it-kombiholder01.jpg","datePublished":"2020-12-08T13:29:59+00:00","dateModified":"2025-11-14T10:27:06+00:00","breadcrumb":{"@id":"https:\/\/ronvig.com\/de\/vare\/ease-it-thermo-block-kombihalter\/#breadcrumb"},"inLanguage":"de","potentialAction":[{"@type":"ReadAction","target":["https:\/\/ronvig.com\/de\/vare\/ease-it-thermo-block-kombihalter\/"]}]},{"@type":"ImageObject","inLanguage":"de","@id":"https:\/\/ronvig.com\/de\/vare\/ease-it-thermo-block-kombihalter\/#primaryimage","url":"https:\/\/ronvig.com\/wp-content\/uploads\/2020\/12\/ease-it-kombiholder01.jpg","contentUrl":"https:\/\/ronvig.com\/wp-content\/uploads\/2020\/12\/ease-it-kombiholder01.jpg","width":1200,"height":1200},{"@type":"BreadcrumbList","@id":"https:\/\/ronvig.com\/de\/vare\/ease-it-thermo-block-kombihalter\/#breadcrumb","itemListElement":[{"@type":"ListItem","position":1,"name":"Start","item":"https:\/\/ronvig.com\/de\/"},{"@type":"ListItem","position":2,"name":"Shop","item":"https:\/\/ronvig.com\/de\/shop-2\/"},{"@type":"ListItem","position":3,"name":"EASE-IT\u2122 Thermo-Block Kombihalter"}]},{"@type":"WebSite","@id":"https:\/\/ronvig.com\/#website","url":"https:\/\/ronvig.com\/","name":"R\u00d8NVIG Dental Mfg. A\/S","description":"Tandl\u00e6geudstyr","publisher":{"@id":"https:\/\/ronvig.com\/#organization"},"potentialAction":[{"@type":"SearchAction","target":{"@type":"EntryPoint","urlTemplate":"https:\/\/ronvig.com\/?s={search_term_string}"},"query-input":{"@type":"PropertyValueSpecification","valueRequired":true,"valueName":"search_term_string"}}],"inLanguage":"de"},{"@type":"Organization","@id":"https:\/\/ronvig.com\/#organization","name":"R\u00d8NVIG Dental Mfg. A\/S","url":"https:\/\/ronvig.com\/","logo":{"@type":"ImageObject","inLanguage":"de","@id":"https:\/\/ronvig.com\/#\/schema\/logo\/image\/","url":"https:\/\/ronvig.com\/wp-content\/uploads\/2020\/12\/logo.svg","contentUrl":"https:\/\/ronvig.com\/wp-content\/uploads\/2020\/12\/logo.svg","width":187.118,"height":30.03,"caption":"R\u00d8NVIG Dental Mfg. A\/S"},"image":{"@id":"https:\/\/ronvig.com\/#\/schema\/logo\/image\/"}}]}},"_links":{"self":[{"href":"https:\/\/ronvig.com\/de\/wp-json\/wp\/v2\/product\/4624","targetHints":{"allow":["GET"]}}],"collection":[{"href":"https:\/\/ronvig.com\/de\/wp-json\/wp\/v2\/product"}],"about":[{"href":"https:\/\/ronvig.com\/de\/wp-json\/wp\/v2\/types\/product"}],"wp:featuredmedia":[{"embeddable":true,"href":"https:\/\/ronvig.com\/de\/wp-json\/wp\/v2\/media\/2342"}],"wp:attachment":[{"href":"https:\/\/ronvig.com\/de\/wp-json\/wp\/v2\/media?parent=4624"}],"wp:term":[{"taxonomy":"product_brand","embeddable":true,"href":"https:\/\/ronvig.com\/de\/wp-json\/wp\/v2\/product_brand?post=4624"},{"taxonomy":"product_cat","embeddable":true,"href":"https:\/\/ronvig.com\/de\/wp-json\/wp\/v2\/product_cat?post=4624"},{"taxonomy":"product_tag","embeddable":true,"href":"https:\/\/ronvig.com\/de\/wp-json\/wp\/v2\/product_tag?post=4624"}],"curies":[{"name":"wp","href":"https:\/\/api.w.org\/{rel}","templated":true}]}}