{"id":4633,"date":"2020-12-22T11:08:56","date_gmt":"2020-12-22T10:08:56","guid":{"rendered":"https:\/\/ronvig.com\/vare\/dento-prep-service-kit\/"},"modified":"2026-03-25T09:56:54","modified_gmt":"2026-03-25T08:56:54","slug":"dento-prep-service-kit","status":"publish","type":"product","link":"https:\/\/ronvig.com\/de\/vare\/dento-prep-service-kit\/","title":{"rendered":"DENTO-PREP\u2122 Service Kit"},"content":{"rendered":"<p>Das DENTO-PREP\u2122 Service Kit ist ein praktisches Wartungsset f\u00fcr Serviceabteilungen und Endbenutzer. Es enth\u00e4lt spezielle Schl\u00fcssel und einen Reinigungsdraht, um Verstopfungen in den feinen R\u00f6hrchen von DENTO-PREPT\u2122 zu entfernen. Es enth\u00e4lt auch einen Werkzeug um den Betriebsventil festzuziehen.<br \/>\nDas Service-Kit REF 1980 wird mit einer ausf\u00fchrlichen Schritt-f\u00fcr-Schritt-Serviceanleitung geliefert.<\/p>\n<p><strong>Enth\u00e4lt:<br \/>\n<\/strong>Schl\u00fcssel f\u00fcr die Hartmetalld\u00fcse<br \/>\nSchraubenschl\u00fcssel f\u00fcr Steigrohr<br \/>\nVentil-Einstellwerkzeug<br \/>\nReinigungsdraht<\/p>\n","protected":false},"excerpt":{"rendered":"<p>Zum Entfernen von Verstopfungen und zum Einstellen des Aktivierungsknopfes.<\/p>\n","protected":false},"featured_media":14344,"template":"","meta":{"_acf_changed":false},"product_brand":[],"product_cat":[414],"product_tag":[],"class_list":{"0":"post-4633","1":"product","2":"type-product","3":"status-publish","4":"has-post-thumbnail","6":"product_cat-service-und-zubehoer-mikrostrahlgeraet","8":"first","9":"instock","10":"taxable","11":"shipping-taxable","12":"purchasable","13":"product-type-simple"},"acf":[],"yoast_head":"<!-- This site is optimized with the Yoast SEO plugin v27.2 - https:\/\/yoast.com\/product\/yoast-seo-wordpress\/ -->\n<title>DENTO-PREP\u2122 Service Kit - R\u00d8NVIG Dental Mfg. A\/S<\/title>\n<meta name=\"robots\" content=\"index, follow, max-snippet:-1, max-image-preview:large, max-video-preview:-1\" \/>\n<link rel=\"canonical\" href=\"https:\/\/ronvig.com\/de\/vare\/dento-prep-service-kit\/\" \/>\n<meta property=\"og:locale\" content=\"de_DE\" \/>\n<meta property=\"og:type\" content=\"article\" \/>\n<meta property=\"og:title\" content=\"DENTO-PREP\u2122 Service Kit - R\u00d8NVIG Dental Mfg. A\/S\" \/>\n<meta property=\"og:description\" content=\"Zum Entfernen von Verstopfungen und zum Einstellen des Aktivierungsknopfes.\" \/>\n<meta property=\"og:url\" content=\"https:\/\/ronvig.com\/de\/vare\/dento-prep-service-kit\/\" \/>\n<meta property=\"og:site_name\" content=\"R\u00d8NVIG Dental Mfg. A\/S\" \/>\n<meta property=\"article:modified_time\" content=\"2026-03-25T08:56:54+00:00\" \/>\n<meta name=\"twitter:card\" content=\"summary_large_image\" \/>\n<script type=\"application\/ld+json\" class=\"yoast-schema-graph\">{\"@context\":\"https:\/\/schema.org\",\"@graph\":[{\"@type\":\"WebPage\",\"@id\":\"https:\/\/ronvig.com\/de\/vare\/dento-prep-service-kit\/\",\"url\":\"https:\/\/ronvig.com\/de\/vare\/dento-prep-service-kit\/\",\"name\":\"DENTO-PREP\u2122 Service Kit - R\u00d8NVIG Dental Mfg. A\/S\",\"isPartOf\":{\"@id\":\"https:\/\/ronvig.com\/#website\"},\"primaryImageOfPage\":{\"@id\":\"https:\/\/ronvig.com\/de\/vare\/dento-prep-service-kit\/#primaryimage\"},\"image\":{\"@id\":\"https:\/\/ronvig.com\/de\/vare\/dento-prep-service-kit\/#primaryimage\"},\"thumbnailUrl\":\"https:\/\/ronvig.com\/wp-content\/uploads\/2024\/02\/Dentoprep_service_kit_1200x1200px.jpg\",\"datePublished\":\"2020-12-22T10:08:56+00:00\",\"dateModified\":\"2026-03-25T08:56:54+00:00\",\"breadcrumb\":{\"@id\":\"https:\/\/ronvig.com\/de\/vare\/dento-prep-service-kit\/#breadcrumb\"},\"inLanguage\":\"de\",\"potentialAction\":[{\"@type\":\"ReadAction\",\"target\":[\"https:\/\/ronvig.com\/de\/vare\/dento-prep-service-kit\/\"]}]},{\"@type\":\"ImageObject\",\"inLanguage\":\"de\",\"@id\":\"https:\/\/ronvig.com\/de\/vare\/dento-prep-service-kit\/#primaryimage\",\"url\":\"https:\/\/ronvig.com\/wp-content\/uploads\/2024\/02\/Dentoprep_service_kit_1200x1200px.jpg\",\"contentUrl\":\"https:\/\/ronvig.com\/wp-content\/uploads\/2024\/02\/Dentoprep_service_kit_1200x1200px.jpg\",\"width\":1200,\"height\":1200},{\"@type\":\"BreadcrumbList\",\"@id\":\"https:\/\/ronvig.com\/de\/vare\/dento-prep-service-kit\/#breadcrumb\",\"itemListElement\":[{\"@type\":\"ListItem\",\"position\":1,\"name\":\"Start\",\"item\":\"https:\/\/ronvig.com\/de\/\"},{\"@type\":\"ListItem\",\"position\":2,\"name\":\"Shop\",\"item\":\"https:\/\/ronvig.com\/de\/shop-2\/\"},{\"@type\":\"ListItem\",\"position\":3,\"name\":\"DENTO-PREP\u2122 Service Kit\"}]},{\"@type\":\"WebSite\",\"@id\":\"https:\/\/ronvig.com\/#website\",\"url\":\"https:\/\/ronvig.com\/\",\"name\":\"R\u00d8NVIG Dental Mfg. A\/S\",\"description\":\"Tandl\u00e6geudstyr\",\"publisher\":{\"@id\":\"https:\/\/ronvig.com\/#organization\"},\"potentialAction\":[{\"@type\":\"SearchAction\",\"target\":{\"@type\":\"EntryPoint\",\"urlTemplate\":\"https:\/\/ronvig.com\/?s={search_term_string}\"},\"query-input\":{\"@type\":\"PropertyValueSpecification\",\"valueRequired\":true,\"valueName\":\"search_term_string\"}}],\"inLanguage\":\"de\"},{\"@type\":\"Organization\",\"@id\":\"https:\/\/ronvig.com\/#organization\",\"name\":\"R\u00d8NVIG Dental Mfg. A\/S\",\"url\":\"https:\/\/ronvig.com\/\",\"logo\":{\"@type\":\"ImageObject\",\"inLanguage\":\"de\",\"@id\":\"https:\/\/ronvig.com\/#\/schema\/logo\/image\/\",\"url\":\"https:\/\/ronvig.com\/wp-content\/uploads\/2020\/12\/logo.svg\",\"contentUrl\":\"https:\/\/ronvig.com\/wp-content\/uploads\/2020\/12\/logo.svg\",\"width\":187.118,\"height\":30.03,\"caption\":\"R\u00d8NVIG Dental Mfg. A\/S\"},\"image\":{\"@id\":\"https:\/\/ronvig.com\/#\/schema\/logo\/image\/\"}}]}<\/script>\n<!-- \/ Yoast SEO plugin. -->","yoast_head_json":{"title":"DENTO-PREP\u2122 Service Kit - R\u00d8NVIG Dental Mfg. A\/S","robots":{"index":"index","follow":"follow","max-snippet":"max-snippet:-1","max-image-preview":"max-image-preview:large","max-video-preview":"max-video-preview:-1"},"canonical":"https:\/\/ronvig.com\/de\/vare\/dento-prep-service-kit\/","og_locale":"de_DE","og_type":"article","og_title":"DENTO-PREP\u2122 Service Kit - R\u00d8NVIG Dental Mfg. A\/S","og_description":"Zum Entfernen von Verstopfungen und zum Einstellen des Aktivierungsknopfes.","og_url":"https:\/\/ronvig.com\/de\/vare\/dento-prep-service-kit\/","og_site_name":"R\u00d8NVIG Dental Mfg. A\/S","article_modified_time":"2026-03-25T08:56:54+00:00","twitter_card":"summary_large_image","schema":{"@context":"https:\/\/schema.org","@graph":[{"@type":"WebPage","@id":"https:\/\/ronvig.com\/de\/vare\/dento-prep-service-kit\/","url":"https:\/\/ronvig.com\/de\/vare\/dento-prep-service-kit\/","name":"DENTO-PREP\u2122 Service Kit - R\u00d8NVIG Dental Mfg. A\/S","isPartOf":{"@id":"https:\/\/ronvig.com\/#website"},"primaryImageOfPage":{"@id":"https:\/\/ronvig.com\/de\/vare\/dento-prep-service-kit\/#primaryimage"},"image":{"@id":"https:\/\/ronvig.com\/de\/vare\/dento-prep-service-kit\/#primaryimage"},"thumbnailUrl":"https:\/\/ronvig.com\/wp-content\/uploads\/2024\/02\/Dentoprep_service_kit_1200x1200px.jpg","datePublished":"2020-12-22T10:08:56+00:00","dateModified":"2026-03-25T08:56:54+00:00","breadcrumb":{"@id":"https:\/\/ronvig.com\/de\/vare\/dento-prep-service-kit\/#breadcrumb"},"inLanguage":"de","potentialAction":[{"@type":"ReadAction","target":["https:\/\/ronvig.com\/de\/vare\/dento-prep-service-kit\/"]}]},{"@type":"ImageObject","inLanguage":"de","@id":"https:\/\/ronvig.com\/de\/vare\/dento-prep-service-kit\/#primaryimage","url":"https:\/\/ronvig.com\/wp-content\/uploads\/2024\/02\/Dentoprep_service_kit_1200x1200px.jpg","contentUrl":"https:\/\/ronvig.com\/wp-content\/uploads\/2024\/02\/Dentoprep_service_kit_1200x1200px.jpg","width":1200,"height":1200},{"@type":"BreadcrumbList","@id":"https:\/\/ronvig.com\/de\/vare\/dento-prep-service-kit\/#breadcrumb","itemListElement":[{"@type":"ListItem","position":1,"name":"Start","item":"https:\/\/ronvig.com\/de\/"},{"@type":"ListItem","position":2,"name":"Shop","item":"https:\/\/ronvig.com\/de\/shop-2\/"},{"@type":"ListItem","position":3,"name":"DENTO-PREP\u2122 Service Kit"}]},{"@type":"WebSite","@id":"https:\/\/ronvig.com\/#website","url":"https:\/\/ronvig.com\/","name":"R\u00d8NVIG Dental Mfg. A\/S","description":"Tandl\u00e6geudstyr","publisher":{"@id":"https:\/\/ronvig.com\/#organization"},"potentialAction":[{"@type":"SearchAction","target":{"@type":"EntryPoint","urlTemplate":"https:\/\/ronvig.com\/?s={search_term_string}"},"query-input":{"@type":"PropertyValueSpecification","valueRequired":true,"valueName":"search_term_string"}}],"inLanguage":"de"},{"@type":"Organization","@id":"https:\/\/ronvig.com\/#organization","name":"R\u00d8NVIG Dental Mfg. A\/S","url":"https:\/\/ronvig.com\/","logo":{"@type":"ImageObject","inLanguage":"de","@id":"https:\/\/ronvig.com\/#\/schema\/logo\/image\/","url":"https:\/\/ronvig.com\/wp-content\/uploads\/2020\/12\/logo.svg","contentUrl":"https:\/\/ronvig.com\/wp-content\/uploads\/2020\/12\/logo.svg","width":187.118,"height":30.03,"caption":"R\u00d8NVIG Dental Mfg. A\/S"},"image":{"@id":"https:\/\/ronvig.com\/#\/schema\/logo\/image\/"}}]}},"_links":{"self":[{"href":"https:\/\/ronvig.com\/de\/wp-json\/wp\/v2\/product\/4633","targetHints":{"allow":["GET"]}}],"collection":[{"href":"https:\/\/ronvig.com\/de\/wp-json\/wp\/v2\/product"}],"about":[{"href":"https:\/\/ronvig.com\/de\/wp-json\/wp\/v2\/types\/product"}],"wp:featuredmedia":[{"embeddable":true,"href":"https:\/\/ronvig.com\/de\/wp-json\/wp\/v2\/media\/14344"}],"wp:attachment":[{"href":"https:\/\/ronvig.com\/de\/wp-json\/wp\/v2\/media?parent=4633"}],"wp:term":[{"taxonomy":"product_brand","embeddable":true,"href":"https:\/\/ronvig.com\/de\/wp-json\/wp\/v2\/product_brand?post=4633"},{"taxonomy":"product_cat","embeddable":true,"href":"https:\/\/ronvig.com\/de\/wp-json\/wp\/v2\/product_cat?post=4633"},{"taxonomy":"product_tag","embeddable":true,"href":"https:\/\/ronvig.com\/de\/wp-json\/wp\/v2\/product_tag?post=4633"}],"curies":[{"name":"wp","href":"https:\/\/api.w.org\/{rel}","templated":true}]}}