{"id":7352,"date":"2021-07-02T12:10:40","date_gmt":"2021-07-02T10:10:40","guid":{"rendered":"https:\/\/ronvig.com\/vare\/luxator-p-serie\/"},"modified":"2026-03-25T09:53:17","modified_gmt":"2026-03-25T08:53:17","slug":"luxator-p-serie","status":"publish","type":"product","link":"https:\/\/ronvig.com\/de\/vare\/luxator-p-serie\/","title":{"rendered":"Luxator\u00ae P Serie"},"content":{"rendered":"<p><strong>Eine neue Generation von Extraktionsinstrumenten<\/strong><\/p>\n<p>Die Luxator P-Serie bietet den Vorteil, mit einem Stifthaltergriff zu arbeiten, der eine erh\u00f6hte Taktilit\u00e4t bietet. Dies ist ein wichtiges Merkmal, da diese neuen Instrumente d\u00fcnner und sch\u00e4rfer sind als die urspr\u00fcnglichen Luxator-Instrumente.<\/p>\n<p>Wenn Sie den Extraktionsprozess mit der P-Serie einleiten, wird die Arbeit erheblich vereinfacht.<\/p>\n<p><strong>4 gute Gr\u00fcnde f\u00fcr die Anwendung der Luxator\u00ae P-Serie:<\/strong><\/p>\n<ul>\n<li>Sondieren und Trennen<\/li>\n<li>Minimale Leistung erforderlich<\/li>\n<li>Benutzerfreundliche Instrumente<\/li>\n<li>Einfaches Schneiden der parodontalen Ligamente<\/li>\n<\/ul>\n<p>Die Klingen dieser Instrumente sind mit einer Titannitrat-Beschichtung verst\u00e4rkt. Sie sollten jedoch nur zum Schneien des parodontalen Bandes und niemals zum Anheben oder Hebeln des Zahns verwendet werden.<\/p>\n<p>Der Stifthaltergriff gibt einen guten Sicht und eine verbesserte Taktilit\u00e4t.<\/p>\n<p>Alle Luxator\u00ae Instrumente sind von <span style=\"text-decoration: underline;\"><a href=\"https:\/\/directadentalgroup.com\/\" target=\"_blank\" rel=\"noopener\">Directa<\/a><\/span> in Sweden hergestellt.<\/p>\n<p>&nbsp;<\/p>\n<p><strong>4er-Set, titanbeschichtetem Edelstahl:<\/strong><\/p>\n<p>Luxator P1, gerade Klinge, dunkelgr\u00fcn<br \/>\nLuxator P2, invertiert gebogen, hellblau<br \/>\nLuxator P3, Gegenwinkel, dunkelblau<br \/>\nLuxator P4, Doppelkante, lila<\/p>\n","protected":false},"excerpt":{"rendered":"<p>4er-Set, titanbeschichtetem Edelstahl.<\/p>\n","protected":false},"featured_media":14462,"template":"","meta":{"_acf_changed":false},"product_brand":[],"product_cat":[317],"product_tag":[],"class_list":{"0":"post-7352","1":"product","2":"type-product","3":"status-publish","4":"has-post-thumbnail","6":"product_cat-luxator-instrumente","8":"first","9":"instock","10":"taxable","11":"shipping-taxable","12":"purchasable","13":"product-type-simple"},"acf":[],"yoast_head":"<!-- This site is optimized with the Yoast SEO plugin v27.2 - https:\/\/yoast.com\/product\/yoast-seo-wordpress\/ -->\n<title>Luxator\u00ae P Serie - R\u00d8NVIG Dental Mfg. A\/S<\/title>\n<meta name=\"robots\" content=\"index, follow, max-snippet:-1, max-image-preview:large, max-video-preview:-1\" \/>\n<link rel=\"canonical\" href=\"https:\/\/ronvig.com\/de\/vare\/luxator-p-serie\/\" \/>\n<meta property=\"og:locale\" content=\"de_DE\" \/>\n<meta property=\"og:type\" content=\"article\" \/>\n<meta property=\"og:title\" content=\"Luxator\u00ae P Serie - R\u00d8NVIG Dental Mfg. A\/S\" \/>\n<meta property=\"og:description\" content=\"4er-Set, titanbeschichtetem Edelstahl.\" \/>\n<meta property=\"og:url\" content=\"https:\/\/ronvig.com\/de\/vare\/luxator-p-serie\/\" \/>\n<meta property=\"og:site_name\" content=\"R\u00d8NVIG Dental Mfg. A\/S\" \/>\n<meta property=\"article:modified_time\" content=\"2026-03-25T08:53:17+00:00\" \/>\n<meta name=\"twitter:card\" content=\"summary_large_image\" \/>\n<meta name=\"twitter:label1\" content=\"Gesch\u00e4tzte Lesezeit\" \/>\n\t<meta name=\"twitter:data1\" content=\"1\u00a0Minute\" \/>\n<script type=\"application\/ld+json\" class=\"yoast-schema-graph\">{\"@context\":\"https:\/\/schema.org\",\"@graph\":[{\"@type\":\"WebPage\",\"@id\":\"https:\/\/ronvig.com\/de\/vare\/luxator-p-serie\/\",\"url\":\"https:\/\/ronvig.com\/de\/vare\/luxator-p-serie\/\",\"name\":\"Luxator\u00ae P Serie - R\u00d8NVIG Dental Mfg. A\/S\",\"isPartOf\":{\"@id\":\"https:\/\/ronvig.com\/#website\"},\"primaryImageOfPage\":{\"@id\":\"https:\/\/ronvig.com\/de\/vare\/luxator-p-serie\/#primaryimage\"},\"image\":{\"@id\":\"https:\/\/ronvig.com\/de\/vare\/luxator-p-serie\/#primaryimage\"},\"thumbnailUrl\":\"https:\/\/ronvig.com\/wp-content\/uploads\/2024\/02\/luxator-p-series_show_familiy_1200x1200px.jpg\",\"datePublished\":\"2021-07-02T10:10:40+00:00\",\"dateModified\":\"2026-03-25T08:53:17+00:00\",\"breadcrumb\":{\"@id\":\"https:\/\/ronvig.com\/de\/vare\/luxator-p-serie\/#breadcrumb\"},\"inLanguage\":\"de\",\"potentialAction\":[{\"@type\":\"ReadAction\",\"target\":[\"https:\/\/ronvig.com\/de\/vare\/luxator-p-serie\/\"]}]},{\"@type\":\"ImageObject\",\"inLanguage\":\"de\",\"@id\":\"https:\/\/ronvig.com\/de\/vare\/luxator-p-serie\/#primaryimage\",\"url\":\"https:\/\/ronvig.com\/wp-content\/uploads\/2024\/02\/luxator-p-series_show_familiy_1200x1200px.jpg\",\"contentUrl\":\"https:\/\/ronvig.com\/wp-content\/uploads\/2024\/02\/luxator-p-series_show_familiy_1200x1200px.jpg\",\"width\":1200,\"height\":1200},{\"@type\":\"BreadcrumbList\",\"@id\":\"https:\/\/ronvig.com\/de\/vare\/luxator-p-serie\/#breadcrumb\",\"itemListElement\":[{\"@type\":\"ListItem\",\"position\":1,\"name\":\"Start\",\"item\":\"https:\/\/ronvig.com\/de\/\"},{\"@type\":\"ListItem\",\"position\":2,\"name\":\"Shop\",\"item\":\"https:\/\/ronvig.com\/de\/shop-2\/\"},{\"@type\":\"ListItem\",\"position\":3,\"name\":\"Luxator\u00ae P Serie\"}]},{\"@type\":\"WebSite\",\"@id\":\"https:\/\/ronvig.com\/#website\",\"url\":\"https:\/\/ronvig.com\/\",\"name\":\"R\u00d8NVIG Dental Mfg. A\/S\",\"description\":\"Tandl\u00e6geudstyr\",\"publisher\":{\"@id\":\"https:\/\/ronvig.com\/#organization\"},\"potentialAction\":[{\"@type\":\"SearchAction\",\"target\":{\"@type\":\"EntryPoint\",\"urlTemplate\":\"https:\/\/ronvig.com\/?s={search_term_string}\"},\"query-input\":{\"@type\":\"PropertyValueSpecification\",\"valueRequired\":true,\"valueName\":\"search_term_string\"}}],\"inLanguage\":\"de\"},{\"@type\":\"Organization\",\"@id\":\"https:\/\/ronvig.com\/#organization\",\"name\":\"R\u00d8NVIG Dental Mfg. A\/S\",\"url\":\"https:\/\/ronvig.com\/\",\"logo\":{\"@type\":\"ImageObject\",\"inLanguage\":\"de\",\"@id\":\"https:\/\/ronvig.com\/#\/schema\/logo\/image\/\",\"url\":\"https:\/\/ronvig.com\/wp-content\/uploads\/2020\/12\/logo.svg\",\"contentUrl\":\"https:\/\/ronvig.com\/wp-content\/uploads\/2020\/12\/logo.svg\",\"width\":187.118,\"height\":30.03,\"caption\":\"R\u00d8NVIG Dental Mfg. A\/S\"},\"image\":{\"@id\":\"https:\/\/ronvig.com\/#\/schema\/logo\/image\/\"}}]}<\/script>\n<!-- \/ Yoast SEO plugin. -->","yoast_head_json":{"title":"Luxator\u00ae P Serie - R\u00d8NVIG Dental Mfg. A\/S","robots":{"index":"index","follow":"follow","max-snippet":"max-snippet:-1","max-image-preview":"max-image-preview:large","max-video-preview":"max-video-preview:-1"},"canonical":"https:\/\/ronvig.com\/de\/vare\/luxator-p-serie\/","og_locale":"de_DE","og_type":"article","og_title":"Luxator\u00ae P Serie - R\u00d8NVIG Dental Mfg. A\/S","og_description":"4er-Set, titanbeschichtetem Edelstahl.","og_url":"https:\/\/ronvig.com\/de\/vare\/luxator-p-serie\/","og_site_name":"R\u00d8NVIG Dental Mfg. A\/S","article_modified_time":"2026-03-25T08:53:17+00:00","twitter_card":"summary_large_image","twitter_misc":{"Gesch\u00e4tzte Lesezeit":"1\u00a0Minute"},"schema":{"@context":"https:\/\/schema.org","@graph":[{"@type":"WebPage","@id":"https:\/\/ronvig.com\/de\/vare\/luxator-p-serie\/","url":"https:\/\/ronvig.com\/de\/vare\/luxator-p-serie\/","name":"Luxator\u00ae P Serie - R\u00d8NVIG Dental Mfg. A\/S","isPartOf":{"@id":"https:\/\/ronvig.com\/#website"},"primaryImageOfPage":{"@id":"https:\/\/ronvig.com\/de\/vare\/luxator-p-serie\/#primaryimage"},"image":{"@id":"https:\/\/ronvig.com\/de\/vare\/luxator-p-serie\/#primaryimage"},"thumbnailUrl":"https:\/\/ronvig.com\/wp-content\/uploads\/2024\/02\/luxator-p-series_show_familiy_1200x1200px.jpg","datePublished":"2021-07-02T10:10:40+00:00","dateModified":"2026-03-25T08:53:17+00:00","breadcrumb":{"@id":"https:\/\/ronvig.com\/de\/vare\/luxator-p-serie\/#breadcrumb"},"inLanguage":"de","potentialAction":[{"@type":"ReadAction","target":["https:\/\/ronvig.com\/de\/vare\/luxator-p-serie\/"]}]},{"@type":"ImageObject","inLanguage":"de","@id":"https:\/\/ronvig.com\/de\/vare\/luxator-p-serie\/#primaryimage","url":"https:\/\/ronvig.com\/wp-content\/uploads\/2024\/02\/luxator-p-series_show_familiy_1200x1200px.jpg","contentUrl":"https:\/\/ronvig.com\/wp-content\/uploads\/2024\/02\/luxator-p-series_show_familiy_1200x1200px.jpg","width":1200,"height":1200},{"@type":"BreadcrumbList","@id":"https:\/\/ronvig.com\/de\/vare\/luxator-p-serie\/#breadcrumb","itemListElement":[{"@type":"ListItem","position":1,"name":"Start","item":"https:\/\/ronvig.com\/de\/"},{"@type":"ListItem","position":2,"name":"Shop","item":"https:\/\/ronvig.com\/de\/shop-2\/"},{"@type":"ListItem","position":3,"name":"Luxator\u00ae P Serie"}]},{"@type":"WebSite","@id":"https:\/\/ronvig.com\/#website","url":"https:\/\/ronvig.com\/","name":"R\u00d8NVIG Dental Mfg. A\/S","description":"Tandl\u00e6geudstyr","publisher":{"@id":"https:\/\/ronvig.com\/#organization"},"potentialAction":[{"@type":"SearchAction","target":{"@type":"EntryPoint","urlTemplate":"https:\/\/ronvig.com\/?s={search_term_string}"},"query-input":{"@type":"PropertyValueSpecification","valueRequired":true,"valueName":"search_term_string"}}],"inLanguage":"de"},{"@type":"Organization","@id":"https:\/\/ronvig.com\/#organization","name":"R\u00d8NVIG Dental Mfg. A\/S","url":"https:\/\/ronvig.com\/","logo":{"@type":"ImageObject","inLanguage":"de","@id":"https:\/\/ronvig.com\/#\/schema\/logo\/image\/","url":"https:\/\/ronvig.com\/wp-content\/uploads\/2020\/12\/logo.svg","contentUrl":"https:\/\/ronvig.com\/wp-content\/uploads\/2020\/12\/logo.svg","width":187.118,"height":30.03,"caption":"R\u00d8NVIG Dental Mfg. A\/S"},"image":{"@id":"https:\/\/ronvig.com\/#\/schema\/logo\/image\/"}}]}},"_links":{"self":[{"href":"https:\/\/ronvig.com\/de\/wp-json\/wp\/v2\/product\/7352","targetHints":{"allow":["GET"]}}],"collection":[{"href":"https:\/\/ronvig.com\/de\/wp-json\/wp\/v2\/product"}],"about":[{"href":"https:\/\/ronvig.com\/de\/wp-json\/wp\/v2\/types\/product"}],"wp:featuredmedia":[{"embeddable":true,"href":"https:\/\/ronvig.com\/de\/wp-json\/wp\/v2\/media\/14462"}],"wp:attachment":[{"href":"https:\/\/ronvig.com\/de\/wp-json\/wp\/v2\/media?parent=7352"}],"wp:term":[{"taxonomy":"product_brand","embeddable":true,"href":"https:\/\/ronvig.com\/de\/wp-json\/wp\/v2\/product_brand?post=7352"},{"taxonomy":"product_cat","embeddable":true,"href":"https:\/\/ronvig.com\/de\/wp-json\/wp\/v2\/product_cat?post=7352"},{"taxonomy":"product_tag","embeddable":true,"href":"https:\/\/ronvig.com\/de\/wp-json\/wp\/v2\/product_tag?post=7352"}],"curies":[{"name":"wp","href":"https:\/\/api.w.org\/{rel}","templated":true}]}}