{"id":7354,"date":"2021-06-24T11:43:45","date_gmt":"2021-06-24T09:43:45","guid":{"rendered":"https:\/\/ronvig.com\/vare\/physics-forceps-standard-set\/"},"modified":"2026-03-25T09:53:47","modified_gmt":"2026-03-25T08:53:47","slug":"physics-forceps-standard-set","status":"publish","type":"product","link":"https:\/\/ronvig.com\/de\/vare\/physics-forceps-standard-set\/","title":{"rendered":"Physics\u00ae Forceps Standard Set"},"content":{"rendered":"<p>Physics\u00ae Forceps ist ein atraumatisches Extraktionssystem, das eine einfache und schonende Methode zur Extraktion von Z\u00e4hnen gew\u00e4hrleistet.<\/p>\n<p><strong>Aussagen von Zahn\u00e4rzten:<br \/>\n<\/strong>&#8222;Vielen Dank, dass Sie mir das Physics Forceps Standard Set zur Verf\u00fcgung gestellt haben. Ich bin sehr begeistert von der F\u00e4higkeit, oral zu extrahieren, wenn ein benachbarter Milchzahn vorhanden ist. Ich habe sie bei einem oberen ersten Backenzahn verwendet, wo es so einfach war. Ich musste den Zahn nicht schneiden, was oft n\u00f6tig ist, wenn es keinen stabilen Nachbarzahn gibt&#8220;<br \/>\nAmanda Pedersen, Zahnarztpraxis Aarhus.<\/p>\n<p><strong>Wie funktioniert es?<br \/>\n<\/strong>Physics Forceps\u00ae funktioniert eher wie ein Hebel als eine Zange. Ein Griff ist mit einer &#8222;Bumber&#8220; verbunden, die als Drehpunkt dient und tief im Vestibulum platziert wird. Der andere Griff ist mit dem &#8222;Schnabel&#8220; verbunden, der am h\u00e4ufigsten auf der lingualen oder palatinalen Zahnwurzel in den gingivalen Sulkus positioniert wird. Das Instrument greift unter der Krone und sobald es richtig platziert ist, werden die Griffe mit einer Handgelenkbewegung langsam, gleichm\u00e4\u00dfig und kontrolliert um einige Grad gedreht \u2013 kein Quetschen!<\/p>\n<p><strong>Wann verwenden?<\/strong><br \/>\nDie Physics Forceps\u00ae Instrumente sind in den meisten F\u00e4llen effektiv, auch bei stark kari\u00f6ser oder abgebrochener Z\u00e4hne, endodontisch behandelter Z\u00e4hne, gebrochener oder br\u00fcchiger Z\u00e4hne, gekr\u00fcmmter oder langwurzeliger Molaren, Eckz\u00e4hne oder jedes Zahns, der mit herk\u00f6mmlichen Instrumenten eine Herausforderung darstellt. Physics\u00ae Forceps ist ideal f\u00fcr die Implantologiebehandlung, wo die Bewahrung der umgebenden Knochen und Gewebe als Vorbereitung f\u00fcr Zahnimplantate besonders wichtig ist.<\/p>\n<p><strong>Warum funktioniert es?<\/strong><br \/>\nPhysics\u00ae Forceps belastet den Zahn konstant und gleichm\u00e4\u00dfig, wodurch Hyalurons\u00e4ure freigesetzt wird und zur Zersetzung der parodontalen Ligamenten f\u00fchrt. Studien haben bewiesen, dass dieser Zersetzung viel schneller auftritt als bei herk\u00f6mmlichen Extraktionsmethoden, wo intermittierende, schaukelnde oder hohe Kr\u00e4fte eingesetzt werden.<\/p>\n<p><strong>Standard Set beinhaltet:<\/strong><\/p>\n<p>GMX-100UR \u2013 UR (1. Quadrant)<br \/>\nGMX-100UL &#8211; UL (2. Quadrant)<br \/>\nGMX-100UA &#8211; UA (Oberer Frontzahnbereich<br \/>\nGMX-200LU \u2013 LU (Unterkieferbereich Allgemein)<br \/>\nEinschl. 24 gr\u00fcne <span style=\"text-decoration: underline;\"><a href=\"https:\/\/ronvig.com\/de\/vare\/bumber-guards\/\">Bumber Guards<\/a><\/span>, steril verpackt.<\/p>\n<p>Lieferzeit m\u00f6glich.<\/p>\n<p>&nbsp;<\/p>\n","protected":false},"excerpt":{"rendered":"<p>Beinhaltet 4 Zangen f\u00fcr Ober- und Unterkiefer<\/p>\n","protected":false},"featured_media":14520,"template":"","meta":{"_acf_changed":false},"product_brand":[],"product_cat":[319],"product_tag":[],"class_list":{"0":"post-7354","1":"product","2":"type-product","3":"status-publish","4":"has-post-thumbnail","6":"product_cat-physics-forceps","8":"first","9":"instock","10":"taxable","11":"shipping-taxable","12":"purchasable","13":"product-type-simple"},"acf":[],"yoast_head":"<!-- This site is optimized with the Yoast SEO plugin v27.2 - https:\/\/yoast.com\/product\/yoast-seo-wordpress\/ -->\n<title>Physics\u00ae Forceps Standard Set - R\u00d8NVIG Dental Mfg. A\/S<\/title>\n<meta name=\"robots\" content=\"index, follow, max-snippet:-1, max-image-preview:large, max-video-preview:-1\" \/>\n<link rel=\"canonical\" href=\"https:\/\/ronvig.com\/de\/vare\/physics-forceps-standard-set\/\" \/>\n<meta property=\"og:locale\" content=\"de_DE\" \/>\n<meta property=\"og:type\" content=\"article\" \/>\n<meta property=\"og:title\" content=\"Physics\u00ae Forceps Standard Set - R\u00d8NVIG Dental Mfg. A\/S\" \/>\n<meta property=\"og:description\" content=\"Beinhaltet 4 Zangen f\u00fcr Ober- und Unterkiefer\" \/>\n<meta property=\"og:url\" content=\"https:\/\/ronvig.com\/de\/vare\/physics-forceps-standard-set\/\" \/>\n<meta property=\"og:site_name\" content=\"R\u00d8NVIG Dental Mfg. A\/S\" \/>\n<meta property=\"article:modified_time\" content=\"2026-03-25T08:53:47+00:00\" \/>\n<meta name=\"twitter:card\" content=\"summary_large_image\" \/>\n<meta name=\"twitter:label1\" content=\"Gesch\u00e4tzte Lesezeit\" \/>\n\t<meta name=\"twitter:data1\" content=\"2\u00a0Minuten\" \/>\n<script type=\"application\/ld+json\" class=\"yoast-schema-graph\">{\"@context\":\"https:\/\/schema.org\",\"@graph\":[{\"@type\":\"WebPage\",\"@id\":\"https:\/\/ronvig.com\/de\/vare\/physics-forceps-standard-set\/\",\"url\":\"https:\/\/ronvig.com\/de\/vare\/physics-forceps-standard-set\/\",\"name\":\"Physics\u00ae Forceps Standard Set - R\u00d8NVIG Dental Mfg. A\/S\",\"isPartOf\":{\"@id\":\"https:\/\/ronvig.com\/#website\"},\"primaryImageOfPage\":{\"@id\":\"https:\/\/ronvig.com\/de\/vare\/physics-forceps-standard-set\/#primaryimage\"},\"image\":{\"@id\":\"https:\/\/ronvig.com\/de\/vare\/physics-forceps-standard-set\/#primaryimage\"},\"thumbnailUrl\":\"https:\/\/ronvig.com\/wp-content\/uploads\/2021\/06\/Physics_Forceps_Standard-series_1200x1200px_V1.jpg\",\"datePublished\":\"2021-06-24T09:43:45+00:00\",\"dateModified\":\"2026-03-25T08:53:47+00:00\",\"breadcrumb\":{\"@id\":\"https:\/\/ronvig.com\/de\/vare\/physics-forceps-standard-set\/#breadcrumb\"},\"inLanguage\":\"de\",\"potentialAction\":[{\"@type\":\"ReadAction\",\"target\":[\"https:\/\/ronvig.com\/de\/vare\/physics-forceps-standard-set\/\"]}]},{\"@type\":\"ImageObject\",\"inLanguage\":\"de\",\"@id\":\"https:\/\/ronvig.com\/de\/vare\/physics-forceps-standard-set\/#primaryimage\",\"url\":\"https:\/\/ronvig.com\/wp-content\/uploads\/2021\/06\/Physics_Forceps_Standard-series_1200x1200px_V1.jpg\",\"contentUrl\":\"https:\/\/ronvig.com\/wp-content\/uploads\/2021\/06\/Physics_Forceps_Standard-series_1200x1200px_V1.jpg\",\"width\":1200,\"height\":1200},{\"@type\":\"BreadcrumbList\",\"@id\":\"https:\/\/ronvig.com\/de\/vare\/physics-forceps-standard-set\/#breadcrumb\",\"itemListElement\":[{\"@type\":\"ListItem\",\"position\":1,\"name\":\"Start\",\"item\":\"https:\/\/ronvig.com\/de\/\"},{\"@type\":\"ListItem\",\"position\":2,\"name\":\"Shop\",\"item\":\"https:\/\/ronvig.com\/de\/shop-2\/\"},{\"@type\":\"ListItem\",\"position\":3,\"name\":\"Physics\u00ae Forceps Standard Set\"}]},{\"@type\":\"WebSite\",\"@id\":\"https:\/\/ronvig.com\/#website\",\"url\":\"https:\/\/ronvig.com\/\",\"name\":\"R\u00d8NVIG Dental Mfg. A\/S\",\"description\":\"Tandl\u00e6geudstyr\",\"publisher\":{\"@id\":\"https:\/\/ronvig.com\/#organization\"},\"potentialAction\":[{\"@type\":\"SearchAction\",\"target\":{\"@type\":\"EntryPoint\",\"urlTemplate\":\"https:\/\/ronvig.com\/?s={search_term_string}\"},\"query-input\":{\"@type\":\"PropertyValueSpecification\",\"valueRequired\":true,\"valueName\":\"search_term_string\"}}],\"inLanguage\":\"de\"},{\"@type\":\"Organization\",\"@id\":\"https:\/\/ronvig.com\/#organization\",\"name\":\"R\u00d8NVIG Dental Mfg. A\/S\",\"url\":\"https:\/\/ronvig.com\/\",\"logo\":{\"@type\":\"ImageObject\",\"inLanguage\":\"de\",\"@id\":\"https:\/\/ronvig.com\/#\/schema\/logo\/image\/\",\"url\":\"https:\/\/ronvig.com\/wp-content\/uploads\/2020\/12\/logo.svg\",\"contentUrl\":\"https:\/\/ronvig.com\/wp-content\/uploads\/2020\/12\/logo.svg\",\"width\":187.118,\"height\":30.03,\"caption\":\"R\u00d8NVIG Dental Mfg. A\/S\"},\"image\":{\"@id\":\"https:\/\/ronvig.com\/#\/schema\/logo\/image\/\"}}]}<\/script>\n<!-- \/ Yoast SEO plugin. -->","yoast_head_json":{"title":"Physics\u00ae Forceps Standard Set - R\u00d8NVIG Dental Mfg. A\/S","robots":{"index":"index","follow":"follow","max-snippet":"max-snippet:-1","max-image-preview":"max-image-preview:large","max-video-preview":"max-video-preview:-1"},"canonical":"https:\/\/ronvig.com\/de\/vare\/physics-forceps-standard-set\/","og_locale":"de_DE","og_type":"article","og_title":"Physics\u00ae Forceps Standard Set - R\u00d8NVIG Dental Mfg. A\/S","og_description":"Beinhaltet 4 Zangen f\u00fcr Ober- und Unterkiefer","og_url":"https:\/\/ronvig.com\/de\/vare\/physics-forceps-standard-set\/","og_site_name":"R\u00d8NVIG Dental Mfg. A\/S","article_modified_time":"2026-03-25T08:53:47+00:00","twitter_card":"summary_large_image","twitter_misc":{"Gesch\u00e4tzte Lesezeit":"2\u00a0Minuten"},"schema":{"@context":"https:\/\/schema.org","@graph":[{"@type":"WebPage","@id":"https:\/\/ronvig.com\/de\/vare\/physics-forceps-standard-set\/","url":"https:\/\/ronvig.com\/de\/vare\/physics-forceps-standard-set\/","name":"Physics\u00ae Forceps Standard Set - R\u00d8NVIG Dental Mfg. A\/S","isPartOf":{"@id":"https:\/\/ronvig.com\/#website"},"primaryImageOfPage":{"@id":"https:\/\/ronvig.com\/de\/vare\/physics-forceps-standard-set\/#primaryimage"},"image":{"@id":"https:\/\/ronvig.com\/de\/vare\/physics-forceps-standard-set\/#primaryimage"},"thumbnailUrl":"https:\/\/ronvig.com\/wp-content\/uploads\/2021\/06\/Physics_Forceps_Standard-series_1200x1200px_V1.jpg","datePublished":"2021-06-24T09:43:45+00:00","dateModified":"2026-03-25T08:53:47+00:00","breadcrumb":{"@id":"https:\/\/ronvig.com\/de\/vare\/physics-forceps-standard-set\/#breadcrumb"},"inLanguage":"de","potentialAction":[{"@type":"ReadAction","target":["https:\/\/ronvig.com\/de\/vare\/physics-forceps-standard-set\/"]}]},{"@type":"ImageObject","inLanguage":"de","@id":"https:\/\/ronvig.com\/de\/vare\/physics-forceps-standard-set\/#primaryimage","url":"https:\/\/ronvig.com\/wp-content\/uploads\/2021\/06\/Physics_Forceps_Standard-series_1200x1200px_V1.jpg","contentUrl":"https:\/\/ronvig.com\/wp-content\/uploads\/2021\/06\/Physics_Forceps_Standard-series_1200x1200px_V1.jpg","width":1200,"height":1200},{"@type":"BreadcrumbList","@id":"https:\/\/ronvig.com\/de\/vare\/physics-forceps-standard-set\/#breadcrumb","itemListElement":[{"@type":"ListItem","position":1,"name":"Start","item":"https:\/\/ronvig.com\/de\/"},{"@type":"ListItem","position":2,"name":"Shop","item":"https:\/\/ronvig.com\/de\/shop-2\/"},{"@type":"ListItem","position":3,"name":"Physics\u00ae Forceps Standard Set"}]},{"@type":"WebSite","@id":"https:\/\/ronvig.com\/#website","url":"https:\/\/ronvig.com\/","name":"R\u00d8NVIG Dental Mfg. A\/S","description":"Tandl\u00e6geudstyr","publisher":{"@id":"https:\/\/ronvig.com\/#organization"},"potentialAction":[{"@type":"SearchAction","target":{"@type":"EntryPoint","urlTemplate":"https:\/\/ronvig.com\/?s={search_term_string}"},"query-input":{"@type":"PropertyValueSpecification","valueRequired":true,"valueName":"search_term_string"}}],"inLanguage":"de"},{"@type":"Organization","@id":"https:\/\/ronvig.com\/#organization","name":"R\u00d8NVIG Dental Mfg. A\/S","url":"https:\/\/ronvig.com\/","logo":{"@type":"ImageObject","inLanguage":"de","@id":"https:\/\/ronvig.com\/#\/schema\/logo\/image\/","url":"https:\/\/ronvig.com\/wp-content\/uploads\/2020\/12\/logo.svg","contentUrl":"https:\/\/ronvig.com\/wp-content\/uploads\/2020\/12\/logo.svg","width":187.118,"height":30.03,"caption":"R\u00d8NVIG Dental Mfg. A\/S"},"image":{"@id":"https:\/\/ronvig.com\/#\/schema\/logo\/image\/"}}]}},"_links":{"self":[{"href":"https:\/\/ronvig.com\/de\/wp-json\/wp\/v2\/product\/7354","targetHints":{"allow":["GET"]}}],"collection":[{"href":"https:\/\/ronvig.com\/de\/wp-json\/wp\/v2\/product"}],"about":[{"href":"https:\/\/ronvig.com\/de\/wp-json\/wp\/v2\/types\/product"}],"wp:featuredmedia":[{"embeddable":true,"href":"https:\/\/ronvig.com\/de\/wp-json\/wp\/v2\/media\/14520"}],"wp:attachment":[{"href":"https:\/\/ronvig.com\/de\/wp-json\/wp\/v2\/media?parent=7354"}],"wp:term":[{"taxonomy":"product_brand","embeddable":true,"href":"https:\/\/ronvig.com\/de\/wp-json\/wp\/v2\/product_brand?post=7354"},{"taxonomy":"product_cat","embeddable":true,"href":"https:\/\/ronvig.com\/de\/wp-json\/wp\/v2\/product_cat?post=7354"},{"taxonomy":"product_tag","embeddable":true,"href":"https:\/\/ronvig.com\/de\/wp-json\/wp\/v2\/product_tag?post=7354"}],"curies":[{"name":"wp","href":"https:\/\/api.w.org\/{rel}","templated":true}]}}