{"id":7532,"date":"2021-10-19T12:17:30","date_gmt":"2021-10-19T10:17:30","guid":{"rendered":"https:\/\/ronvig.com\/?post_type=product&#038;p=7532"},"modified":"2026-03-25T09:52:30","modified_gmt":"2026-03-25T08:52:30","slug":"luxator-forte-elevator-f32","status":"publish","type":"product","link":"https:\/\/ronvig.com\/de\/vare\/luxator-forte-elevator-f32\/","title":{"rendered":"Luxator\u00ae Forte Elevator F32"},"content":{"rendered":"<p>Die Luxator Forte Elevator bietet eine eckige und stabile Klinge, welche die Wurzelhebung erm\u00f6glicht, ohne das Instrument zu besch\u00e4digen. Luxator Forte ist die perfekte Erg\u00e4nzung zur Luxator P-Series, um eine erfolgreiche Extraktion abzuschlie\u00dfen.<\/p>\n<p>&nbsp;<\/p>\n<p><strong>Erh\u00e4ltlich in 2 Gr\u00f6\u00dfen:<\/strong><\/p>\n<p>Luxator Forte F32, grau, mit gerader Klinge, 3,2 mm<br \/>\nEinschl. ein autoklavierbarer Fixus 1 Halter.<\/p>\n<p><span style=\"text-decoration: underline;\"><a href=\"https:\/\/ronvig.com\/de\/vare\/luxator-forte-elevator-f32c\/\">Luxator Forte F32C<\/a><\/span>, blau, mit leicht gebogener Klinge, 3,2 mm<br \/>\nInkl. en autoklaverbar Fixus 1 holder.<\/p>\n","protected":false},"excerpt":{"rendered":"<p>Luxator Forte F32, grau, mit gerader Klinge, 3,2 mm<\/p>\n","protected":false},"featured_media":14441,"template":"","meta":{"_acf_changed":false},"product_brand":[],"product_cat":[317],"product_tag":[],"class_list":{"0":"post-7532","1":"product","2":"type-product","3":"status-publish","4":"has-post-thumbnail","6":"product_cat-luxator-instrumente","8":"first","9":"instock","10":"taxable","11":"shipping-taxable","12":"purchasable","13":"product-type-simple"},"acf":[],"yoast_head":"<!-- This site is optimized with the Yoast SEO plugin v27.2 - https:\/\/yoast.com\/product\/yoast-seo-wordpress\/ -->\n<title>Luxator\u00ae Forte Elevator F32 - R\u00d8NVIG Dental Mfg. A\/S<\/title>\n<meta name=\"robots\" content=\"index, follow, max-snippet:-1, max-image-preview:large, max-video-preview:-1\" \/>\n<link rel=\"canonical\" href=\"https:\/\/ronvig.com\/de\/vare\/luxator-forte-elevator-f32\/\" \/>\n<meta property=\"og:locale\" content=\"de_DE\" \/>\n<meta property=\"og:type\" content=\"article\" \/>\n<meta property=\"og:title\" content=\"Luxator\u00ae Forte Elevator F32 - R\u00d8NVIG Dental Mfg. A\/S\" \/>\n<meta property=\"og:description\" content=\"Luxator Forte F32, grau, mit gerader Klinge, 3,2 mm\" \/>\n<meta property=\"og:url\" content=\"https:\/\/ronvig.com\/de\/vare\/luxator-forte-elevator-f32\/\" \/>\n<meta property=\"og:site_name\" content=\"R\u00d8NVIG Dental Mfg. A\/S\" \/>\n<meta property=\"article:modified_time\" content=\"2026-03-25T08:52:30+00:00\" \/>\n<meta name=\"twitter:card\" content=\"summary_large_image\" \/>\n<script type=\"application\/ld+json\" class=\"yoast-schema-graph\">{\"@context\":\"https:\/\/schema.org\",\"@graph\":[{\"@type\":\"WebPage\",\"@id\":\"https:\/\/ronvig.com\/de\/vare\/luxator-forte-elevator-f32\/\",\"url\":\"https:\/\/ronvig.com\/de\/vare\/luxator-forte-elevator-f32\/\",\"name\":\"Luxator\u00ae Forte Elevator F32 - R\u00d8NVIG Dental Mfg. A\/S\",\"isPartOf\":{\"@id\":\"https:\/\/ronvig.com\/#website\"},\"primaryImageOfPage\":{\"@id\":\"https:\/\/ronvig.com\/de\/vare\/luxator-forte-elevator-f32\/#primaryimage\"},\"image\":{\"@id\":\"https:\/\/ronvig.com\/de\/vare\/luxator-forte-elevator-f32\/#primaryimage\"},\"thumbnailUrl\":\"https:\/\/ronvig.com\/wp-content\/uploads\/2024\/02\/Luxator_Forte_1200x1200px.jpg\",\"datePublished\":\"2021-10-19T10:17:30+00:00\",\"dateModified\":\"2026-03-25T08:52:30+00:00\",\"breadcrumb\":{\"@id\":\"https:\/\/ronvig.com\/de\/vare\/luxator-forte-elevator-f32\/#breadcrumb\"},\"inLanguage\":\"de\",\"potentialAction\":[{\"@type\":\"ReadAction\",\"target\":[\"https:\/\/ronvig.com\/de\/vare\/luxator-forte-elevator-f32\/\"]}]},{\"@type\":\"ImageObject\",\"inLanguage\":\"de\",\"@id\":\"https:\/\/ronvig.com\/de\/vare\/luxator-forte-elevator-f32\/#primaryimage\",\"url\":\"https:\/\/ronvig.com\/wp-content\/uploads\/2024\/02\/Luxator_Forte_1200x1200px.jpg\",\"contentUrl\":\"https:\/\/ronvig.com\/wp-content\/uploads\/2024\/02\/Luxator_Forte_1200x1200px.jpg\",\"width\":1200,\"height\":1200},{\"@type\":\"BreadcrumbList\",\"@id\":\"https:\/\/ronvig.com\/de\/vare\/luxator-forte-elevator-f32\/#breadcrumb\",\"itemListElement\":[{\"@type\":\"ListItem\",\"position\":1,\"name\":\"Start\",\"item\":\"https:\/\/ronvig.com\/de\/\"},{\"@type\":\"ListItem\",\"position\":2,\"name\":\"Shop\",\"item\":\"https:\/\/ronvig.com\/de\/shop-2\/\"},{\"@type\":\"ListItem\",\"position\":3,\"name\":\"Luxator\u00ae Forte Elevator F32\"}]},{\"@type\":\"WebSite\",\"@id\":\"https:\/\/ronvig.com\/#website\",\"url\":\"https:\/\/ronvig.com\/\",\"name\":\"R\u00d8NVIG Dental Mfg. A\/S\",\"description\":\"Tandl\u00e6geudstyr\",\"publisher\":{\"@id\":\"https:\/\/ronvig.com\/#organization\"},\"potentialAction\":[{\"@type\":\"SearchAction\",\"target\":{\"@type\":\"EntryPoint\",\"urlTemplate\":\"https:\/\/ronvig.com\/?s={search_term_string}\"},\"query-input\":{\"@type\":\"PropertyValueSpecification\",\"valueRequired\":true,\"valueName\":\"search_term_string\"}}],\"inLanguage\":\"de\"},{\"@type\":\"Organization\",\"@id\":\"https:\/\/ronvig.com\/#organization\",\"name\":\"R\u00d8NVIG Dental Mfg. A\/S\",\"url\":\"https:\/\/ronvig.com\/\",\"logo\":{\"@type\":\"ImageObject\",\"inLanguage\":\"de\",\"@id\":\"https:\/\/ronvig.com\/#\/schema\/logo\/image\/\",\"url\":\"https:\/\/ronvig.com\/wp-content\/uploads\/2020\/12\/logo.svg\",\"contentUrl\":\"https:\/\/ronvig.com\/wp-content\/uploads\/2020\/12\/logo.svg\",\"width\":187.118,\"height\":30.03,\"caption\":\"R\u00d8NVIG Dental Mfg. A\/S\"},\"image\":{\"@id\":\"https:\/\/ronvig.com\/#\/schema\/logo\/image\/\"}}]}<\/script>\n<!-- \/ Yoast SEO plugin. -->","yoast_head_json":{"title":"Luxator\u00ae Forte Elevator F32 - R\u00d8NVIG Dental Mfg. A\/S","robots":{"index":"index","follow":"follow","max-snippet":"max-snippet:-1","max-image-preview":"max-image-preview:large","max-video-preview":"max-video-preview:-1"},"canonical":"https:\/\/ronvig.com\/de\/vare\/luxator-forte-elevator-f32\/","og_locale":"de_DE","og_type":"article","og_title":"Luxator\u00ae Forte Elevator F32 - R\u00d8NVIG Dental Mfg. A\/S","og_description":"Luxator Forte F32, grau, mit gerader Klinge, 3,2 mm","og_url":"https:\/\/ronvig.com\/de\/vare\/luxator-forte-elevator-f32\/","og_site_name":"R\u00d8NVIG Dental Mfg. A\/S","article_modified_time":"2026-03-25T08:52:30+00:00","twitter_card":"summary_large_image","schema":{"@context":"https:\/\/schema.org","@graph":[{"@type":"WebPage","@id":"https:\/\/ronvig.com\/de\/vare\/luxator-forte-elevator-f32\/","url":"https:\/\/ronvig.com\/de\/vare\/luxator-forte-elevator-f32\/","name":"Luxator\u00ae Forte Elevator F32 - R\u00d8NVIG Dental Mfg. A\/S","isPartOf":{"@id":"https:\/\/ronvig.com\/#website"},"primaryImageOfPage":{"@id":"https:\/\/ronvig.com\/de\/vare\/luxator-forte-elevator-f32\/#primaryimage"},"image":{"@id":"https:\/\/ronvig.com\/de\/vare\/luxator-forte-elevator-f32\/#primaryimage"},"thumbnailUrl":"https:\/\/ronvig.com\/wp-content\/uploads\/2024\/02\/Luxator_Forte_1200x1200px.jpg","datePublished":"2021-10-19T10:17:30+00:00","dateModified":"2026-03-25T08:52:30+00:00","breadcrumb":{"@id":"https:\/\/ronvig.com\/de\/vare\/luxator-forte-elevator-f32\/#breadcrumb"},"inLanguage":"de","potentialAction":[{"@type":"ReadAction","target":["https:\/\/ronvig.com\/de\/vare\/luxator-forte-elevator-f32\/"]}]},{"@type":"ImageObject","inLanguage":"de","@id":"https:\/\/ronvig.com\/de\/vare\/luxator-forte-elevator-f32\/#primaryimage","url":"https:\/\/ronvig.com\/wp-content\/uploads\/2024\/02\/Luxator_Forte_1200x1200px.jpg","contentUrl":"https:\/\/ronvig.com\/wp-content\/uploads\/2024\/02\/Luxator_Forte_1200x1200px.jpg","width":1200,"height":1200},{"@type":"BreadcrumbList","@id":"https:\/\/ronvig.com\/de\/vare\/luxator-forte-elevator-f32\/#breadcrumb","itemListElement":[{"@type":"ListItem","position":1,"name":"Start","item":"https:\/\/ronvig.com\/de\/"},{"@type":"ListItem","position":2,"name":"Shop","item":"https:\/\/ronvig.com\/de\/shop-2\/"},{"@type":"ListItem","position":3,"name":"Luxator\u00ae Forte Elevator F32"}]},{"@type":"WebSite","@id":"https:\/\/ronvig.com\/#website","url":"https:\/\/ronvig.com\/","name":"R\u00d8NVIG Dental Mfg. A\/S","description":"Tandl\u00e6geudstyr","publisher":{"@id":"https:\/\/ronvig.com\/#organization"},"potentialAction":[{"@type":"SearchAction","target":{"@type":"EntryPoint","urlTemplate":"https:\/\/ronvig.com\/?s={search_term_string}"},"query-input":{"@type":"PropertyValueSpecification","valueRequired":true,"valueName":"search_term_string"}}],"inLanguage":"de"},{"@type":"Organization","@id":"https:\/\/ronvig.com\/#organization","name":"R\u00d8NVIG Dental Mfg. A\/S","url":"https:\/\/ronvig.com\/","logo":{"@type":"ImageObject","inLanguage":"de","@id":"https:\/\/ronvig.com\/#\/schema\/logo\/image\/","url":"https:\/\/ronvig.com\/wp-content\/uploads\/2020\/12\/logo.svg","contentUrl":"https:\/\/ronvig.com\/wp-content\/uploads\/2020\/12\/logo.svg","width":187.118,"height":30.03,"caption":"R\u00d8NVIG Dental Mfg. A\/S"},"image":{"@id":"https:\/\/ronvig.com\/#\/schema\/logo\/image\/"}}]}},"_links":{"self":[{"href":"https:\/\/ronvig.com\/de\/wp-json\/wp\/v2\/product\/7532","targetHints":{"allow":["GET"]}}],"collection":[{"href":"https:\/\/ronvig.com\/de\/wp-json\/wp\/v2\/product"}],"about":[{"href":"https:\/\/ronvig.com\/de\/wp-json\/wp\/v2\/types\/product"}],"wp:featuredmedia":[{"embeddable":true,"href":"https:\/\/ronvig.com\/de\/wp-json\/wp\/v2\/media\/14441"}],"wp:attachment":[{"href":"https:\/\/ronvig.com\/de\/wp-json\/wp\/v2\/media?parent=7532"}],"wp:term":[{"taxonomy":"product_brand","embeddable":true,"href":"https:\/\/ronvig.com\/de\/wp-json\/wp\/v2\/product_brand?post=7532"},{"taxonomy":"product_cat","embeddable":true,"href":"https:\/\/ronvig.com\/de\/wp-json\/wp\/v2\/product_cat?post=7532"},{"taxonomy":"product_tag","embeddable":true,"href":"https:\/\/ronvig.com\/de\/wp-json\/wp\/v2\/product_tag?post=7532"}],"curies":[{"name":"wp","href":"https:\/\/api.w.org\/{rel}","templated":true}]}}