{"id":8192,"date":"2022-02-16T08:22:19","date_gmt":"2022-02-16T07:22:19","guid":{"rendered":"https:\/\/ronvig.com\/?post_type=product&#038;p=8192"},"modified":"2026-03-25T09:51:57","modified_gmt":"2026-03-25T08:51:57","slug":"dento-prep-staub-kabinett-neues-modell","status":"publish","type":"product","link":"https:\/\/ronvig.com\/de\/vare\/dento-prep-staub-kabinett-neues-modell\/","title":{"rendered":"STAUB-KABINETT Absaugbox"},"content":{"rendered":"<p>Das Absaugbox von R\u00d6NVIG ist ein perfektes Zubeh\u00f6r zu DENTO-PREP f\u00fcr das Sandstrahlen von indirekten Restaurationen und kieferorthop\u00e4dischen Teilen vor der Zementierung.<\/p>\n<p>Die Kabine ist mit einer leistungsstarken Lampe und einem filtergesch\u00fctzten elektronischen Absaugsystem ausgestattet.<\/p>\n<p>Dies gew\u00e4hrleistet eine klare Sicht auf das zu behandelnde Objekt &#8211; und unerw\u00fcnschte Pulverstreuung in der Umgebung wird vermieden. Leicht sauber zu halten und passt in die klinische Umgebung.<\/p>\n<p>&nbsp;<\/p>\n<ul>\n<li>Die Kabine ist aus pulverbeschichtetem Stahl gefertigt und mit einem gro\u00dfen<\/li>\n<li>Acrylglas-Fenster<\/li>\n<li>Abmessungen: H 180 mm \u2013 B 222 mm \u2013 T 298 mm.<\/li>\n<li>Mit integriertem Absaugsystem<\/li>\n<\/ul>\n<p>&nbsp;<\/p>\n<p><strong>Wenn Sie Ersatzteile f\u00fcr Ihre DUST-CABINET\/Staub-Kabine bestellen wollen:<\/strong><\/p>\n<p>Bitte beachten Sie, dass das \u201ealte\u201c Modell (Art.-Nr. 1903) und das \u201eneue\u201c Modell (Art.-Nr. 1905) unterschiedliche Ersatzteile brauchen. Auf der R\u00fcckseite der DUST-CABINET\/Staub-Kabine finden Sie einen grauen Aufkleber auf dem die Referenz\/Artikelnummer ist.<\/p>\n<p>Hier k\u00f6nnen Sie die verschiedenen Ersatzteile sehen und darauf klicken. Sie k\u00f6nnen sie auch unter <a href=\"https:\/\/ronvig.com\/de\/vare-kategori\/zubehoer-und-ersatzteile-de\/\"><span style=\"text-decoration: underline;\">Zubeh\u00f6r und Ersatzteile finden<\/span><\/a>.<\/p>\n<p>Ersatzteile f\u00fcr \u201eREF 1905\u201c, neues Modell:<br \/>\n\u2022 <a href=\"https:\/\/ronvig.com\/de\/vare\/dust-cabinet-lichtquelle-neues-modell\/\"><span style=\"text-decoration: underline;\">DUST-CABINET\u2122 Lichtquelle<\/span><\/a><br \/>\n\u2022 <span style=\"text-decoration: underline;\"><a href=\"https:\/\/ronvig.com\/de\/vare\/filter-fuer-dust-cabinet-neues-modell\/\">Filter f\u00fcr DUST-CABINET\u2122<\/a><\/span><\/p>\n<p>Ersatzteile f\u00fcr \u201eREF 1903\u201c, altes Modell:<br \/>\n\u2022 <a href=\"https:\/\/ronvig.com\/de\/vare\/dust-cabinet-lampe-alte-modell\/\"><span style=\"text-decoration: underline;\">DUST-CABINET\u2122 Lampe<\/span><\/a><br \/>\n\u2022 <a href=\"https:\/\/ronvig.com\/de\/vare\/filter-fuer-dust-cabinet-alte-modell\/\"><span style=\"text-decoration: underline;\">Filter f\u00fcr DUST-CABINET\u2122<\/span><\/a><\/p>\n<p>Ersatzteile, die sowohl zum neuen (REF 1905) als auch zum alten Modell (REF 1903) passen:<br \/>\n\u2022 <a href=\"https:\/\/ronvig.com\/de\/vare\/dust-cabinet-gummiabschirmung\/\"><span style=\"text-decoration: underline;\">DUST-CABINET\u2122 Gummiabschirmung<\/span><\/a><br \/>\n\u2022 <a href=\"https:\/\/ronvig.com\/de\/vare\/glasscheibe-fuer-dust-cabinet\/\"><span style=\"text-decoration: underline;\">Glasscheibe f\u00fcr DUST-CABINET\u2122<\/span><\/a><\/p>\n","protected":false},"excerpt":{"rendered":"<p>Mit einer leistungsstarken Lampe und einer elektronischen Absaugung.<\/p>\n","protected":false},"featured_media":14335,"template":"","meta":{"_acf_changed":false},"product_brand":[],"product_cat":[421,242],"product_tag":[],"class_list":{"0":"post-8192","1":"product","2":"type-product","3":"status-publish","4":"has-post-thumbnail","6":"product_cat-absaugbox-praeparation","7":"product_cat-praeparation-de","9":"first","10":"instock","11":"taxable","12":"shipping-taxable","13":"purchasable","14":"product-type-simple"},"acf":[],"yoast_head":"<!-- This site is optimized with the Yoast SEO plugin v27.2 - https:\/\/yoast.com\/product\/yoast-seo-wordpress\/ -->\n<title>STAUB-KABINETT Absaugbox - R\u00d8NVIG Dental Mfg. A\/S<\/title>\n<meta name=\"robots\" content=\"index, follow, max-snippet:-1, max-image-preview:large, max-video-preview:-1\" \/>\n<link rel=\"canonical\" href=\"https:\/\/ronvig.com\/de\/vare\/dento-prep-staub-kabinett-neues-modell\/\" \/>\n<meta property=\"og:locale\" content=\"de_DE\" \/>\n<meta property=\"og:type\" content=\"article\" \/>\n<meta property=\"og:title\" content=\"STAUB-KABINETT Absaugbox - R\u00d8NVIG Dental Mfg. A\/S\" \/>\n<meta property=\"og:description\" content=\"Mit einer leistungsstarken Lampe und einer elektronischen Absaugung.\" \/>\n<meta property=\"og:url\" content=\"https:\/\/ronvig.com\/de\/vare\/dento-prep-staub-kabinett-neues-modell\/\" \/>\n<meta property=\"og:site_name\" content=\"R\u00d8NVIG Dental Mfg. A\/S\" \/>\n<meta property=\"article:modified_time\" content=\"2026-03-25T08:51:57+00:00\" \/>\n<meta name=\"twitter:card\" content=\"summary_large_image\" \/>\n<meta name=\"twitter:label1\" content=\"Gesch\u00e4tzte Lesezeit\" \/>\n\t<meta name=\"twitter:data1\" content=\"1\u00a0Minute\" \/>\n<script type=\"application\/ld+json\" class=\"yoast-schema-graph\">{\"@context\":\"https:\/\/schema.org\",\"@graph\":[{\"@type\":\"WebPage\",\"@id\":\"https:\/\/ronvig.com\/de\/vare\/dento-prep-staub-kabinett-neues-modell\/\",\"url\":\"https:\/\/ronvig.com\/de\/vare\/dento-prep-staub-kabinett-neues-modell\/\",\"name\":\"STAUB-KABINETT Absaugbox - R\u00d8NVIG Dental Mfg. A\/S\",\"isPartOf\":{\"@id\":\"https:\/\/ronvig.com\/#website\"},\"primaryImageOfPage\":{\"@id\":\"https:\/\/ronvig.com\/de\/vare\/dento-prep-staub-kabinett-neues-modell\/#primaryimage\"},\"image\":{\"@id\":\"https:\/\/ronvig.com\/de\/vare\/dento-prep-staub-kabinett-neues-modell\/#primaryimage\"},\"thumbnailUrl\":\"https:\/\/ronvig.com\/wp-content\/uploads\/2024\/02\/Dust_Cabinet_1200x1200px.jpg\",\"datePublished\":\"2022-02-16T07:22:19+00:00\",\"dateModified\":\"2026-03-25T08:51:57+00:00\",\"breadcrumb\":{\"@id\":\"https:\/\/ronvig.com\/de\/vare\/dento-prep-staub-kabinett-neues-modell\/#breadcrumb\"},\"inLanguage\":\"de\",\"potentialAction\":[{\"@type\":\"ReadAction\",\"target\":[\"https:\/\/ronvig.com\/de\/vare\/dento-prep-staub-kabinett-neues-modell\/\"]}]},{\"@type\":\"ImageObject\",\"inLanguage\":\"de\",\"@id\":\"https:\/\/ronvig.com\/de\/vare\/dento-prep-staub-kabinett-neues-modell\/#primaryimage\",\"url\":\"https:\/\/ronvig.com\/wp-content\/uploads\/2024\/02\/Dust_Cabinet_1200x1200px.jpg\",\"contentUrl\":\"https:\/\/ronvig.com\/wp-content\/uploads\/2024\/02\/Dust_Cabinet_1200x1200px.jpg\",\"width\":1200,\"height\":1200},{\"@type\":\"BreadcrumbList\",\"@id\":\"https:\/\/ronvig.com\/de\/vare\/dento-prep-staub-kabinett-neues-modell\/#breadcrumb\",\"itemListElement\":[{\"@type\":\"ListItem\",\"position\":1,\"name\":\"Start\",\"item\":\"https:\/\/ronvig.com\/de\/\"},{\"@type\":\"ListItem\",\"position\":2,\"name\":\"Shop\",\"item\":\"https:\/\/ronvig.com\/de\/shop-2\/\"},{\"@type\":\"ListItem\",\"position\":3,\"name\":\"STAUB-KABINETT Absaugbox\"}]},{\"@type\":\"WebSite\",\"@id\":\"https:\/\/ronvig.com\/#website\",\"url\":\"https:\/\/ronvig.com\/\",\"name\":\"R\u00d8NVIG Dental Mfg. A\/S\",\"description\":\"Tandl\u00e6geudstyr\",\"publisher\":{\"@id\":\"https:\/\/ronvig.com\/#organization\"},\"potentialAction\":[{\"@type\":\"SearchAction\",\"target\":{\"@type\":\"EntryPoint\",\"urlTemplate\":\"https:\/\/ronvig.com\/?s={search_term_string}\"},\"query-input\":{\"@type\":\"PropertyValueSpecification\",\"valueRequired\":true,\"valueName\":\"search_term_string\"}}],\"inLanguage\":\"de\"},{\"@type\":\"Organization\",\"@id\":\"https:\/\/ronvig.com\/#organization\",\"name\":\"R\u00d8NVIG Dental Mfg. A\/S\",\"url\":\"https:\/\/ronvig.com\/\",\"logo\":{\"@type\":\"ImageObject\",\"inLanguage\":\"de\",\"@id\":\"https:\/\/ronvig.com\/#\/schema\/logo\/image\/\",\"url\":\"https:\/\/ronvig.com\/wp-content\/uploads\/2020\/12\/logo.svg\",\"contentUrl\":\"https:\/\/ronvig.com\/wp-content\/uploads\/2020\/12\/logo.svg\",\"width\":187.118,\"height\":30.03,\"caption\":\"R\u00d8NVIG Dental Mfg. A\/S\"},\"image\":{\"@id\":\"https:\/\/ronvig.com\/#\/schema\/logo\/image\/\"}}]}<\/script>\n<!-- \/ Yoast SEO plugin. -->","yoast_head_json":{"title":"STAUB-KABINETT Absaugbox - R\u00d8NVIG Dental Mfg. A\/S","robots":{"index":"index","follow":"follow","max-snippet":"max-snippet:-1","max-image-preview":"max-image-preview:large","max-video-preview":"max-video-preview:-1"},"canonical":"https:\/\/ronvig.com\/de\/vare\/dento-prep-staub-kabinett-neues-modell\/","og_locale":"de_DE","og_type":"article","og_title":"STAUB-KABINETT Absaugbox - R\u00d8NVIG Dental Mfg. A\/S","og_description":"Mit einer leistungsstarken Lampe und einer elektronischen Absaugung.","og_url":"https:\/\/ronvig.com\/de\/vare\/dento-prep-staub-kabinett-neues-modell\/","og_site_name":"R\u00d8NVIG Dental Mfg. A\/S","article_modified_time":"2026-03-25T08:51:57+00:00","twitter_card":"summary_large_image","twitter_misc":{"Gesch\u00e4tzte Lesezeit":"1\u00a0Minute"},"schema":{"@context":"https:\/\/schema.org","@graph":[{"@type":"WebPage","@id":"https:\/\/ronvig.com\/de\/vare\/dento-prep-staub-kabinett-neues-modell\/","url":"https:\/\/ronvig.com\/de\/vare\/dento-prep-staub-kabinett-neues-modell\/","name":"STAUB-KABINETT Absaugbox - R\u00d8NVIG Dental Mfg. A\/S","isPartOf":{"@id":"https:\/\/ronvig.com\/#website"},"primaryImageOfPage":{"@id":"https:\/\/ronvig.com\/de\/vare\/dento-prep-staub-kabinett-neues-modell\/#primaryimage"},"image":{"@id":"https:\/\/ronvig.com\/de\/vare\/dento-prep-staub-kabinett-neues-modell\/#primaryimage"},"thumbnailUrl":"https:\/\/ronvig.com\/wp-content\/uploads\/2024\/02\/Dust_Cabinet_1200x1200px.jpg","datePublished":"2022-02-16T07:22:19+00:00","dateModified":"2026-03-25T08:51:57+00:00","breadcrumb":{"@id":"https:\/\/ronvig.com\/de\/vare\/dento-prep-staub-kabinett-neues-modell\/#breadcrumb"},"inLanguage":"de","potentialAction":[{"@type":"ReadAction","target":["https:\/\/ronvig.com\/de\/vare\/dento-prep-staub-kabinett-neues-modell\/"]}]},{"@type":"ImageObject","inLanguage":"de","@id":"https:\/\/ronvig.com\/de\/vare\/dento-prep-staub-kabinett-neues-modell\/#primaryimage","url":"https:\/\/ronvig.com\/wp-content\/uploads\/2024\/02\/Dust_Cabinet_1200x1200px.jpg","contentUrl":"https:\/\/ronvig.com\/wp-content\/uploads\/2024\/02\/Dust_Cabinet_1200x1200px.jpg","width":1200,"height":1200},{"@type":"BreadcrumbList","@id":"https:\/\/ronvig.com\/de\/vare\/dento-prep-staub-kabinett-neues-modell\/#breadcrumb","itemListElement":[{"@type":"ListItem","position":1,"name":"Start","item":"https:\/\/ronvig.com\/de\/"},{"@type":"ListItem","position":2,"name":"Shop","item":"https:\/\/ronvig.com\/de\/shop-2\/"},{"@type":"ListItem","position":3,"name":"STAUB-KABINETT Absaugbox"}]},{"@type":"WebSite","@id":"https:\/\/ronvig.com\/#website","url":"https:\/\/ronvig.com\/","name":"R\u00d8NVIG Dental Mfg. A\/S","description":"Tandl\u00e6geudstyr","publisher":{"@id":"https:\/\/ronvig.com\/#organization"},"potentialAction":[{"@type":"SearchAction","target":{"@type":"EntryPoint","urlTemplate":"https:\/\/ronvig.com\/?s={search_term_string}"},"query-input":{"@type":"PropertyValueSpecification","valueRequired":true,"valueName":"search_term_string"}}],"inLanguage":"de"},{"@type":"Organization","@id":"https:\/\/ronvig.com\/#organization","name":"R\u00d8NVIG Dental Mfg. A\/S","url":"https:\/\/ronvig.com\/","logo":{"@type":"ImageObject","inLanguage":"de","@id":"https:\/\/ronvig.com\/#\/schema\/logo\/image\/","url":"https:\/\/ronvig.com\/wp-content\/uploads\/2020\/12\/logo.svg","contentUrl":"https:\/\/ronvig.com\/wp-content\/uploads\/2020\/12\/logo.svg","width":187.118,"height":30.03,"caption":"R\u00d8NVIG Dental Mfg. A\/S"},"image":{"@id":"https:\/\/ronvig.com\/#\/schema\/logo\/image\/"}}]}},"_links":{"self":[{"href":"https:\/\/ronvig.com\/de\/wp-json\/wp\/v2\/product\/8192","targetHints":{"allow":["GET"]}}],"collection":[{"href":"https:\/\/ronvig.com\/de\/wp-json\/wp\/v2\/product"}],"about":[{"href":"https:\/\/ronvig.com\/de\/wp-json\/wp\/v2\/types\/product"}],"wp:featuredmedia":[{"embeddable":true,"href":"https:\/\/ronvig.com\/de\/wp-json\/wp\/v2\/media\/14335"}],"wp:attachment":[{"href":"https:\/\/ronvig.com\/de\/wp-json\/wp\/v2\/media?parent=8192"}],"wp:term":[{"taxonomy":"product_brand","embeddable":true,"href":"https:\/\/ronvig.com\/de\/wp-json\/wp\/v2\/product_brand?post=8192"},{"taxonomy":"product_cat","embeddable":true,"href":"https:\/\/ronvig.com\/de\/wp-json\/wp\/v2\/product_cat?post=8192"},{"taxonomy":"product_tag","embeddable":true,"href":"https:\/\/ronvig.com\/de\/wp-json\/wp\/v2\/product_tag?post=8192"}],"curies":[{"name":"wp","href":"https:\/\/api.w.org\/{rel}","templated":true}]}}